{"id":12198,"date":"2024-04-17T09:35:08","date_gmt":"2024-04-17T09:35:08","guid":{"rendered":"https:\/\/eisolutions.ca\/high-temp-desiccant-technology\/"},"modified":"2025-07-18T12:15:54","modified_gmt":"2025-07-18T12:15:54","slug":"technologie-de-deshydratation-a-haute-temperature","status":"publish","type":"page","link":"https:\/\/eisolutions.ca\/fr\/technologie-de-deshydratation-a-haute-temperature\/","title":{"rendered":"Technologie De D\u00e9shydratation \u00c0 Haute Temp\u00e9rature"},"content":{"rendered":"<div class=\"vc-custom-col-spacing clearfix vc-col-spacing-30\"><section class=\"wpb_row vc_row-fluid row-content-position-Default\"><div class=\"bauer-container\"><div class=\"row-inner clearfix\"><div class=\"wpb_column vc_column_container vc_col-sm-12\"><div class=\"vc_column-inner\"><div class=\"wpb_wrapper\">\r\n\t<div class=\"bauer-spacer clearfix\" data-desktop=\"94\" data-mobi=\"60\" data-smobi=\"60\"><\/div><h2 style=\"font-size: 42px;color: #373680;line-height: 50px;text-align: left\" class=\"vc_custom_heading\" >Technologie De D\u00e9shydratation \u00c0 Haute Temp\u00e9rature<\/h2>\n\t<div class=\"wpb_text_column wpb_content_element\" >\n\t\t<div class=\"wpb_wrapper\">\n\t\t\t<p><span style=\"font-weight: 400;\">La technologie du dessiccant \u00e0 haute temp\u00e9rature fonctionne en utilisant un mat\u00e9riau dessiccant pour adsorber l\u2019humidit\u00e9 de l\u2019air \u00e0 des temp\u00e9ratures \u00e9lev\u00e9es. Il offre une solution efficace et efficace pour le contr\u00f4le de l\u2019humidit\u00e9 dans les applications o\u00f9 des temp\u00e9ratures \u00e9lev\u00e9es sont pr\u00e9sentes. En permettant l\u2019adsorption de l\u2019humidit\u00e9 \u00e0 haute temp\u00e9rature, ces syst\u00e8mes assurent une \u00e9limination fiable de l\u2019humidit\u00e9 tout en minimisant la consommation d\u2019\u00e9nergie et les co\u00fbts d\u2019exploitation.<\/span><\/p>\n\n\t\t<\/div>\n\t<\/div>\n<\/div><\/div><\/div><\/div><\/div><\/section><\/div><div class=\"vc-custom-col-spacing clearfix vc-col-spacing-30\"><section class=\"wpb_row vc_row-fluid vc_custom_1712238140618 row-content-position-Default\"><div class=\"bauer-container\"><div class=\"row-inner clearfix\"><div class=\"wpb_column vc_column_container vc_col-sm-12\"><div class=\"vc_column-inner\"><div class=\"wpb_wrapper\"><div class=\"bauer-simple-image text-center\" style=\"\" >\r\n\t\t\t<img alt=\"image\" data-src=\"https:\/\/eisolutions.ca\/wp-content\/uploads\/2024\/04\/how-3-2.jpg\" src=\"data:image\/gif;base64,R0lGODlhAQABAAAAACH5BAEKAAEALAAAAAABAAEAAAICTAEAOw==\" class=\"lazyload\" style=\"--smush-placeholder-width: 1414px; --smush-placeholder-aspect-ratio: 1414\/408;\" \/> \r\n\t\t<\/div><\/div><\/div><\/div><\/div><\/div><\/section><\/div><div class=\"vc-custom-col-spacing clearfix vc-col-spacing-30\"><section class=\"wpb_row vc_row-fluid vc_custom_1713338326540 vc_row-has-fill row-content-position-Default\"><div class=\"bauer-container\"><div class=\"row-inner clearfix\"><div class=\"wpb_column vc_column_container vc_col-sm-12\"><div class=\"vc_column-inner\"><div class=\"wpb_wrapper\"><h2 style=\"font-size: 42px;color: #ffffff;text-align: left\" class=\"vc_custom_heading vc_custom_1752840335839\" >Voici comment cela fonctionne<\/h2>\n\t<div class=\"wpb_text_column wpb_content_element  vc_custom_1752840491300\" >\n\t\t<div class=\"wpb_wrapper\">\n\t\t\t<p style=\"text-align: left; color: #ffffff;\"><strong>ADSORPTION DE L\u2019HUMIDIT\u00c9<\/strong><\/p>\n<ul>\n<li style=\"text-align: left; color: #ffffff; list-style-type: disclosure-closed;\">Le processus commence par l\u2019absorption d\u2019air ambiant de l\u2019environnement environnant, qui contient g\u00e9n\u00e9ralement de l\u2019humidit\u00e9 sous forme d\u2019humidit\u00e9.<\/li>\n<li style=\"text-align: left; color: #ffffff; list-style-type: disclosure-closed;\">L\u2019air entrant est dirig\u00e9 par une roue ou un rotor d\u00e9shydratant, qui contient un mat\u00e9riau dessiccant comme du gel de silice ou un tamis mol\u00e9culaire.<\/li>\n<li style=\"text-align: left; color: #ffffff; list-style-type: disclosure-closed;\">Dans les syst\u00e8mes d\u00e9shydratants \u00e0 haute temp\u00e9rature, le mat\u00e9riau d\u00e9shydratant est capable d\u2019adsorber l\u2019humidit\u00e9 de l\u2019air m\u00eame \u00e0 des temp\u00e9ratures \u00e9lev\u00e9es.<\/li>\n<li style=\"text-align: left; color: #ffffff; list-style-type: disclosure-closed;\">Le mat\u00e9riau dessiccant a une grande affinit\u00e9 pour l\u2019humidit\u00e9, ce qui lui permet d\u2019adsorber la vapeur d\u2019eau de l\u2019air entrant lorsqu\u2019il passe dans la roue.<\/li>\n<li style=\"text-align: left; color: #ffffff; list-style-type: disclosure-closed;\">Par cons\u00e9quent, la teneur en humidit\u00e9 de l\u2019air est consid\u00e9rablement r\u00e9duite, ce qui entra\u00eene une baisse des niveaux d\u2019humidit\u00e9 dans l\u2019espace climatis\u00e9.<\/li>\n<\/ul>\n\n\t\t<\/div>\n\t<\/div>\n<\/div><\/div><\/div><\/div><\/div><\/section><\/div><div class=\"vc-custom-col-spacing clearfix vc-col-spacing-30\"><section class=\"wpb_row vc_row-fluid vc_custom_1713338377781 vc_row-has-fill row-content-position-Default\"><div class=\"bauer-container\"><div class=\"row-inner clearfix\"><div class=\"wpb_column vc_column_container vc_col-sm-12\"><div class=\"vc_column-inner\"><div class=\"wpb_wrapper\">\n\t<div class=\"wpb_text_column wpb_content_element  vc_custom_1752840546254\" >\n\t\t<div class=\"wpb_wrapper\">\n\t\t\t<p style=\"text-align: left; color: #ffffff;\"><strong>R\u00c9G\u00c9N\u00c9RATION DU DESSICCANT<\/strong><\/p>\n<ul>\n<li style=\"text-align: left; color: #ffffff; list-style-type: disclosure-closed;\">Avec le temps, le mat\u00e9riau dessiccant dans la meule devient satur\u00e9 d\u2019humidit\u00e9 et doit \u00eatre r\u00e9g\u00e9n\u00e9r\u00e9 pour maintenir son efficacit\u00e9.<\/li>\n<li style=\"text-align: left; color: #ffffff; list-style-type: disclosure-closed;\">La r\u00e9g\u00e9n\u00e9ration du dessiccant est g\u00e9n\u00e9ralement obtenue en exposant le dessiccant satur\u00e9 \u00e0 la chaleur. Dans les syst\u00e8mes de d\u00e9shydratation \u00e0 haute temp\u00e9rature, cette chaleur est fournie par divers moyens, tels que les br\u00fbleurs au gaz naturel, les appareils de chauffage \u00e0 r\u00e9sistance \u00e9lectrique ou la chaleur r\u00e9siduelle provenant d\u2019autres proc\u00e9d\u00e9s.<\/li>\n<li style=\"text-align: left; color: #ffffff; list-style-type: disclosure-closed;\">La source de chaleur augmente la temp\u00e9rature du mat\u00e9riau dessiccant, ce qui provoque l\u2019\u00e9vaporation de l\u2019humidit\u00e9 absorb\u00e9e et le dessiccation du dessiccant.<\/li>\n<li style=\"text-align: left; color: #ffffff; list-style-type: disclosure-closed;\">Le dessiccant r\u00e9g\u00e9n\u00e9r\u00e9 est alors pr\u00eat pour le prochain cycle d\u2019\u00e9limination de l\u2019humidit\u00e9.<\/li>\n<\/ul>\n\n\t\t<\/div>\n\t<\/div>\n<\/div><\/div><\/div><\/div><\/div><\/section><\/div><div class=\"vc-custom-col-spacing clearfix vc-col-spacing-30\"><section class=\"wpb_row vc_row-fluid vc_custom_1713338708759 vc_row-has-fill row-content-position-Default\"><div class=\"bauer-container\"><div class=\"row-inner clearfix\"><div class=\"wpb_column vc_column_container vc_col-sm-12\"><div class=\"vc_column-inner\"><div class=\"wpb_wrapper\">\n\t<div class=\"wpb_text_column wpb_content_element  vc_custom_1752840583701\" >\n\t\t<div class=\"wpb_wrapper\">\n\t\t\t<p style=\"text-align: left; color: #ffffff;\"><strong>\u00c9VACUATION DE L\u2019AIR CHARG\u00c9 D\u2019HUMIDIT\u00c9<\/strong><\/p>\n<ul>\n<li style=\"text-align: left; color: #ffffff; list-style-type: disclosure-closed;\">Au cours du processus de r\u00e9g\u00e9n\u00e9ration, l\u2019air charg\u00e9 d\u2019humidit\u00e9 produit par l\u2019\u00e9vaporation de l\u2019humidit\u00e9 du mat\u00e9riau dessiccant est \u00e9vacu\u00e9 du syst\u00e8me.<\/li>\n<li style=\"text-align: left; color: #ffffff; list-style-type: disclosure-closed;\">L\u2019air \u00e9vacu\u00e9 peut \u00eatre \u00e9vacu\u00e9 \u00e0 l\u2019ext\u00e9rieur de l\u2019espace climatis\u00e9 ou utilis\u00e9 \u00e0 d\u2019autres fins, selon la conception et l\u2019application du syst\u00e8me.<\/li>\n<\/ul>\n\n\t\t<\/div>\n\t<\/div>\n<\/div><\/div><\/div><\/div><\/div><\/section><\/div><div class=\"vc-custom-col-spacing clearfix vc-col-spacing-30\"><section class=\"wpb_row vc_row-fluid vc_custom_1713338923418 vc_row-has-fill row-content-position-Default\"><div class=\"bauer-container\"><div class=\"row-inner clearfix\"><div class=\"wpb_column vc_column_container vc_col-sm-12\"><div class=\"vc_column-inner\"><div class=\"wpb_wrapper\">\n\t<div class=\"wpb_text_column wpb_content_element  vc_custom_1752840630221\" >\n\t\t<div class=\"wpb_wrapper\">\n\t\t\t<p style=\"text-align: left; color: #ffffff;\"><strong>CONTR\u00d4LE ET SURVEILLANCE<br \/>\n<\/strong><\/p>\n<ul>\n<li style=\"text-align: left; color: #ffffff; list-style-type: disclosure-closed;\">Les syst\u00e8mes de dessiccation \u00e0 haute temp\u00e9rature sont \u00e9quip\u00e9s de commandes et de capteurs pour surveiller et r\u00e9guler le fonctionnement du syst\u00e8me.<\/li>\n<li style=\"text-align: left; color: #ffffff; list-style-type: disclosure-closed;\">Ces contr\u00f4les permettent de s\u2019assurer que le processus de r\u00e9g\u00e9n\u00e9ration du dessiccant se d\u00e9roule aux moments et aux temp\u00e9ratures appropri\u00e9s pour maintenir un rendement et une efficacit\u00e9 optimaux du syst\u00e8me.<\/li>\n<li style=\"text-align: left; color: #ffffff; list-style-type: disclosure-closed;\">De plus, le syst\u00e8me peut \u00eatre int\u00e9gr\u00e9 \u00e0 des syst\u00e8mes d\u2019automatisation des b\u00e2timents (BAS) ou \u00e0 d\u2019autres syst\u00e8mes de contr\u00f4le pour coordonner le fonctionnement avec d\u2019autres \u00e9quipements CVC et maintenir les conditions int\u00e9rieures souhait\u00e9es.<\/li>\n<\/ul>\n\n\t\t<\/div>\n\t<\/div>\n<\/div><\/div><\/div><\/div><\/div><\/section><\/div><div class=\"vc-custom-col-spacing clearfix vc-col-spacing-30\"><section class=\"wpb_row vc_row-fluid vc_custom_1714123921869 row-content-position-Default\"><div class=\"bauer-container\"><div class=\"row-inner clearfix\"><div class=\"wpb_column vc_column_container vc_col-sm-12\"><div class=\"vc_column-inner\"><div class=\"wpb_wrapper\"><div class=\"bauer-simple-image text-center\" style=\"\" >\r\n\t\t\t<img alt=\"image\" data-src=\"https:\/\/eisolutions.ca\/wp-content\/uploads\/2024\/04\/A-Series-Dessicant-Dehumidification-Illustration.jpg\" src=\"data:image\/gif;base64,R0lGODlhAQABAAAAACH5BAEKAAEALAAAAAABAAEAAAICTAEAOw==\" class=\"lazyload\" style=\"--smush-placeholder-width: 1415px; --smush-placeholder-aspect-ratio: 1415\/885;\" \/> \r\n\t\t<\/div>\n\t<div class=\"wpb_text_column wpb_content_element  vc_custom_1752840757036\" >\n\t\t<div class=\"wpb_wrapper\">\n\t\t\t<p style=\"text-align: left;\"><span style=\"font-weight: 400;\">La s\u00e9rie A offre une capacit\u00e9 maximale d\u2019\u00e9limination de l\u2019humidit\u00e9 en int\u00e9grant la roue d\u00e9shydratante active de 200 mm ou de 400 mm de profondeur, plus \u00e9conome en \u00e9nergie. La roue de 400 mm de profondeur offre une meilleure efficacit\u00e9 d\u2019\u00e9limination de l\u2019humidit\u00e9 tout en transf\u00e9rant moins de chaleur ind\u00e9sirable dans l\u2019air souffl\u00e9. Une meilleure efficacit\u00e9 se traduit par des \u00e9conomies d\u2019\u00e9nergie et des co\u00fbts d\u2019exploitation r\u00e9duits.<\/span><\/p>\n<p style=\"text-align: left;\"><span style=\"font-weight: 400;\">La gamme de produits EI Solutions A-Series est disponible dans une large gamme de tailles standard et pr\u00e9fabriqu\u00e9es. Toutes les unit\u00e9s sont con\u00e7ues pour faciliter l\u2019entretien. Les portes d\u2019acc\u00e8s sont situ\u00e9es en amont et en aval de toutes les composantes principales.<\/span><\/p>\n\n\t\t<\/div>\n\t<\/div>\n<\/div><\/div><\/div><\/div><\/div><\/section><\/div><div class=\"vc-custom-col-spacing clearfix vc-col-spacing-30\"><section class=\"wpb_row vc_row-fluid vc_custom_1714123788734 vc_row-has-fill row-content-position-Default\"><div class=\"bauer-container\"><div class=\"row-inner clearfix\"><div class=\"wpb_column vc_column_container vc_col-sm-12\"><div class=\"vc_column-inner\"><div class=\"wpb_wrapper\"><h2 style=\"font-size: 42px;color: #373680;text-align: left\" class=\"vc_custom_heading\" >Options<\/h2><\/div><\/div><\/div><\/div><\/div><\/section><\/div><div class=\"vc-custom-col-spacing clearfix vc-col-spacing-30\"><section class=\"wpb_row vc_row-fluid vc_custom_1714123797402 vc_row-has-fill row-content-position-Default\"><div class=\"bauer-container\"><div class=\"row-inner clearfix\"><div class=\"wpb_column vc_column_container vc_col-sm-2\"><div class=\"vc_column-inner\"><div class=\"wpb_wrapper\">\n\t<div class=\"wpb_text_column wpb_content_element  vc_custom_1752840771670\" >\n\t\t<div class=\"wpb_wrapper\">\n\t\t\t<ul>\n<li style=\"text-align: left; list-style-type: disclosure-closed;\"><span style=\"font-weight: 400;\">Mises \u00e0 niveau des filtres<\/span><\/li>\n<\/ul>\n\n\t\t<\/div>\n\t<\/div>\n<\/div><\/div><\/div><div class=\"wpb_column vc_column_container vc_col-sm-3\"><div class=\"vc_column-inner\"><div class=\"wpb_wrapper\">\n\t<div class=\"wpb_text_column wpb_content_element  vc_custom_1752840782357\" >\n\t\t<div class=\"wpb_wrapper\">\n\t\t\t<ul>\n<li style=\"text-align: left; list-style-type: disclosure-closed;\"><span style=\"font-weight: 400;\">Module de r\u00e9cup\u00e9ration d\u2019\u00e9nergie<\/span><\/li>\n<\/ul>\n\n\t\t<\/div>\n\t<\/div>\n<\/div><\/div><\/div><div class=\"wpb_column vc_column_container vc_col-sm-3\"><div class=\"vc_column-inner\"><div class=\"wpb_wrapper\">\n\t<div class=\"wpb_text_column wpb_content_element  vc_custom_1752840793062\" >\n\t\t<div class=\"wpb_wrapper\">\n\t\t\t<ul>\n<li style=\"text-align: left; list-style-type: disclosure-closed;\"><span style=\"font-weight: 400;\">Modules de refroidissement et de chauffage int\u00e9gr\u00e9s<\/span><\/li>\n<\/ul>\n\n\t\t<\/div>\n\t<\/div>\n<\/div><\/div><\/div><div class=\"wpb_column vc_column_container vc_col-sm-4\"><div class=\"vc_column-inner\"><div class=\"wpb_wrapper\">\n\t<div class=\"wpb_text_column wpb_content_element  vc_custom_1752840807326\" >\n\t\t<div class=\"wpb_wrapper\">\n\t\t\t<ul>\n<li style=\"text-align: left; list-style-type: disclosure-closed;\"><span style=\"font-weight: 400;\">Construction en acier galvanis\u00e9 peint ou en aluminium<\/span><\/li>\n<\/ul>\n\n\t\t<\/div>\n\t<\/div>\n<\/div><\/div><\/div><\/div><\/div><\/section><\/div><div class=\"vc-custom-col-spacing clearfix vc-col-spacing-30\"><section class=\"wpb_row vc_row-fluid vc_custom_1714123863035 vc_row-has-fill row-content-position-Default\"><div class=\"bauer-container\"><div class=\"row-inner clearfix\"><div class=\"wpb_column vc_column_container vc_col-sm-12\"><div class=\"vc_column-inner\"><div class=\"wpb_wrapper\"><div class=\"bauer-simple-image text-center\" style=\"max-width:1000px;margin-left: auto; margin-right: auto;\" >\r\n\t\t\t<img alt=\"image\" data-src=\"https:\/\/eisolutions.ca\/wp-content\/uploads\/2024\/04\/FreeDry-Series-Graph-2.jpg\" src=\"data:image\/gif;base64,R0lGODlhAQABAAAAACH5BAEKAAEALAAAAAABAAEAAAICTAEAOw==\" class=\"lazyload\" style=\"--smush-placeholder-width: 1166px; --smush-placeholder-aspect-ratio: 1166\/600;\" \/> \r\n\t\t<\/div><\/div><\/div><\/div><\/div><\/div><\/section><\/div><div class=\"vc-custom-col-spacing clearfix vc-col-spacing-30\"><section class=\"wpb_row vc_row-fluid vc_custom_1714123806624 row-content-position-Default\"><div class=\"bauer-container\"><div class=\"row-inner clearfix\"><div class=\"wpb_column vc_column_container vc_col-sm-12\"><div class=\"vc_column-inner\"><div class=\"wpb_wrapper\"><h2 style=\"font-size: 42px;color: #373680;text-align: left\" class=\"vc_custom_heading\" >Applications<\/h2><div class=\"bauer-simple-image text-center\" style=\"\" >\r\n\t\t\t<img alt=\"image\" data-src=\"https:\/\/eisolutions.ca\/wp-content\/uploads\/2024\/04\/how-3-3.jpg\" src=\"data:image\/gif;base64,R0lGODlhAQABAAAAACH5BAEKAAEALAAAAAABAAEAAAICTAEAOw==\" class=\"lazyload\" style=\"--smush-placeholder-width: 1415px; --smush-placeholder-aspect-ratio: 1415\/448;\" \/> \r\n\t\t<\/div>\n\t<div class=\"wpb_text_column wpb_content_element  vc_custom_1752840924110\" >\n\t\t<div class=\"wpb_wrapper\">\n\t\t\t<p><span style=\"font-weight: 400;\">Les syst\u00e8mes d\u00e9shydratants \u00e0 haute temp\u00e9rature sont utilis\u00e9s dans des applications o\u00f9 des temp\u00e9ratures \u00e9lev\u00e9es sont pr\u00e9sentes, comme les proc\u00e9d\u00e9s industriels, les installations de fabrication et certains b\u00e2timents commerciaux.<\/span><\/p>\n\n\t\t<\/div>\n\t<\/div>\n<\/div><\/div><\/div><\/div><\/div><\/section><\/div><div class=\"vc-custom-col-spacing clearfix vc-col-spacing-30\"><section class=\"wpb_row vc_row-fluid vc_custom_1713339537841 vc_row-has-fill row-content-position-Default\"><div class=\"bauer-container\"><div class=\"row-inner clearfix\"><div class=\"wpb_column vc_column_container vc_col-sm-12\"><div class=\"vc_column-inner\"><div class=\"wpb_wrapper\"><h2 style=\"font-size: 42px;color: #ffffff;text-align: left\" class=\"vc_custom_heading\" >Avantages<\/h2><\/div><\/div><\/div><\/div><\/div><\/section><\/div><div class=\"vc-custom-col-spacing clearfix vc-col-spacing-30\"><section class=\"wpb_row vc_row-fluid vc_custom_1713339732167 vc_row-has-fill row-content-position-Default\"><div class=\"bauer-container\"><div class=\"row-inner clearfix\"><div class=\"wpb_column vc_column_container vc_col-sm-9\"><div class=\"vc_column-inner\"><div class=\"wpb_wrapper\"><div class=\"bauer-simple-image text-center\" style=\"\" >\r\n\t\t\t<img alt=\"image\" data-src=\"https:\/\/eisolutions.ca\/wp-content\/uploads\/2024\/04\/how-3-4.jpg\" src=\"data:image\/gif;base64,R0lGODlhAQABAAAAACH5BAEKAAEALAAAAAABAAEAAAICTAEAOw==\" class=\"lazyload\" style=\"--smush-placeholder-width: 1076px; --smush-placeholder-aspect-ratio: 1076\/448;\" \/> \r\n\t\t<\/div><\/div><\/div><\/div><div class=\"wpb_column vc_column_container vc_col-sm-3\"><div class=\"vc_column-inner\"><div class=\"wpb_wrapper\">\n\t<div class=\"wpb_text_column wpb_content_element  vc_custom_1752840951660\" >\n\t\t<div class=\"wpb_wrapper\">\n\t\t\t<p style=\"color: #ffffff;\">La technologie de d\u00e9shydratation \u00e0 haute temp\u00e9rature offre une efficacit\u00e9 efficace l\u2019\u00e9limination de l\u2019humidit\u00e9 dans les environnements \u00e0 temp\u00e9ratures plus \u00e9lev\u00e9es, ce qui permet un contr\u00f4le efficace de l\u2019humidit\u00e9 et des \u00e9conomies d\u2019\u00e9nergie dans des applications sp\u00e9cifiques.<\/p>\n\n\t\t<\/div>\n\t<\/div>\n<\/div><\/div><\/div><\/div><\/div><\/section><\/div>","protected":false},"excerpt":{"rendered":"Technologie De D\u00e9shydratation \u00c0 Haute Temp\u00e9rature La technologie du dessiccant \u00e0 haute temp\u00e9rature fonctionne en utilisant un mat\u00e9riau dessiccant pour adsorber l\u2019humidit\u00e9 de l\u2019air \u00e0 des temp\u00e9ratures \u00e9lev\u00e9es. Il offre une solution efficace et efficace pour le contr\u00f4le de l\u2019humidit\u00e9 dans les applications o\u00f9 des temp\u00e9ratures \u00e9lev\u00e9es sont pr\u00e9sentes. En","protected":false},"author":1,"featured_media":0,"parent":0,"menu_order":0,"comment_status":"closed","ping_status":"closed","template":"","meta":[],"_links":{"self":[{"href":"https:\/\/eisolutions.ca\/fr\/wp-json\/wp\/v2\/pages\/12198"}],"collection":[{"href":"https:\/\/eisolutions.ca\/fr\/wp-json\/wp\/v2\/pages"}],"about":[{"href":"https:\/\/eisolutions.ca\/fr\/wp-json\/wp\/v2\/types\/page"}],"author":[{"embeddable":true,"href":"https:\/\/eisolutions.ca\/fr\/wp-json\/wp\/v2\/users\/1"}],"replies":[{"embeddable":true,"href":"https:\/\/eisolutions.ca\/fr\/wp-json\/wp\/v2\/comments?post=12198"}],"version-history":[{"count":0,"href":"https:\/\/eisolutions.ca\/fr\/wp-json\/wp\/v2\/pages\/12198\/revisions"}],"wp:attachment":[{"href":"https:\/\/eisolutions.ca\/fr\/wp-json\/wp\/v2\/media?parent=12198"}],"curies":[{"name":"wp","href":"https:\/\/api.w.org\/{rel}","templated":true}]}}