{"id":12191,"date":"2024-04-04T14:48:06","date_gmt":"2024-04-04T14:48:06","guid":{"rendered":"https:\/\/eisolutions.ca\/industrial\/"},"modified":"2025-07-18T12:18:48","modified_gmt":"2025-07-18T12:18:48","slug":"industriel","status":"publish","type":"page","link":"https:\/\/eisolutions.ca\/fr\/industriel\/","title":{"rendered":"Industriel"},"content":{"rendered":"<div class=\"vc-custom-col-spacing clearfix vc-col-spacing-30\"><section class=\"wpb_row vc_row-fluid row-content-position-Default\"><div class=\"bauer-container\"><div class=\"row-inner clearfix\"><div class=\"wpb_column vc_column_container vc_col-sm-12\"><div class=\"vc_column-inner\"><div class=\"wpb_wrapper\">\r\n\t<div class=\"bauer-spacer clearfix\" data-desktop=\"94\" data-mobi=\"60\" data-smobi=\"60\"><\/div><h2 style=\"font-size: 42px;color: #373680;line-height: 50px;text-align: left\" class=\"vc_custom_heading\" >Industriel<\/h2>\n\t<div class=\"wpb_text_column wpb_content_element\" >\n\t\t<div class=\"wpb_wrapper\">\n\t\t\t<p><span style=\"font-weight: 400;\">EI Solutions se sp\u00e9cialise dans la fourniture de solutions innovantes pour le contr\u00f4le de l\u2019humidit\u00e9 et la gestion de la qualit\u00e9 de l\u2019air dans le secteur industriel. Forte d\u2019une vaste exp\u00e9rience et d\u2019une expertise en mati\u00e8re de technologie de d\u00e9shumidification par adsorption, EI Solutions offre des solutions sur mesure pour r\u00e9pondre aux besoins uniques des installations industrielles.<\/span><\/p>\n\n\t\t<\/div>\n\t<\/div>\n<\/div><\/div><\/div><\/div><\/div><\/section><\/div><div class=\"vc-custom-col-spacing clearfix vc-col-spacing-30\"><section class=\"wpb_row vc_row-fluid vc_custom_1712238140618 row-content-position-Default\"><div class=\"bauer-container\"><div class=\"row-inner clearfix\"><div class=\"wpb_column vc_column_container vc_col-sm-9\"><div class=\"vc_column-inner\"><div class=\"wpb_wrapper\"><div class=\"bauer-simple-image text-center\" style=\"\" >\r\n\t\t\t<img alt=\"image\" data-src=\"https:\/\/eisolutions.ca\/wp-content\/uploads\/2024\/04\/id-banner-1-1.jpg\" src=\"data:image\/gif;base64,R0lGODlhAQABAAAAACH5BAEKAAEALAAAAAABAAEAAAICTAEAOw==\" class=\"lazyload\" style=\"--smush-placeholder-width: 1107px; --smush-placeholder-aspect-ratio: 1107\/420;\" \/> \r\n\t\t<\/div><\/div><\/div><\/div><div class=\"wpb_column vc_column_container vc_col-sm-3\"><div class=\"vc_column-inner\"><div class=\"wpb_wrapper\">\n\t<div class=\"wpb_text_column wpb_content_element\" >\n\t\t<div class=\"wpb_wrapper\">\n\t\t\t<p style=\"text-align: left; color: #000000;\"><span style=\"font-weight: 400;\">L\u2019industrie industrielle englobe un large \u00e9ventail de secteurs, chacun ayant des exigences uniques en mati\u00e8re de qualit\u00e9 de l\u2019air int\u00e9rieur (QAI), de contr\u00f4le de l\u2019humidit\u00e9 et d\u2019efficacit\u00e9 \u00e9nerg\u00e9tique.<\/span><\/p>\n<p style=\"text-align: left; color: #000000;\"><span style=\"font-weight: 400;\">Voici comment les technologies de Solutions d\u2019assurance-emploi sont utilis\u00e9es dans divers secteurs industriels et comment elles contribuent \u00e0 am\u00e9liorer les op\u00e9rations :<\/span><\/p>\n\n\t\t<\/div>\n\t<\/div>\n<\/div><\/div><\/div><\/div><\/div><\/section><\/div><div class=\"vc-custom-col-spacing clearfix vc-col-spacing-30\"><section class=\"wpb_row vc_row-fluid vc_custom_1712242908650 vc_row-has-fill row-content-position-Default\"><div class=\"bauer-container\"><div class=\"row-inner clearfix\"><div class=\"wpb_column vc_column_container vc_col-sm-12\"><div class=\"vc_column-inner\"><div class=\"wpb_wrapper\">\n\t<div class=\"wpb_text_column wpb_content_element  vc_custom_1752840439895\" >\n\t\t<div class=\"wpb_wrapper\">\n\t\t\t<p><span style=\"font-weight: 400;\"><strong><span style=\"text-align: left; color: #373680;\">INSTALLATIONS DE FABRICATION<\/span><\/strong><\/span><\/p>\n<p><span style=\"font-weight: 400;\">Les installations de fabrication ont souvent des besoins \u00e9lev\u00e9s en mati\u00e8re de ventilation pour maintenir la QAI et \u00e9liminer les polluants g\u00e9n\u00e9r\u00e9s pendant les processus de production. Les syst\u00e8mes ERV sont couramment utilis\u00e9s dans les installations de fabrication pour fournir de l\u2019air frais tout en r\u00e9cup\u00e9rant l\u2019\u00e9nergie du flux d\u2019air \u00e9vacu\u00e9. Cela permet de r\u00e9duire la charge de travail des syst\u00e8mes CVC et de r\u00e9duire les co\u00fbts \u00e9nerg\u00e9tiques. Les syst\u00e8mes DAHU sont utilis\u00e9s pour contr\u00f4ler les niveaux d\u2019humidit\u00e9, ce qui est crucial pour pr\u00e9server la qualit\u00e9 du produit et pr\u00e9venir la corrosion de l\u2019\u00e9quipement. La technologie Free Dry peut \u00eatre int\u00e9gr\u00e9e aux syst\u00e8mes de d\u00e9shumidification pour utiliser la chaleur r\u00e9siduelle des processus de fabrication pour la r\u00e9g\u00e9n\u00e9ration des d\u00e9shydratants, r\u00e9duisant ainsi la consommation d\u2019\u00e9nergie. Les syst\u00e8mes DHP offrent un contr\u00f4le pr\u00e9cis de l\u2019humidit\u00e9 et une r\u00e9gulation de la temp\u00e9rature, assurant des conditions optimales pour les processus de fabrication et la qualit\u00e9 des produits.<\/span><\/p>\n\n\t\t<\/div>\n\t<\/div>\n<div class=\"bauer-simple-image text-center\" style=\"\" >\r\n\t\t\t<img alt=\"image\" data-src=\"https:\/\/eisolutions.ca\/wp-content\/uploads\/2024\/04\/id-banner-2.jpg\" src=\"data:image\/gif;base64,R0lGODlhAQABAAAAACH5BAEKAAEALAAAAAABAAEAAAICTAEAOw==\" class=\"lazyload\" style=\"--smush-placeholder-width: 1407px; --smush-placeholder-aspect-ratio: 1407\/446;\" \/> \r\n\t\t<\/div>\n\t<div class=\"wpb_text_column wpb_content_element  vc_custom_1752840319187\" >\n\t\t<div class=\"wpb_wrapper\">\n\t\t\t<p><strong><span style=\"text-align: left; color: #373680;\">USINES DE TRANSFORMATION DES ALIMENTS<\/span><\/strong><\/p>\n<p><span style=\"font-weight: 400;\">Les usines de transformation des aliments ont besoin d\u2019un contr\u00f4le rigoureux des niveaux d\u2019humidit\u00e9 pour maintenir la qualit\u00e9 des produits, pr\u00e9venir la croissance microbienne et se conformer aux r\u00e8glements sur la salubrit\u00e9 des aliments. Les syst\u00e8mes ERV aident \u00e0 fournir de l\u2019air frais tout en r\u00e9cup\u00e9rant l\u2019\u00e9nergie, r\u00e9duisant ainsi les co\u00fbts \u00e9nerg\u00e9tiques associ\u00e9s \u00e0 la ventilation. Les syst\u00e8mes DAHU sont utilis\u00e9s pour contr\u00f4ler les niveaux d\u2019humidit\u00e9 dans les aires de transformation, les installations d\u2019entreposage et les zones d\u2019emballage, garantissant ainsi que les produits alimentaires restent frais et s\u00fbrs pour la consommation. La technologie Free Dry peut \u00eatre int\u00e9gr\u00e9e aux syst\u00e8mes de d\u00e9shumidification pour utiliser la chaleur r\u00e9siduelle des processus de r\u00e9frig\u00e9ration pour la r\u00e9g\u00e9n\u00e9ration des dessiccants, am\u00e9liorant ainsi l\u2019efficacit\u00e9 \u00e9nerg\u00e9tique. Les syst\u00e8mes DHP offrent un contr\u00f4le pr\u00e9cis de l\u2019humidit\u00e9 et de la temp\u00e9rature, optimisant les conditions de transformation et d\u2019entreposage des aliments<\/span><\/p>\n\n\t\t<\/div>\n\t<\/div>\n<div class=\"bauer-simple-image text-center\" style=\"\" >\r\n\t\t\t<img alt=\"image\" data-src=\"https:\/\/eisolutions.ca\/wp-content\/uploads\/2024\/04\/id-banner-3.jpg\" src=\"data:image\/gif;base64,R0lGODlhAQABAAAAACH5BAEKAAEALAAAAAABAAEAAAICTAEAOw==\" class=\"lazyload\" style=\"--smush-placeholder-width: 1407px; --smush-placeholder-aspect-ratio: 1407\/446;\" \/> \r\n\t\t<\/div>\n\t<div class=\"wpb_text_column wpb_content_element  vc_custom_1752840498017\" >\n\t\t<div class=\"wpb_wrapper\">\n\t\t\t<p><strong><span style=\"text-align: left; color: #373680;\">INSTALLATIONS PHARMACEUTIQUES<\/span><\/strong><\/p>\n<p><span style=\"font-weight: 400;\">Les installations pharmaceutiques ont besoin d\u2019environnements contr\u00f4l\u00e9s pour assurer la qualit\u00e9 des produits, la conformit\u00e9 r\u00e9glementaire et la s\u00e9curit\u00e9 des travailleurs. Les syst\u00e8mes ERV aident \u00e0 fournir de l\u2019air frais tout en r\u00e9cup\u00e9rant l\u2019\u00e9nergie, en r\u00e9duisant les co\u00fbts \u00e9nerg\u00e9tiques et en maintenant la QAI. Les syst\u00e8mes DAHU sont essentiels pour contr\u00f4ler les niveaux d\u2019humidit\u00e9, ce qui est essentiel pour pr\u00e9server l\u2019efficacit\u00e9 des produits pharmaceutiques et pr\u00e9venir la contamination. La technologie Free Dry peut \u00eatre utilis\u00e9e pour utiliser la chaleur r\u00e9siduelle des processus de fabrication pour la r\u00e9g\u00e9n\u00e9ration des dessiccants, am\u00e9liorant ainsi l\u2019efficacit\u00e9 \u00e9nerg\u00e9tique. Les syst\u00e8mes DHP offrent un contr\u00f4le pr\u00e9cis de l\u2019humidit\u00e9 et une r\u00e9gulation de la temp\u00e9rature, assurant des conditions optimales pour la production et le stockage des produits pharmaceutiques.<\/span><\/p>\n\n\t\t<\/div>\n\t<\/div>\n<div class=\"bauer-simple-image text-center\" style=\"\" >\r\n\t\t\t<img alt=\"image\" data-src=\"https:\/\/eisolutions.ca\/wp-content\/uploads\/2024\/04\/id-banner-4.jpg\" src=\"data:image\/gif;base64,R0lGODlhAQABAAAAACH5BAEKAAEALAAAAAABAAEAAAICTAEAOw==\" class=\"lazyload\" style=\"--smush-placeholder-width: 1407px; --smush-placeholder-aspect-ratio: 1407\/446;\" \/> \r\n\t\t<\/div>\n\t<div class=\"wpb_text_column wpb_content_element  vc_custom_1752840619765\" >\n\t\t<div class=\"wpb_wrapper\">\n\t\t\t<p><strong><span style=\"text-align: left; color: #373680;\">FABRICATION D\u2019APPAREILS \u00c9LECTRONIQUES<\/span><\/strong><\/p>\n<p><span style=\"font-weight: 400;\">\u00a0Les installations de fabrication d\u2019appareils \u00e9lectroniques ont besoin d\u2019environnements contr\u00f4l\u00e9s pour pr\u00e9venir les d\u00e9charges \u00e9lectrostatiques, les dommages li\u00e9s \u00e0 l\u2019humidit\u00e9 et la contamination. Les syst\u00e8mes ERV aident \u00e0 fournir de l\u2019air frais tout en r\u00e9cup\u00e9rant l\u2019\u00e9nergie, en r\u00e9duisant les co\u00fbts \u00e9nerg\u00e9tiques et en maintenant la QAI. Les syst\u00e8mes DAHU sont utilis\u00e9s pour contr\u00f4ler les niveaux d\u2019humidit\u00e9, pr\u00e9venant ainsi les dommages li\u00e9s \u00e0 l\u2019humidit\u00e9 aux composants et \u00e9quipements \u00e9lectroniques sensibles. La technologie Free Dry peut \u00eatre int\u00e9gr\u00e9e aux syst\u00e8mes de d\u00e9shumidification pour utiliser la chaleur r\u00e9siduelle des processus de fabrication pour la r\u00e9g\u00e9n\u00e9ration des dessiccants, am\u00e9liorant ainsi l\u2019efficacit\u00e9 \u00e9nerg\u00e9tique. Les syst\u00e8mes DHP offrent un contr\u00f4le pr\u00e9cis de l\u2019humidit\u00e9 et une r\u00e9gulation de la temp\u00e9rature, optimisant les conditions de fabrication et d\u2019assemblage d\u2019appareils \u00e9lectroniques.<\/span><\/p>\n\n\t\t<\/div>\n\t<\/div>\n<div class=\"bauer-simple-image text-center\" style=\"\" >\r\n\t\t\t<img alt=\"image\" data-src=\"https:\/\/eisolutions.ca\/wp-content\/uploads\/2024\/04\/id-banner-5.jpg\" src=\"data:image\/gif;base64,R0lGODlhAQABAAAAACH5BAEKAAEALAAAAAABAAEAAAICTAEAOw==\" class=\"lazyload\" style=\"--smush-placeholder-width: 1407px; --smush-placeholder-aspect-ratio: 1407\/446;\" \/> \r\n\t\t<\/div>\r\n\t<div class=\"bauer-spacer clearfix\" data-desktop=\"80\" data-mobi=\"80\" data-smobi=\"80\"><\/div><\/div><\/div><\/div><\/div><\/div><\/section><\/div><div class=\"vc-custom-col-spacing clearfix vc-col-spacing-30\"><section class=\"wpb_row vc_row-fluid vc_custom_1712229593049 vc_row-has-fill row-content-position-Default\"><div class=\"bauer-container\"><div class=\"row-inner clearfix\"><div class=\"wpb_column vc_column_container vc_col-sm-12\"><div class=\"vc_column-inner\"><div class=\"wpb_wrapper\"><h2 style=\"font-size: 42px;color: #ffffff;text-align: left\" class=\"vc_custom_heading vc_custom_1752840645233\" >Les solutions d\u2019assurance-emploi dans le secteur industriel offrent plusieurs avantages importants :<\/h2><\/div><\/div><\/div><\/div><\/div><\/section><\/div><div class=\"vc-custom-col-spacing clearfix vc-col-spacing-30\"><section class=\"wpb_row vc_row-fluid vc_custom_1712229524974 vc_row-has-fill row-content-position-Default\"><div class=\"bauer-container\"><div class=\"row-inner clearfix\"><div class=\"wpb_column vc_column_container vc_col-sm-6\"><div class=\"vc_column-inner\"><div class=\"wpb_wrapper\"><div class=\"bauer-simple-image text-center\" style=\"\" >\r\n\t\t\t<img alt=\"image\" data-src=\"https:\/\/eisolutions.ca\/wp-content\/uploads\/2024\/04\/id-box-1.jpg\" src=\"data:image\/gif;base64,R0lGODlhAQABAAAAACH5BAEKAAEALAAAAAABAAEAAAICTAEAOw==\" class=\"lazyload\" style=\"--smush-placeholder-width: 685px; --smush-placeholder-aspect-ratio: 685\/446;\" \/> \r\n\t\t<\/div>\n\t<div class=\"wpb_text_column wpb_content_element  vc_custom_1752840772455\" >\n\t\t<div class=\"wpb_wrapper\">\n\t\t\t<p style=\"text-align: left; color: #ffffff;\"><span style=\"font-weight: 400;\"><strong>\u2713 EXPERTISE ET EXP\u00c9RIENCE<\/strong> : Ei Solutions apporte des d\u00e9cennies d\u2019exp\u00e9rience et d\u2019expertise dans la technologie de d\u00e9shumidification par adsorption au secteur industriel. Gr\u00e2ce \u00e0 une compr\u00e9hension approfondie des d\u00e9fis uniques auxquels sont confront\u00e9es les installations industrielles, EI Solutions offre des solutions innovantes adapt\u00e9es pour r\u00e9pondre \u00e0 des besoins et \u00e0 des exigences sp\u00e9cifiques.<\/span><\/p>\n\n\t\t<\/div>\n\t<\/div>\n<\/div><\/div><\/div><div class=\"wpb_column vc_column_container vc_col-sm-6\"><div class=\"vc_column-inner\"><div class=\"wpb_wrapper\"><div class=\"bauer-simple-image text-center\" style=\"\" >\r\n\t\t\t<img alt=\"image\" data-src=\"https:\/\/eisolutions.ca\/wp-content\/uploads\/2024\/04\/id-box-2.jpg\" src=\"data:image\/gif;base64,R0lGODlhAQABAAAAACH5BAEKAAEALAAAAAABAAEAAAICTAEAOw==\" class=\"lazyload\" style=\"--smush-placeholder-width: 684px; --smush-placeholder-aspect-ratio: 684\/446;\" \/> \r\n\t\t<\/div>\n\t<div class=\"wpb_text_column wpb_content_element  vc_custom_1752840760604\" >\n\t\t<div class=\"wpb_wrapper\">\n\t\t\t<p style=\"text-align: left; color: #ffffff;\"><span style=\"font-weight: 400;\"><strong>\u2713 SOLUTIONS COMPL\u00c8TES<\/strong> : EI Solutions offre une large gamme de syst\u00e8mes de d\u00e9shumidification par adsorption, y compris les technologies DAHU, ERV, Free Dry et DHP, fournissant des solutions compl\u00e8tes pour le contr\u00f4le de l\u2019humidit\u00e9, la gestion de la qualit\u00e9 de l\u2019air et l\u2019efficacit\u00e9 \u00e9nerg\u00e9tique dans les environnements industriels.<\/span><\/p>\n\n\t\t<\/div>\n\t<\/div>\n<\/div><\/div><\/div><\/div><\/div><\/section><\/div><div class=\"vc-custom-col-spacing clearfix vc-col-spacing-30\"><section class=\"wpb_row vc_row-fluid vc_custom_1712229524974 vc_row-has-fill row-content-position-Default\"><div class=\"bauer-container\"><div class=\"row-inner clearfix\"><div class=\"wpb_column vc_column_container vc_col-sm-6\"><div class=\"vc_column-inner\"><div class=\"wpb_wrapper\"><div class=\"bauer-simple-image text-center\" style=\"\" >\r\n\t\t\t<img alt=\"image\" data-src=\"https:\/\/eisolutions.ca\/wp-content\/uploads\/2024\/04\/id-box-3.jpg\" src=\"data:image\/gif;base64,R0lGODlhAQABAAAAACH5BAEKAAEALAAAAAABAAEAAAICTAEAOw==\" class=\"lazyload\" style=\"--smush-placeholder-width: 685px; --smush-placeholder-aspect-ratio: 685\/446;\" \/> \r\n\t\t<\/div>\n\t<div class=\"wpb_text_column wpb_content_element  vc_custom_1752840745380\" >\n\t\t<div class=\"wpb_wrapper\">\n\t\t\t<p style=\"text-align: left; color: #ffffff;\"><span style=\"font-weight: 400;\"><strong>\u2713 AM\u00c9LIORATION DE LA QUALIT\u00c9 DE L\u2019AIR INT\u00c9RIEUR (QAI)<\/strong> : En contr\u00f4lant efficacement les niveaux d\u2019humidit\u00e9 et en \u00e9liminant les contaminants de l\u2019air, les syst\u00e8mes d\u2019EI Solutions am\u00e9liorent la QAI dans les installations industrielles, cr\u00e9ant un environnement de travail plus sain et plus confortable pour les employ\u00e9s tout en pr\u00e9servant l\u2019int\u00e9grit\u00e9 du produit.<\/span><\/p>\n\n\t\t<\/div>\n\t<\/div>\n<\/div><\/div><\/div><div class=\"wpb_column vc_column_container vc_col-sm-6\"><div class=\"vc_column-inner\"><div class=\"wpb_wrapper\"><div class=\"bauer-simple-image text-center\" style=\"\" >\r\n\t\t\t<img alt=\"image\" data-src=\"https:\/\/eisolutions.ca\/wp-content\/uploads\/2024\/04\/id-box-4.jpg\" src=\"data:image\/gif;base64,R0lGODlhAQABAAAAACH5BAEKAAEALAAAAAABAAEAAAICTAEAOw==\" class=\"lazyload\" style=\"--smush-placeholder-width: 684px; --smush-placeholder-aspect-ratio: 684\/445;\" \/> \r\n\t\t<\/div>\n\t<div class=\"wpb_text_column wpb_content_element  vc_custom_1752840797066\" >\n\t\t<div class=\"wpb_wrapper\">\n\t\t\t<p style=\"text-align: left; color: #ffffff;\"><span style=\"font-weight: 400;\"><strong>\u00a0\u2713 EFFICACIT\u00c9 \u00c9NERG\u00c9TIQUE<\/strong> : Nos syst\u00e8mes de d\u00e9shumidification par adsorption sont con\u00e7us pour une efficacit\u00e9 \u00e9nerg\u00e9tique optimale, aidant les installations industrielles \u00e0 r\u00e9duire la consommation d\u2019\u00e9nergie et les co\u00fbts d\u2019exploitation. L\u2019utilisation de technologies comme Free Dry et DHP peut aider \u00e0 maximiser la r\u00e9cup\u00e9ration d\u2019\u00e9nergie et \u00e0 minimiser la chaleur perdue, am\u00e9liorant ainsi l\u2019efficacit\u00e9 globale.<\/span><\/p>\n\n\t\t<\/div>\n\t<\/div>\n<\/div><\/div><\/div><\/div><\/div><\/section><\/div><div class=\"vc-custom-col-spacing clearfix vc-col-spacing-30\"><section class=\"wpb_row vc_row-fluid vc_custom_1712239692717 vc_row-has-fill row-content-position-Default\"><div class=\"bauer-container\"><div class=\"row-inner clearfix\"><div class=\"wpb_column vc_column_container vc_col-sm-6\"><div class=\"vc_column-inner\"><div class=\"wpb_wrapper\"><div class=\"bauer-simple-image text-center\" style=\"\" >\r\n\t\t\t<img alt=\"image\" data-src=\"https:\/\/eisolutions.ca\/wp-content\/uploads\/2024\/04\/id-box-5.jpg\" src=\"data:image\/gif;base64,R0lGODlhAQABAAAAACH5BAEKAAEALAAAAAABAAEAAAICTAEAOw==\" class=\"lazyload\" style=\"--smush-placeholder-width: 685px; --smush-placeholder-aspect-ratio: 685\/446;\" \/> \r\n\t\t<\/div>\n\t<div class=\"wpb_text_column wpb_content_element  vc_custom_1752840820917\" >\n\t\t<div class=\"wpb_wrapper\">\n\t\t\t<p style=\"text-align: left; color: #ffffff;\"><span style=\"font-weight: 400;\"><strong>\u2713 PERSONNALISATION ET FLEXIBILIT\u00c9<\/strong> : EI Solutions travaille en \u00e9troite collaboration avec les clients industriels pour concevoir et mettre en \u0153uvre des solutions personnalis\u00e9es qui r\u00e9pondent \u00e0 leurs besoins et objectifs sp\u00e9cifiques. Qu\u2019il s\u2019agisse du contr\u00f4le de l\u2019humidit\u00e9 des processus de fabrication, de la pr\u00e9servation des mat\u00e9riaux sensibles ou de la conformit\u00e9 aux exigences r\u00e9glementaires, EI Solutions offre des solutions flexibles et adaptables pour s\u2019adapter \u00e0 diverses applications industrielles.<\/span><\/p>\n\n\t\t<\/div>\n\t<\/div>\n<\/div><\/div><\/div><div class=\"wpb_column vc_column_container vc_col-sm-6\"><div class=\"vc_column-inner\"><div class=\"wpb_wrapper\"><div class=\"bauer-simple-image text-center\" style=\"\" >\r\n\t\t\t<img alt=\"image\" data-src=\"https:\/\/eisolutions.ca\/wp-content\/uploads\/2024\/04\/id-box-6.jpg\" src=\"data:image\/gif;base64,R0lGODlhAQABAAAAACH5BAEKAAEALAAAAAABAAEAAAICTAEAOw==\" class=\"lazyload\" style=\"--smush-placeholder-width: 684px; --smush-placeholder-aspect-ratio: 684\/446;\" \/> \r\n\t\t<\/div>\n\t<div class=\"wpb_text_column wpb_content_element  vc_custom_1752840838308\" >\n\t\t<div class=\"wpb_wrapper\">\n\t\t\t<p style=\"text-align: left; color: #ffffff;\"><span style=\"font-weight: 400;\"><strong>\u00a0\u2713 FIABILIT\u00c9 ET PERFORMANCE<\/strong> : Notre engagement envers la qualit\u00e9 et la fiabilit\u00e9 garantit que les clients industriels peuvent compter sur leurs syst\u00e8mes pour une performance et une disponibilit\u00e9 constantes. Avec une conception robuste, une construction durable et un soutien \u00e0 l\u2019entretien complet, les syst\u00e8mes d\u2019EI Solutions offrent un fonctionnement fiable et une tranquillit\u00e9 d\u2019esprit pour les installations industrielles.<\/span><\/p>\n\n\t\t<\/div>\n\t<\/div>\n<\/div><\/div><\/div><\/div><\/div><\/section><\/div><div class=\"vc-custom-col-spacing clearfix vc-col-spacing-30\"><section class=\"wpb_row vc_row-fluid vc_custom_1712245909320 row-content-position-Default\"><div class=\"bauer-container\"><div class=\"row-inner clearfix\"><div class=\"wpb_column vc_column_container vc_col-sm-12\"><div class=\"vc_column-inner\"><div class=\"wpb_wrapper\">\n\t<div class=\"wpb_text_column wpb_content_element  vc_custom_1752840881108\" >\n\t\t<div class=\"wpb_wrapper\">\n\t\t\t<p style=\"color: #373680;\"><em><span style=\"font-weight: 400;\">Choisir EI SOLUTIONS dans le secteur industriel offre une combinaison d\u2019expertise, d\u2019innovation et de fiabilit\u00e9, aidant les installations industrielles \u00e0 optimiser leurs op\u00e9rations, \u00e0 am\u00e9liorer leur productivit\u00e9 et \u00e0 atteindre leurs objectifs de durabilit\u00e9 \u00e0 long terme. Notre approche compl\u00e8te de la conception, de l\u2019installation et de la maintenance des syst\u00e8mes garantit une int\u00e9gration transparente et une performance fiable, permettant aux clients industriels de se concentrer sur leurs op\u00e9rations de base en toute confiance. Nous nous engageons \u00e0 fournir des solutions durables et rentables qui aident les installations industrielles \u00e0 prosp\u00e9rer dans le paysage concurrentiel d\u2019aujourd\u2019hui.<\/span><\/em><\/p>\n\n\t\t<\/div>\n\t<\/div>\n<div class=\"bauer-simple-image text-center\" style=\"\" >\r\n\t\t\t<img alt=\"image\" data-src=\"https:\/\/eisolutions.ca\/wp-content\/uploads\/2024\/04\/id-banner-6.jpg\" src=\"data:image\/gif;base64,R0lGODlhAQABAAAAACH5BAEKAAEALAAAAAABAAEAAAICTAEAOw==\" class=\"lazyload\" style=\"--smush-placeholder-width: 1407px; --smush-placeholder-aspect-ratio: 1407\/446;\" \/> \r\n\t\t<\/div><\/div><\/div><\/div><\/div><\/div><\/section><\/div>","protected":false},"excerpt":{"rendered":"Industriel EI Solutions se sp\u00e9cialise dans la fourniture de solutions innovantes pour le contr\u00f4le de l\u2019humidit\u00e9 et la gestion de la qualit\u00e9 de l\u2019air dans le secteur industriel. Forte d\u2019une vaste exp\u00e9rience et d\u2019une expertise en mati\u00e8re de technologie de d\u00e9shumidification par adsorption, EI Solutions offre des solutions sur mesure","protected":false},"author":1,"featured_media":0,"parent":0,"menu_order":0,"comment_status":"closed","ping_status":"closed","template":"","meta":[],"_links":{"self":[{"href":"https:\/\/eisolutions.ca\/fr\/wp-json\/wp\/v2\/pages\/12191"}],"collection":[{"href":"https:\/\/eisolutions.ca\/fr\/wp-json\/wp\/v2\/pages"}],"about":[{"href":"https:\/\/eisolutions.ca\/fr\/wp-json\/wp\/v2\/types\/page"}],"author":[{"embeddable":true,"href":"https:\/\/eisolutions.ca\/fr\/wp-json\/wp\/v2\/users\/1"}],"replies":[{"embeddable":true,"href":"https:\/\/eisolutions.ca\/fr\/wp-json\/wp\/v2\/comments?post=12191"}],"version-history":[{"count":0,"href":"https:\/\/eisolutions.ca\/fr\/wp-json\/wp\/v2\/pages\/12191\/revisions"}],"wp:attachment":[{"href":"https:\/\/eisolutions.ca\/fr\/wp-json\/wp\/v2\/media?parent=12191"}],"curies":[{"name":"wp","href":"https:\/\/api.w.org\/{rel}","templated":true}]}}