{"id":12110,"date":"2022-05-06T12:50:12","date_gmt":"2022-05-06T12:50:12","guid":{"rendered":"https:\/\/eisolutions.ca\/unite-de-traitement-de-lair-a-adsorption-dahu\/dahu-dds-a5\/"},"modified":"2025-07-18T11:15:19","modified_gmt":"2025-07-18T11:15:19","slug":"dahu-dds-a5","status":"publish","type":"page","link":"https:\/\/eisolutions.ca\/fr\/unite-de-traitement-de-lair-a-adsorption-dahu\/dahu-dds-a5\/","title":{"rendered":"DAHU \/ DDS &#8211; A5"},"content":{"rendered":"<div class=\"vc-custom-col-spacing clearfix vc-col-spacing-30\"><section class=\"wpb_row vc_row-fluid vc_custom_1651761511869 vc_row-has-fill row-content-position-Default\"><div class=\"bauer-container\"><div class=\"row-inner clearfix\"><div class=\"wpb_column vc_column_container vc_col-sm-12\"><div class=\"vc_column-inner\"><div class=\"wpb_wrapper\"><div class=\"bauer-content-box clearfix\" ><div class=\"vc-custom-col-inner-spacing clearfix vc-col-inner-spacing-30\"><div class=\"wpb_row vc_inner vc_row-fluid\"><div class=\"wpb_column vc_column_container vc_col-sm-12\"><div class=\"vc_column-inner\"><div class=\"wpb_wrapper\">\r\n\t<div class=\"bauer-spacer clearfix\" data-desktop=\"94\" data-mobi=\"40\" data-smobi=\"40\"><\/div><h2 class=\"bauer-text clearfix\" style=\"font-size:42px;line-height:50px;margin-bottom:12px;\"><p>DAHU \/ DDS &#8211; A5<\/p>\n<\/h2>\r\n\t<div class=\"bauer-spacer clearfix\" data-desktop=\"15\" data-mobi=\"15\" data-smobi=\"15\"><\/div><\/div><\/div><\/div><\/div><\/div><\/div><div class=\"bauer-content-box clearfix\" ><div class=\"vc-custom-col-inner-spacing clearfix vc-col-inner-spacing-30\"><div class=\"wpb_row vc_inner vc_row-fluid freedrysection\"><div class=\"wpb_column vc_column_container vc_col-sm-4\"><div class=\"vc_column-inner\"><div class=\"wpb_wrapper\"><div class=\"bauer-image-box clearfix style-3\" style=\"\" >\r\n        <div class=\"item\">\r\n            <div class=\"inner\">\r\n                <div class=\"thumb\" style=\"\"><img width=\"399\" height=\"408\" data-src=\"https:\/\/eisolutions.ca\/wp-content\/uploads\/2022\/05\/a5-1.png\" class=\"attachment-full size-full lazyload\" alt=\"\" data-srcset=\"https:\/\/eisolutions.ca\/wp-content\/uploads\/2022\/05\/a5-1.png 399w, https:\/\/eisolutions.ca\/wp-content\/uploads\/2022\/05\/a5-1-293x300.png 293w\" data-sizes=\"(max-width: 399px) 100vw, 399px\" src=\"data:image\/gif;base64,R0lGODlhAQABAAAAACH5BAEKAAEALAAAAAABAAEAAAICTAEAOw==\" style=\"--smush-placeholder-width: 399px; --smush-placeholder-aspect-ratio: 399\/408;\" \/> <\/div>\r\n                <div class=\"text-wrap\" style=\"\">\r\n                    <h3 class=\"title\" style=\"\">\r\n            DDS A5\r\n        <\/h3> <div class=\"desc\" style=\"\">Remplace 2 unit\u00e9s m\u00e9caniques conventionnelles de 7,5 tonnes.<\/div> \r\n                <\/div>\r\n                \r\n            <\/div>\r\n        <\/div>\r\n    <\/div>\r\n\t<div class=\"bauer-spacer clearfix\" data-desktop=\"30\" data-mobi=\"30\" data-smobi=\"30\"><\/div><\/div><\/div><\/div><div class=\"wpb_column vc_column_container vc_col-sm-4\"><div class=\"vc_column-inner\"><div class=\"wpb_wrapper\"><div class=\"bauer-image-box clearfix style-3\" style=\"\" >\r\n        <div class=\"item\">\r\n            <div class=\"inner\">\r\n                <div class=\"thumb\" style=\"\"><img width=\"399\" height=\"408\" data-src=\"https:\/\/eisolutions.ca\/wp-content\/uploads\/2022\/05\/a5-2.png\" class=\"attachment-full size-full lazyload\" alt=\"\" data-srcset=\"https:\/\/eisolutions.ca\/wp-content\/uploads\/2022\/05\/a5-2.png 399w, https:\/\/eisolutions.ca\/wp-content\/uploads\/2022\/05\/a5-2-293x300.png 293w\" data-sizes=\"(max-width: 399px) 100vw, 399px\" src=\"data:image\/gif;base64,R0lGODlhAQABAAAAACH5BAEKAAEALAAAAAABAAEAAAICTAEAOw==\" style=\"--smush-placeholder-width: 399px; --smush-placeholder-aspect-ratio: 399\/408;\" \/> <\/div>\r\n                <div class=\"text-wrap\" style=\"\">\r\n                    <h3 class=\"title\" style=\"\">\r\n            DDS A5\r\n        <\/h3> <div class=\"desc\" style=\"\">Remplace 2 unit\u00e9s m\u00e9caniques conventionnelles de 7,5 tonnes.<\/div> \r\n                <\/div>\r\n                \r\n            <\/div>\r\n        <\/div>\r\n    <\/div>\r\n\t<div class=\"bauer-spacer clearfix\" data-desktop=\"30\" data-mobi=\"30\" data-smobi=\"30\"><\/div><\/div><\/div><\/div><div class=\"wpb_column vc_column_container vc_col-sm-4\"><div class=\"vc_column-inner\"><div class=\"wpb_wrapper\"><div class=\"bauer-image-box clearfix style-3\" style=\"\" >\r\n        <div class=\"item\">\r\n            <div class=\"inner\">\r\n                <div class=\"thumb\" style=\"\"><img width=\"399\" height=\"408\" data-src=\"https:\/\/eisolutions.ca\/wp-content\/uploads\/2022\/05\/a5-3.png\" class=\"attachment-full size-full lazyload\" alt=\"\" data-srcset=\"https:\/\/eisolutions.ca\/wp-content\/uploads\/2022\/05\/a5-3.png 399w, https:\/\/eisolutions.ca\/wp-content\/uploads\/2022\/05\/a5-3-293x300.png 293w\" data-sizes=\"(max-width: 399px) 100vw, 399px\" src=\"data:image\/gif;base64,R0lGODlhAQABAAAAACH5BAEKAAEALAAAAAABAAEAAAICTAEAOw==\" style=\"--smush-placeholder-width: 399px; --smush-placeholder-aspect-ratio: 399\/408;\" \/> <\/div>\r\n                <div class=\"text-wrap\" style=\"\">\r\n                    <h3 class=\"title\" style=\"\">\r\n            DDS A5\r\n        <\/h3> <div class=\"desc\" style=\"\">Remplace 2 unit\u00e9s m\u00e9caniques conventionnelles de 7,5 tonnes.<\/div> \r\n                <\/div>\r\n                \r\n            <\/div>\r\n        <\/div>\r\n    <\/div><\/div><\/div><\/div><\/div><\/div><\/div>\r\n\t<div class=\"bauer-spacer clearfix\" data-desktop=\"100\" data-mobi=\"40\" data-smobi=\"40\"><\/div><\/div><\/div><\/div><\/div><\/div><\/section><\/div>","protected":false},"excerpt":{"rendered":"DAHU \/ DDS - A5 DDS A5 Remplace 2 unit\u00e9s m\u00e9caniques conventionnelles de 7,5 tonnes. DDS A5 Remplace 2 unit\u00e9s m\u00e9caniques conventionnelles de 7,5 tonnes. DDS A5 Remplace 2 unit\u00e9s m\u00e9caniques conventionnelles de 7,5 tonnes.","protected":false},"author":1,"featured_media":0,"parent":12073,"menu_order":0,"comment_status":"closed","ping_status":"closed","template":"","meta":[],"_links":{"self":[{"href":"https:\/\/eisolutions.ca\/fr\/wp-json\/wp\/v2\/pages\/12110"}],"collection":[{"href":"https:\/\/eisolutions.ca\/fr\/wp-json\/wp\/v2\/pages"}],"about":[{"href":"https:\/\/eisolutions.ca\/fr\/wp-json\/wp\/v2\/types\/page"}],"author":[{"embeddable":true,"href":"https:\/\/eisolutions.ca\/fr\/wp-json\/wp\/v2\/users\/1"}],"replies":[{"embeddable":true,"href":"https:\/\/eisolutions.ca\/fr\/wp-json\/wp\/v2\/comments?post=12110"}],"version-history":[{"count":0,"href":"https:\/\/eisolutions.ca\/fr\/wp-json\/wp\/v2\/pages\/12110\/revisions"}],"up":[{"embeddable":true,"href":"https:\/\/eisolutions.ca\/fr\/wp-json\/wp\/v2\/pages\/12073"}],"wp:attachment":[{"href":"https:\/\/eisolutions.ca\/fr\/wp-json\/wp\/v2\/media?parent=12110"}],"curies":[{"name":"wp","href":"https:\/\/api.w.org\/{rel}","templated":true}]}}