{"id":12073,"date":"2024-04-16T08:40:25","date_gmt":"2024-04-16T08:40:25","guid":{"rendered":"https:\/\/eisolutions.ca\/dahu\/"},"modified":"2025-07-18T11:11:36","modified_gmt":"2025-07-18T11:11:36","slug":"unite-de-traitement-de-lair-a-adsorption-dahu","status":"publish","type":"page","link":"https:\/\/eisolutions.ca\/fr\/unite-de-traitement-de-lair-a-adsorption-dahu\/","title":{"rendered":"Unit\u00e9 de traitement de l\u2019air \u00e0 adsorption (DAHU)"},"content":{"rendered":"<div class=\"vc-custom-col-spacing clearfix vc-col-spacing-30\"><section class=\"wpb_row vc_row-fluid row-content-position-Default\"><div class=\"bauer-container\"><div class=\"row-inner clearfix\"><div class=\"wpb_column vc_column_container vc_col-sm-12\"><div class=\"vc_column-inner\"><div class=\"wpb_wrapper\">\r\n\t<div class=\"bauer-spacer clearfix\" data-desktop=\"94\" data-mobi=\"60\" data-smobi=\"60\"><\/div><h2 style=\"font-size: 42px;color: #373680;line-height: 50px;text-align: left\" class=\"vc_custom_heading\" >Aper\u00e7u<\/h2>\n\t<div class=\"wpb_text_column wpb_content_element\" >\n\t\t<div class=\"wpb_wrapper\">\n\t\t\t<p><span style=\"font-weight: 400;\">Une unit\u00e9 de traitement d\u2019air par adsorption (DAHU) est un syst\u00e8me de CVC sp\u00e9cialis\u00e9 con\u00e7u pour le contr\u00f4le de l\u2019humidit\u00e9 dans divers environnements commerciaux, industriels et institutionnels. Contrairement aux unit\u00e9s de traitement d\u2019air traditionnelles, qui se concentrent principalement sur le contr\u00f4le de la temp\u00e9rature, les syst\u00e8mes DAHU utilisent la technologie du d\u00e9shydratation pour \u00e9liminer l\u2019humidit\u00e9 de l\u2019air, assurant ainsi le maintien de niveaux d\u2019humidit\u00e9 pr\u00e9cis.<\/span><\/p>\n\n\t\t<\/div>\n\t<\/div>\n<\/div><\/div><\/div><\/div><\/div><\/section><\/div><div class=\"vc-custom-col-spacing clearfix vc-col-spacing-30\"><section class=\"wpb_row vc_row-fluid vc_custom_1713257428255 no-padding row-content-position-Default\"><div class=\"row-inner clearfix\"><div class=\"wpb_column vc_column_container vc_col-sm-12\"><div class=\"vc_column-inner\"><div class=\"wpb_wrapper\"><div class=\"bauer-simple-image text-center\" style=\"\" >\r\n\t\t\t<img alt=\"image\" data-src=\"https:\/\/eisolutions.ca\/wp-content\/uploads\/2024\/04\/rec-banner-1.jpg\" src=\"data:image\/gif;base64,R0lGODlhAQABAAAAACH5BAEKAAEALAAAAAABAAEAAAICTAEAOw==\" class=\"lazyload\" style=\"--smush-placeholder-width: 1920px; --smush-placeholder-aspect-ratio: 1920\/408;\" \/> \r\n\t\t<\/div><\/div><\/div><\/div><\/div><\/section><\/div><div class=\"vc-custom-col-spacing clearfix vc-col-spacing-30\"><section class=\"wpb_row vc_row-fluid vc_custom_1752837094367 row-content-position-Default\"><div class=\"bauer-container\"><div class=\"row-inner clearfix\"><div class=\"wpb_column vc_column_container vc_col-sm-12\"><div class=\"vc_column-inner\"><div class=\"wpb_wrapper\">\n\t<div class=\"wpb_text_column wpb_content_element\" >\n\t\t<div class=\"wpb_wrapper\">\n\t\t\t<p><span style=\"font-weight: 400;\">Les syst\u00e8mes DAHU sont couramment utilis\u00e9s dans des environnements o\u00f9 le maintien d\u2019un faible taux d\u2019humidit\u00e9 est essentiel pour pr\u00e9server la qualit\u00e9 du produit, pr\u00e9venir la corrosion, contr\u00f4ler la croissance microbienne et assurer le confort des occupants.<\/span><\/p>\n\n\t\t<\/div>\n\t<\/div>\n<\/div><\/div><\/div><\/div><\/div><\/section><\/div><div class=\"vc-custom-col-spacing clearfix vc-col-spacing-30\"><section class=\"wpb_row vc_row-fluid vc_custom_1713258979139 vc_row-has-fill row-content-position-Default\"><div class=\"bauer-container\"><div class=\"row-inner clearfix\"><div class=\"wpb_column vc_column_container vc_col-sm-12\"><div class=\"vc_column-inner\"><div class=\"wpb_wrapper\"><h2 style=\"font-size: 30px;color: #000000;text-align: left\" class=\"vc_custom_heading vc_custom_1752836536879\" >Certaines applications et industries courantes o\u00f9 les syst\u00e8mes DAHU sont utilis\u00e9s<\/h2><\/div><\/div><\/div><\/div><\/div><\/section><\/div><div class=\"vc-custom-col-spacing clearfix vc-col-spacing-30\"><section class=\"wpb_row vc_row-fluid vc_custom_1713258986216 vc_row-has-fill row-content-position-Default\"><div class=\"bauer-container\"><div class=\"row-inner clearfix\"><div class=\"wpb_column vc_column_container vc_col-sm-6\"><div class=\"vc_column-inner\"><div class=\"wpb_wrapper\"><div class=\"bauer-simple-image text-center\" style=\"\" >\r\n\t\t\t<img alt=\"image\" data-src=\"https:\/\/eisolutions.ca\/wp-content\/uploads\/2024\/04\/dahu-1.jpg\" src=\"data:image\/gif;base64,R0lGODlhAQABAAAAACH5BAEKAAEALAAAAAABAAEAAAICTAEAOw==\" class=\"lazyload\" style=\"--smush-placeholder-width: 689px; --smush-placeholder-aspect-ratio: 689\/448;\" \/> \r\n\t\t<\/div>\n\t<div class=\"wpb_text_column wpb_content_element  vc_custom_1752836551620\" >\n\t\t<div class=\"wpb_wrapper\">\n\t\t\t<p style=\"text-align: left; color: #373680;\"><strong>INSTALLATIONS DE FABRICATION DE PRODUITS PHARMACEUTIQUES<\/strong><\/p>\n\n\t\t<\/div>\n\t<\/div>\n\n\t<div class=\"wpb_text_column wpb_content_element\" >\n\t\t<div class=\"wpb_wrapper\">\n\t\t\t<p><span style=\"font-weight: 400;\">Les syst\u00e8mes DAHU sont essentiels pour maintenir des environnements contr\u00f4l\u00e9s avec de faibles niveaux d\u2019humidit\u00e9 afin d\u2019assurer la qualit\u00e9 et la stabilit\u00e9 des produits pharmaceutiques.<\/span><\/p>\n\n\t\t<\/div>\n\t<\/div>\n<\/div><\/div><\/div><div class=\"wpb_column vc_column_container vc_col-sm-6\"><div class=\"vc_column-inner\"><div class=\"wpb_wrapper\"><div class=\"bauer-simple-image text-center\" style=\"\" >\r\n\t\t\t<img alt=\"image\" data-src=\"https:\/\/eisolutions.ca\/wp-content\/uploads\/2024\/04\/dahu-2.jpg\" src=\"data:image\/gif;base64,R0lGODlhAQABAAAAACH5BAEKAAEALAAAAAABAAEAAAICTAEAOw==\" class=\"lazyload\" style=\"--smush-placeholder-width: 688px; --smush-placeholder-aspect-ratio: 688\/448;\" \/> \r\n\t\t<\/div>\n\t<div class=\"wpb_text_column wpb_content_element  vc_custom_1752836579223\" >\n\t\t<div class=\"wpb_wrapper\">\n\t\t\t<p style=\"text-align: left; color: #373680;\"><strong>INSTALLATIONS DE TRANSFORMATION ET D\u2019ENTREPOSAGE DES ALIMENTS<\/strong><\/p>\n\n\t\t<\/div>\n\t<\/div>\n\n\t<div class=\"wpb_text_column wpb_content_element\" >\n\t\t<div class=\"wpb_wrapper\">\n\t\t\t<p><span style=\"font-weight: 400;\">Les syst\u00e8mes DAHU aident \u00e0 pr\u00e9venir les probl\u00e8mes li\u00e9s \u00e0 l\u2019humidit\u00e9 tels que la moisissure, la d\u00e9t\u00e9rioration et la croissance bact\u00e9rienne dans les produits alimentaires en maintenant de faibles niveaux d\u2019humidit\u00e9 dans les zones de transformation et d\u2019entreposage.<\/span><\/p>\n\n\t\t<\/div>\n\t<\/div>\n<\/div><\/div><\/div><\/div><\/div><\/section><\/div><div class=\"vc-custom-col-spacing clearfix vc-col-spacing-30\"><section class=\"wpb_row vc_row-fluid vc_custom_1713260269426 vc_row-has-fill row-content-position-Default\"><div class=\"bauer-container\"><div class=\"row-inner clearfix\"><div class=\"wpb_column vc_column_container vc_col-sm-6\"><div class=\"vc_column-inner\"><div class=\"wpb_wrapper\"><div class=\"bauer-simple-image text-center\" style=\"\" >\r\n\t\t\t<img alt=\"image\" data-src=\"https:\/\/eisolutions.ca\/wp-content\/uploads\/2024\/04\/dahu-3.jpg\" src=\"data:image\/gif;base64,R0lGODlhAQABAAAAACH5BAEKAAEALAAAAAABAAEAAAICTAEAOw==\" class=\"lazyload\" style=\"--smush-placeholder-width: 689px; --smush-placeholder-aspect-ratio: 689\/448;\" \/> \r\n\t\t<\/div>\n\t<div class=\"wpb_text_column wpb_content_element  vc_custom_1752836602861\" >\n\t\t<div class=\"wpb_wrapper\">\n\t\t\t<p style=\"text-align: left; color: #373680;\"><strong>INSTALLATIONS DE FABRICATION D\u2019APPAREILS \u00c9LECTRONIQUES<\/strong><\/p>\n\n\t\t<\/div>\n\t<\/div>\n\n\t<div class=\"wpb_text_column wpb_content_element\" >\n\t\t<div class=\"wpb_wrapper\">\n\t\t\t<p><span style=\"font-weight: 400;\">Les syst\u00e8mes DAHU sont utilis\u00e9s pour contr\u00f4ler les niveaux d\u2019humidit\u00e9 afin d\u2019\u00e9viter les d\u00e9charges \u00e9lectrostatiques (ESD) et les dommages li\u00e9s \u00e0 l\u2019humidit\u00e9 aux composants et \u00e9quipements \u00e9lectroniques sensibles.<\/span><\/p>\n\n\t\t<\/div>\n\t<\/div>\n<\/div><\/div><\/div><div class=\"wpb_column vc_column_container vc_col-sm-6\"><div class=\"vc_column-inner\"><div class=\"wpb_wrapper\"><div class=\"bauer-simple-image text-center\" style=\"\" >\r\n\t\t\t<img alt=\"image\" data-src=\"https:\/\/eisolutions.ca\/wp-content\/uploads\/2024\/04\/dahu-4.jpg\" src=\"data:image\/gif;base64,R0lGODlhAQABAAAAACH5BAEKAAEALAAAAAABAAEAAAICTAEAOw==\" class=\"lazyload\" style=\"--smush-placeholder-width: 688px; --smush-placeholder-aspect-ratio: 688\/448;\" \/> \r\n\t\t<\/div>\n\t<div class=\"wpb_text_column wpb_content_element  vc_custom_1752836628724\" >\n\t\t<div class=\"wpb_wrapper\">\n\t\t\t<p style=\"text-align: left; color: #373680;\"><strong>SALLES BLANCHES ET LABORATOIRES<\/strong><\/p>\n\n\t\t<\/div>\n\t<\/div>\n\n\t<div class=\"wpb_text_column wpb_content_element\" >\n\t\t<div class=\"wpb_wrapper\">\n\t\t\t<p><span style=\"font-weight: 400;\">Les syst\u00e8mes DAHU aident \u00e0 maintenir un contr\u00f4le strict de l\u2019humidit\u00e9 dans les salles blanches et les laboratoires afin de r\u00e9pondre aux exigences r\u00e9glementaires et d\u2019assurer des conditions optimales pour les processus de recherche, de d\u00e9veloppement et de fabrication.<\/span><\/p>\n\n\t\t<\/div>\n\t<\/div>\n<\/div><\/div><\/div><\/div><\/div><\/section><\/div><div class=\"vc-custom-col-spacing clearfix vc-col-spacing-30\"><section class=\"wpb_row vc_row-fluid vc_custom_1712229593049 vc_row-has-fill row-content-position-Default\"><div class=\"bauer-container\"><div class=\"row-inner clearfix\"><div class=\"wpb_column vc_column_container vc_col-sm-12\"><div class=\"vc_column-inner\"><div class=\"wpb_wrapper\"><h2 style=\"font-size: 42px;color: #ffffff;text-align: left\" class=\"vc_custom_heading vc_custom_1752836728551\" >Les avantages de l\u2019utilisation des syst\u00e8mes DAHU<\/h2><div class=\"bauer-simple-image text-center\" style=\"\" >\r\n\t\t\t<img alt=\"image\" data-src=\"https:\/\/eisolutions.ca\/wp-content\/uploads\/2024\/04\/dahu-5.jpg\" src=\"data:image\/gif;base64,R0lGODlhAQABAAAAACH5BAEKAAEALAAAAAABAAEAAAICTAEAOw==\" class=\"lazyload\" style=\"--smush-placeholder-width: 1415px; --smush-placeholder-aspect-ratio: 1415\/448;\" \/> \r\n\t\t<\/div>\n\t<div class=\"wpb_text_column wpb_content_element  vc_custom_1752836755603\" >\n\t\t<div class=\"wpb_wrapper\">\n\t\t\t<p style=\"text-align: left; color: #ffffff;\"><strong>\u2713 CONTR\u00d4LE PR\u00c9CIS DE L\u2019HUMIDIT\u00c9<\/strong><\/p>\n<p style=\"text-align: left; color: #ffffff;\">Les syst\u00e8mes DAHU offrent un contr\u00f4le pr\u00e9cis et constant des niveaux d\u2019humidit\u00e9, garantissant que les exigences sp\u00e9cifiques sont respect\u00e9es en mati\u00e8re de qualit\u00e9 du produit, de stabilit\u00e9 du processus et de confort des occupants.<\/p>\n\n\t\t<\/div>\n\t<\/div>\n<\/div><\/div><\/div><\/div><\/div><\/section><\/div><div class=\"vc-custom-col-spacing clearfix vc-col-spacing-30\"><section class=\"wpb_row vc_row-fluid vc_custom_1713261666877 vc_row-has-fill row-content-position-Default\"><div class=\"bauer-container\"><div class=\"row-inner clearfix\"><div class=\"wpb_column vc_column_container vc_col-sm-6\"><div class=\"vc_column-inner\"><div class=\"wpb_wrapper\"><div class=\"bauer-simple-image text-center\" style=\"\" >\r\n\t\t\t<img alt=\"image\" data-src=\"https:\/\/eisolutions.ca\/wp-content\/uploads\/2024\/04\/dahu-6.jpg\" src=\"data:image\/gif;base64,R0lGODlhAQABAAAAACH5BAEKAAEALAAAAAABAAEAAAICTAEAOw==\" class=\"lazyload\" style=\"--smush-placeholder-width: 689px; --smush-placeholder-aspect-ratio: 689\/448;\" \/> \r\n\t\t<\/div>\n\t<div class=\"wpb_text_column wpb_content_element  vc_custom_1752836781108\" >\n\t\t<div class=\"wpb_wrapper\">\n\t\t\t<p style=\"text-align: left; color: #ffffff;\"><strong>\u2713 EFFICACIT\u00c9 \u00c9NERG\u00c9TIQUE<\/strong><\/p>\n<p style=\"text-align: left; color: #ffffff;\">Les syst\u00e8mes DAHU sont con\u00e7us pour fonctionner efficacement, utilisant la technologie dessiccante pour \u00e9liminer l\u2019humidit\u00e9 de l\u2019air sans avoir besoin d\u2019un refroidissement ou d\u2019un r\u00e9chauffage excessif, ce qui r\u00e9duit la consommation d\u2019\u00e9nergie et les co\u00fbts d\u2019exploitation.<\/p>\n\n\t\t<\/div>\n\t<\/div>\n<\/div><\/div><\/div><div class=\"wpb_column vc_column_container vc_col-sm-6\"><div class=\"vc_column-inner\"><div class=\"wpb_wrapper\"><div class=\"bauer-simple-image text-center\" style=\"\" >\r\n\t\t\t<img alt=\"image\" data-src=\"https:\/\/eisolutions.ca\/wp-content\/uploads\/2024\/04\/dahu-7.jpg\" src=\"data:image\/gif;base64,R0lGODlhAQABAAAAACH5BAEKAAEALAAAAAABAAEAAAICTAEAOw==\" class=\"lazyload\" style=\"--smush-placeholder-width: 689px; --smush-placeholder-aspect-ratio: 689\/448;\" \/> \r\n\t\t<\/div>\n\t<div class=\"wpb_text_column wpb_content_element  vc_custom_1752836807020\" >\n\t\t<div class=\"wpb_wrapper\">\n\t\t\t<p style=\"text-align: left; color: #ffffff;\"><strong>\u2713 AM\u00c9LIORATION DE LA QUALIT\u00c9 DE L\u2019AIR INT\u00c9RIEUR (QAI)<\/strong><\/p>\n<p style=\"text-align: left; color: #ffffff;\">En \u00e9liminant l\u2019exc\u00e8s d\u2019humidit\u00e9 de l\u2019air, les syst\u00e8mes DAHU aident \u00e0 r\u00e9duire le risque de moisissure et de croissance bact\u00e9rienne, am\u00e9liorant ainsi la QAI et cr\u00e9ant un environnement int\u00e9rieur plus sain.<\/p>\n\n\t\t<\/div>\n\t<\/div>\n<\/div><\/div><\/div><\/div><\/div><\/section><\/div><div class=\"vc-custom-col-spacing clearfix vc-col-spacing-30\"><section class=\"wpb_row vc_row-fluid vc_custom_1713261204371 vc_row-has-fill row-content-position-Default\"><div class=\"bauer-container\"><div class=\"row-inner clearfix\"><div class=\"wpb_column vc_column_container vc_col-sm-9\"><div class=\"vc_column-inner\"><div class=\"wpb_wrapper\"><div class=\"bauer-simple-image text-center\" style=\"\" >\r\n\t\t\t<img alt=\"image\" data-src=\"https:\/\/eisolutions.ca\/wp-content\/uploads\/2024\/04\/dahu-8-1.jpg\" src=\"data:image\/gif;base64,R0lGODlhAQABAAAAACH5BAEKAAEALAAAAAABAAEAAAICTAEAOw==\" class=\"lazyload\" style=\"--smush-placeholder-width: 1136px; --smush-placeholder-aspect-ratio: 1136\/448;\" \/> \r\n\t\t<\/div><\/div><\/div><\/div><div class=\"wpb_column vc_column_container vc_col-sm-3\"><div class=\"vc_column-inner\"><div class=\"wpb_wrapper\">\n\t<div class=\"wpb_text_column wpb_content_element  vc_custom_1752836833399\" >\n\t\t<div class=\"wpb_wrapper\">\n\t\t\t<p style=\"text-align: left; color: #ffffff;\"><strong>\u2713 LONG\u00c9VIT\u00c9 ACCRUE DE L\u2019\u00c9QUIPEMENT<\/strong><\/p>\n<p style=\"text-align: left; color: #ffffff;\">Le maintien d\u2019un faible taux d\u2019humidit\u00e9 avec les syst\u00e8mes DAHU permet de pr\u00e9venir les dommages li\u00e9s \u00e0 la corrosion et \u00e0 l\u2019humidit\u00e9 aux \u00e9quipements et aux infrastructures, en prolongeant leur dur\u00e9e de vie et en r\u00e9duisant les co\u00fbts d\u2019entretien.<\/p>\n\n\t\t<\/div>\n\t<\/div>\n<\/div><\/div><\/div><\/div><\/div><\/section><\/div><div class=\"vc-custom-col-spacing clearfix vc-col-spacing-30\"><section class=\"wpb_row vc_row-fluid vc_custom_1713260224976 vc_row-has-fill row-content-position-Default\"><div class=\"bauer-container\"><div class=\"row-inner clearfix\"><div class=\"wpb_column vc_column_container vc_col-sm-3\"><div class=\"vc_column-inner\"><div class=\"wpb_wrapper\">\n\t<div class=\"wpb_text_column wpb_content_element  vc_custom_1752836860676\" >\n\t\t<div class=\"wpb_wrapper\">\n\t\t\t<p style=\"text-align: left; color: #ffffff;\"><strong>\u2713 POLYVALENCE<\/strong><\/p>\n<p style=\"text-align: left; color: #ffffff;\">Les syst\u00e8mes DAHU peuvent \u00eatre personnalis\u00e9s pour r\u00e9pondre aux besoins sp\u00e9cifiques de diff\u00e9rentes applications et industries, ce qui les rend adapt\u00e9s \u00e0 un large \u00e9ventail d\u2019environnements et d\u2019exigences.<\/p>\n\n\t\t<\/div>\n\t<\/div>\n<\/div><\/div><\/div><div class=\"wpb_column vc_column_container vc_col-sm-9\"><div class=\"vc_column-inner\"><div class=\"wpb_wrapper\"><div class=\"bauer-simple-image text-center\" style=\"\" >\r\n\t\t\t<img alt=\"image\" data-src=\"https:\/\/eisolutions.ca\/wp-content\/uploads\/2024\/04\/dahu-9.jpg\" src=\"data:image\/gif;base64,R0lGODlhAQABAAAAACH5BAEKAAEALAAAAAABAAEAAAICTAEAOw==\" class=\"lazyload\" style=\"--smush-placeholder-width: 1138px; --smush-placeholder-aspect-ratio: 1138\/448;\" \/> \r\n\t\t<\/div><\/div><\/div><\/div><\/div><\/div><\/section><\/div><div class=\"vc-custom-col-spacing clearfix vc-col-spacing-30\"><section class=\"wpb_row vc_row-fluid vc_custom_1713262055014 vc_row-has-fill row-content-position-Default\"><div class=\"bauer-container\"><div class=\"row-inner clearfix\"><div class=\"wpb_column vc_column_container vc_col-sm-12\"><div class=\"vc_column-inner\"><div class=\"wpb_wrapper\"><h2 style=\"font-size: 42px;color: #373680;text-align: left\" class=\"vc_custom_heading\" >Comment fonctionnent les syst\u00e8mes DAHU<\/h2><\/div><\/div><\/div><\/div><\/div><\/section><\/div><div class=\"vc-custom-col-spacing clearfix vc-col-spacing-30\"><section class=\"wpb_row vc_row-fluid vc_custom_1713262060934 vc_row-has-fill row-content-position-Default\"><div class=\"bauer-container\"><div class=\"row-inner clearfix\"><div class=\"wpb_column vc_column_container vc_col-sm-12\"><div class=\"vc_column-inner\"><div class=\"wpb_wrapper\"><div class=\"bauer-simple-image text-center\" style=\"\" >\r\n\t\t\t<img alt=\"image\" data-src=\"https:\/\/eisolutions.ca\/wp-content\/uploads\/2024\/04\/dahu-10.jpg\" src=\"data:image\/gif;base64,R0lGODlhAQABAAAAACH5BAEKAAEALAAAAAABAAEAAAICTAEAOw==\" class=\"lazyload\" style=\"--smush-placeholder-width: 1416px; --smush-placeholder-aspect-ratio: 1416\/448;\" \/> \r\n\t\t<\/div><\/div><\/div><\/div><\/div><\/div><\/section><\/div><div class=\"vc-custom-col-spacing clearfix vc-col-spacing-30\"><section class=\"wpb_row vc_row-fluid vc_custom_1713262853239 vc_row-has-fill row-content-position-Default\"><div class=\"bauer-container\"><div class=\"row-inner clearfix\"><div class=\"wpb_column vc_column_container vc_col-sm-12\"><div class=\"vc_column-inner\"><div class=\"wpb_wrapper\">\n\t<div class=\"wpb_text_column wpb_content_element  vc_custom_1752836887595\" >\n\t\t<div class=\"wpb_wrapper\">\n\t\t\t<p><span style=\"font-weight: 400;\">En termes de fonctionnement, les syst\u00e8mes DAHU se composent g\u00e9n\u00e9ralement d\u2019une roue ou d\u2019un rotor d\u00e9shydratant qui absorbe l\u2019humidit\u00e9 du flux d\u2019air entrant, d\u2019un syst\u00e8me de r\u00e9g\u00e9n\u00e9ration qui \u00e9limine l\u2019humidit\u00e9 du mat\u00e9riau d\u00e9shydratant et d\u2019un ventilateur d\u2019alimentation en air qui distribue l\u2019air conditionn\u00e9 dans l\u2019espace. Le mat\u00e9riau d\u00e9shydratant est r\u00e9g\u00e9n\u00e9r\u00e9 \u00e0 l\u2019aide de la chaleur, souvent provenant d\u2019un chauffage au gaz ou \u00e9lectrique, ce qui permet au syst\u00e8me d\u2019\u00e9liminer continuellement l\u2019humidit\u00e9 de l\u2019air tout en maintenant de faibles niveaux d\u2019humidit\u00e9.<\/span><\/p>\n\n\t\t<\/div>\n\t<\/div>\n<\/div><\/div><\/div><\/div><\/div><\/section><\/div><div class=\"vc-custom-col-spacing clearfix vc-col-spacing-30\"><section class=\"wpb_row vc_row-fluid vc_custom_1713262072652 row-content-position-Default\"><div class=\"bauer-container\"><div class=\"row-inner clearfix\"><div class=\"wpb_column vc_column_container vc_col-sm-12\"><div class=\"vc_column-inner\"><div class=\"wpb_wrapper\"><h2 style=\"font-size: 42px;color: #373680;text-align: left\" class=\"vc_custom_heading\" >Gamme de produits DDS<\/h2><\/div><\/div><\/div><\/div><\/div><\/section><\/div><div class=\"vc-custom-col-spacing clearfix vc-col-spacing-30\"><section class=\"wpb_row vc_row-fluid vc_custom_1713262090519 row-content-position-Default\"><div class=\"bauer-container\"><div class=\"row-inner clearfix\"><div class=\"wpb_column vc_column_container vc_col-sm-12\"><div class=\"vc_column-inner\"><div class=\"wpb_wrapper\">\n\t<div class=\"wpb_text_column wpb_content_element  vc_custom_1752836930463\" >\n\t\t<div class=\"wpb_wrapper\">\n\t\t\t<p><span style=\"font-weight: 400;\">Les syst\u00e8mes de d\u00e9shumidification par adsorption (DDS) sont des unit\u00e9s d\u00e9shydratantes traditionnelles \u00e0 chaleur r\u00e9activ\u00e9e, utilisant la chaleur \u00e0 haute temp\u00e9rature sous forme de gaz, de vapeur ou de chaleur \u00e9lectrique \u00e0 combustion directe pour r\u00e9activer la roue pour les applications \u00e0 faible point de ros\u00e9e.<\/span><\/p>\n<p><span style=\"font-weight: 400;\">Les unit\u00e9s IceAire \u00ab A \u00bb de la s\u00e9rie \u00ab A \u00bb standard varient en taille de 1 250 \u00e0 20 000 pi\u00b3\/min avec une vari\u00e9t\u00e9 de tailles de roues pour r\u00e9pondre \u00e0 la charge d\u2019humidit\u00e9 sp\u00e9cifique de chaque ar\u00e9na. Souvent, le mod\u00e8le \u00ab A \u00bb est contr\u00f4l\u00e9 uniquement par un humidistat spatial pour ne fonctionner que lorsque la d\u00e9shumidification est n\u00e9cessaire. Nous offrons en option le post-refroidissement, le chauffage, divers modes de ventilation et des commandes sont \u00e9galement disponibles.<\/span><\/p>\n<p><span style=\"font-weight: 400;\">S\u00e9rie IceAire \u00ab AM \u00bb Le syst\u00e8me de la s\u00e9rie \u00ab AM \u00bb est \u00e9galement con\u00e7u pour maintenir les conditions d\u2019espace souhait\u00e9es tout en permettant l\u2019introduction de plus grands volumes d\u2019air ext\u00e9rieur pour satisfaire aux exigences du code d\u2019air frais.<\/span><\/p>\n\n\t\t<\/div>\n\t<\/div>\n<div class=\"bauer-content-box clearfix\" ><div class=\"vc-custom-col-inner-spacing clearfix vc-col-inner-spacing-30\"><div id=\"custom-button\" class=\"wpb_row vc_inner vc_row-fluid\"><div class=\"wpb_column vc_column_container vc_col-sm-12\"><div class=\"vc_column-inner\"><div class=\"wpb_wrapper\"><div class=\"bauer-simple-image text-center\" style=\"\" >\r\n\t\t\t<img alt=\"image\" data-src=\"https:\/\/eisolutions.ca\/wp-content\/uploads\/2024\/04\/arena_dds3_big.jpg\" src=\"data:image\/gif;base64,R0lGODlhAQABAAAAACH5BAEKAAEALAAAAAABAAEAAAICTAEAOw==\" class=\"lazyload\" style=\"--smush-placeholder-width: 1920px; --smush-placeholder-aspect-ratio: 1920\/531;\" \/> \r\n\t\t<\/div>\r\n\t<div class=\"bauer-spacer clearfix\" data-desktop=\"40\" data-mobi=\"40\" data-smobi=\"40\"><\/div><div class=\"button-wrap icon-right\" style=\"\" ><a href=\"https:\/\/eisolutions.ca\/fr\/unite-de-traitement-de-lair-a-adsorption-dahu\/\" target=\"_self\" class=\"bauer-button btn-31883760 medium no_icon custom outline solid custom\" style=\"padding:15px 40px;margin:0 auto;border-radius:25px;border-width:0px;\"  data-background=\"#393782\" data-border=\"#393782\" data-text=\"#ffffff\" data-text-hover=\"#ffffff\" data-background-hover=\"#000000\" data-border-hover=\"#000000\">\r\n\t\t<span style=\"\">Voir nos projets DDS <\/span>\r\n\t<\/a><\/div>\r\n\t<div class=\"bauer-spacer clearfix\" data-desktop=\"80\" data-mobi=\"80\" data-smobi=\"80\"><\/div><\/div><\/div><\/div><\/div><\/div><\/div><\/div><\/div><\/div><\/div><\/div><\/section><\/div>","protected":false},"excerpt":{"rendered":"Aper\u00e7u Une unit\u00e9 de traitement d\u2019air par adsorption (DAHU) est un syst\u00e8me de CVC sp\u00e9cialis\u00e9 con\u00e7u pour le contr\u00f4le de l\u2019humidit\u00e9 dans divers environnements commerciaux, industriels et institutionnels. Contrairement aux unit\u00e9s de traitement d\u2019air traditionnelles, qui se concentrent principalement sur le contr\u00f4le de la temp\u00e9rature, les syst\u00e8mes DAHU utilisent la","protected":false},"author":1,"featured_media":0,"parent":0,"menu_order":0,"comment_status":"closed","ping_status":"closed","template":"","meta":[],"_links":{"self":[{"href":"https:\/\/eisolutions.ca\/fr\/wp-json\/wp\/v2\/pages\/12073"}],"collection":[{"href":"https:\/\/eisolutions.ca\/fr\/wp-json\/wp\/v2\/pages"}],"about":[{"href":"https:\/\/eisolutions.ca\/fr\/wp-json\/wp\/v2\/types\/page"}],"author":[{"embeddable":true,"href":"https:\/\/eisolutions.ca\/fr\/wp-json\/wp\/v2\/users\/1"}],"replies":[{"embeddable":true,"href":"https:\/\/eisolutions.ca\/fr\/wp-json\/wp\/v2\/comments?post=12073"}],"version-history":[{"count":0,"href":"https:\/\/eisolutions.ca\/fr\/wp-json\/wp\/v2\/pages\/12073\/revisions"}],"wp:attachment":[{"href":"https:\/\/eisolutions.ca\/fr\/wp-json\/wp\/v2\/media?parent=12073"}],"curies":[{"name":"wp","href":"https:\/\/api.w.org\/{rel}","templated":true}]}}