{"id":12044,"date":"2022-05-06T09:08:54","date_gmt":"2022-05-06T09:08:54","guid":{"rendered":"https:\/\/eisolutions.ca\/dhp\/"},"modified":"2025-07-18T10:54:36","modified_gmt":"2025-07-18T10:54:36","slug":"le-dps","status":"publish","type":"page","link":"https:\/\/eisolutions.ca\/fr\/le-dps\/","title":{"rendered":"Le DPS"},"content":{"rendered":"<div class=\"vc-custom-col-spacing clearfix vc-col-spacing-30\"><section class=\"wpb_row vc_row-fluid vc_custom_1651761511869 vc_row-has-fill row-content-position-Default\"><div class=\"bauer-container\"><div class=\"row-inner clearfix\"><div class=\"wpb_column vc_column_container vc_col-sm-12\"><div class=\"vc_column-inner\"><div class=\"wpb_wrapper\"><div class=\"bauer-content-box clearfix\" ><div class=\"vc-custom-col-inner-spacing clearfix vc-col-inner-spacing-30\"><div class=\"wpb_row vc_inner vc_row-fluid\"><div class=\"wpb_column vc_column_container vc_col-sm-12\"><div class=\"vc_column-inner\"><div class=\"wpb_wrapper\">\r\n\t<div class=\"bauer-spacer clearfix\" data-desktop=\"94\" data-mobi=\"40\" data-smobi=\"40\"><\/div><h2 class=\"bauer-text clearfix\" style=\"font-size:42px;line-height:50px;margin-bottom:12px;\"><p>Le DPS<\/p>\n<\/h2>\r\n\t<div class=\"bauer-spacer clearfix\" data-desktop=\"15\" data-mobi=\"15\" data-smobi=\"15\"><\/div><div class=\"bauer-text clearfix\" style=\"\"><div class=\"tm_pb_text tm_pb_module tm_pb_bg_layout_light tm_pb_text_align_left tm_pb_text_0\">\n<p class=\"p2\"><span style=\"font-weight: 400;\">L\u2019air ext\u00e9rieur repr\u00e9sente souvent la plus grande charge d\u2019humidit\u00e9 pour un b\u00e2timent. C\u2019est pourquoi les experts s\u2019entendent pour dire que le pr\u00e9-traitement de l\u2019air d\u2019appoint avec un syst\u00e8me d\u2019air ext\u00e9rieur d\u00e9di\u00e9 (DOAS) est l\u2019approche la plus efficiente et la plus efficace pour le g\u00e9rer.<\/span><\/p>\n<\/div>\n<\/div><\/div><\/div><\/div><\/div><\/div><\/div><div class=\"bauer-content-box clearfix\" ><div class=\"vc-custom-col-inner-spacing clearfix vc-col-inner-spacing-30\"><div class=\"wpb_row vc_inner vc_row-fluid freedrysection\"><div class=\"wpb_column vc_column_container vc_col-sm-4\"><div class=\"vc_column-inner\"><div class=\"wpb_wrapper\"><div class=\"bauer-image-box clearfix style-3\" style=\"\" >\r\n        <div class=\"item\">\r\n            <div class=\"inner\">\r\n                <div class=\"thumb\" style=\"\"><img width=\"399\" height=\"408\" data-src=\"https:\/\/eisolutions.ca\/wp-content\/uploads\/2023\/12\/HCUc-1-1.png\" class=\"attachment-full size-full lazyload\" alt=\"\" data-srcset=\"https:\/\/eisolutions.ca\/wp-content\/uploads\/2023\/12\/HCUc-1-1.png 399w, https:\/\/eisolutions.ca\/wp-content\/uploads\/2023\/12\/HCUc-1-1-293x300.png 293w\" data-sizes=\"(max-width: 399px) 100vw, 399px\" src=\"data:image\/gif;base64,R0lGODlhAQABAAAAACH5BAEKAAEALAAAAAABAAEAAAICTAEAOw==\" style=\"--smush-placeholder-width: 399px; --smush-placeholder-aspect-ratio: 399\/408;\" \/> <\/div>\r\n                <div class=\"text-wrap\" style=\"\">\r\n                    <h3 class=\"title\" style=\"\">\r\n            HCUc\r\n        <\/h3> <div class=\"desc\" style=\"\">\u00c9conome en \u00e9nergie.<\/div> \r\n                <\/div>\r\n                \r\n            <\/div>\r\n        <\/div>\r\n    <\/div>\r\n\t<div class=\"bauer-spacer clearfix\" data-desktop=\"30\" data-mobi=\"30\" data-smobi=\"30\"><\/div><div class=\"bauer-image-box clearfix style-3\" style=\"\" >\r\n        <div class=\"item\">\r\n            <div class=\"inner\">\r\n                <div class=\"thumb\" style=\"\"><img width=\"399\" height=\"408\" data-src=\"https:\/\/eisolutions.ca\/wp-content\/uploads\/2023\/12\/HCUc-4-1.png\" class=\"attachment-full size-full lazyload\" alt=\"\" data-srcset=\"https:\/\/eisolutions.ca\/wp-content\/uploads\/2023\/12\/HCUc-4-1.png 399w, https:\/\/eisolutions.ca\/wp-content\/uploads\/2023\/12\/HCUc-4-1-293x300.png 293w\" data-sizes=\"(max-width: 399px) 100vw, 399px\" src=\"data:image\/gif;base64,R0lGODlhAQABAAAAACH5BAEKAAEALAAAAAABAAEAAAICTAEAOw==\" style=\"--smush-placeholder-width: 399px; --smush-placeholder-aspect-ratio: 399\/408;\" \/> <\/div>\r\n                <div class=\"text-wrap\" style=\"\">\r\n                    <h3 class=\"title\" style=\"\">\r\n            HCUc\r\n        <\/h3> <div class=\"desc\" style=\"\">Des conduits secs et sains.<\/div> \r\n                <\/div>\r\n                \r\n            <\/div>\r\n        <\/div>\r\n    <\/div>\r\n\t<div class=\"bauer-spacer clearfix\" data-desktop=\"30\" data-mobi=\"30\" data-smobi=\"30\"><\/div><div class=\"bauer-image-box clearfix style-3\" style=\"\" >\r\n        <div class=\"item\">\r\n            <div class=\"inner\">\r\n                <div class=\"thumb\" style=\"\"><img width=\"399\" height=\"408\" data-src=\"https:\/\/eisolutions.ca\/wp-content\/uploads\/2023\/12\/HCUc-7-1.png\" class=\"attachment-full size-full lazyload\" alt=\"\" data-srcset=\"https:\/\/eisolutions.ca\/wp-content\/uploads\/2023\/12\/HCUc-7-1.png 399w, https:\/\/eisolutions.ca\/wp-content\/uploads\/2023\/12\/HCUc-7-1-293x300.png 293w\" data-sizes=\"(max-width: 399px) 100vw, 399px\" src=\"data:image\/gif;base64,R0lGODlhAQABAAAAACH5BAEKAAEALAAAAAABAAEAAAICTAEAOw==\" style=\"--smush-placeholder-width: 399px; --smush-placeholder-aspect-ratio: 399\/408;\" \/> <\/div>\r\n                <div class=\"text-wrap\" style=\"\">\r\n                    <h3 class=\"title\" style=\"\">\r\n            HCUc\r\n        <\/h3> <div class=\"desc\" style=\"\">Contr\u00f4le ind\u00e9pendant de la temp\u00e9rature et de l\u2019humidit\u00e9.<\/div> \r\n                <\/div>\r\n                \r\n            <\/div>\r\n        <\/div>\r\n    <\/div>\r\n\t<div class=\"bauer-spacer clearfix\" data-desktop=\"30\" data-mobi=\"30\" data-smobi=\"30\"><\/div><\/div><\/div><\/div><div class=\"wpb_column vc_column_container vc_col-sm-4\"><div class=\"vc_column-inner\"><div class=\"wpb_wrapper\"><div class=\"bauer-image-box clearfix style-3\" style=\"\" >\r\n        <div class=\"item\">\r\n            <div class=\"inner\">\r\n                <div class=\"thumb\" style=\"\"><img width=\"399\" height=\"408\" data-src=\"https:\/\/eisolutions.ca\/wp-content\/uploads\/2022\/05\/HCUc-2.png\" class=\"attachment-full size-full lazyload\" alt=\"\" data-srcset=\"https:\/\/eisolutions.ca\/wp-content\/uploads\/2022\/05\/HCUc-2.png 399w, https:\/\/eisolutions.ca\/wp-content\/uploads\/2022\/05\/HCUc-2-293x300.png 293w\" data-sizes=\"(max-width: 399px) 100vw, 399px\" src=\"data:image\/gif;base64,R0lGODlhAQABAAAAACH5BAEKAAEALAAAAAABAAEAAAICTAEAOw==\" style=\"--smush-placeholder-width: 399px; --smush-placeholder-aspect-ratio: 399\/408;\" \/> <\/div>\r\n                <div class=\"text-wrap\" style=\"\">\r\n                    <h3 class=\"title\" style=\"\">\r\n            HCUc\r\n        <\/h3> <div class=\"desc\" style=\"\">Air d'appoint frais.<\/div> \r\n                <\/div>\r\n                \r\n            <\/div>\r\n        <\/div>\r\n    <\/div>\r\n\t<div class=\"bauer-spacer clearfix\" data-desktop=\"30\" data-mobi=\"30\" data-smobi=\"30\"><\/div><div class=\"bauer-image-box clearfix style-3\" style=\"\" >\r\n        <div class=\"item\">\r\n            <div class=\"inner\">\r\n                <div class=\"thumb\" style=\"\"><img width=\"399\" height=\"408\" data-src=\"https:\/\/eisolutions.ca\/wp-content\/uploads\/2023\/12\/HCUc-5-1.png\" class=\"attachment-full size-full lazyload\" alt=\"\" data-srcset=\"https:\/\/eisolutions.ca\/wp-content\/uploads\/2023\/12\/HCUc-5-1.png 399w, https:\/\/eisolutions.ca\/wp-content\/uploads\/2023\/12\/HCUc-5-1-293x300.png 293w\" data-sizes=\"(max-width: 399px) 100vw, 399px\" src=\"data:image\/gif;base64,R0lGODlhAQABAAAAACH5BAEKAAEALAAAAAABAAEAAAICTAEAOw==\" style=\"--smush-placeholder-width: 399px; --smush-placeholder-aspect-ratio: 399\/408;\" \/> <\/div>\r\n                <div class=\"text-wrap\" style=\"\">\r\n                    <h3 class=\"title\" style=\"\">\r\n            HCUc\r\n        <\/h3> <div class=\"desc\" style=\"\">Augmentez votre COP de refroidissement.<\/div> \r\n                <\/div>\r\n                \r\n            <\/div>\r\n        <\/div>\r\n    <\/div>\r\n\t<div class=\"bauer-spacer clearfix\" data-desktop=\"30\" data-mobi=\"30\" data-smobi=\"30\"><\/div><\/div><\/div><\/div><div class=\"wpb_column vc_column_container vc_col-sm-4\"><div class=\"vc_column-inner\"><div class=\"wpb_wrapper\"><div class=\"bauer-image-box clearfix style-3\" style=\"\" >\r\n        <div class=\"item\">\r\n            <div class=\"inner\">\r\n                <div class=\"thumb\" style=\"\"><img width=\"399\" height=\"408\" data-src=\"https:\/\/eisolutions.ca\/wp-content\/uploads\/2022\/05\/HCUc-3.png\" class=\"attachment-full size-full lazyload\" alt=\"\" data-srcset=\"https:\/\/eisolutions.ca\/wp-content\/uploads\/2022\/05\/HCUc-3.png 399w, https:\/\/eisolutions.ca\/wp-content\/uploads\/2022\/05\/HCUc-3-293x300.png 293w\" data-sizes=\"(max-width: 399px) 100vw, 399px\" src=\"data:image\/gif;base64,R0lGODlhAQABAAAAACH5BAEKAAEALAAAAAABAAEAAAICTAEAOw==\" style=\"--smush-placeholder-width: 399px; --smush-placeholder-aspect-ratio: 399\/408;\" \/> <\/div>\r\n                <div class=\"text-wrap\" style=\"\">\r\n                    <h3 class=\"title\" style=\"\">\r\n            HCUc\r\n        <\/h3> <div class=\"desc\" style=\"\">\u00c9vitez de refroidir et de r\u00e9chauffer.<\/div> \r\n                <\/div>\r\n                \r\n            <\/div>\r\n        <\/div>\r\n    <\/div>\r\n\t<div class=\"bauer-spacer clearfix\" data-desktop=\"30\" data-mobi=\"30\" data-smobi=\"30\"><\/div><div class=\"bauer-image-box clearfix style-3\" style=\"\" >\r\n        <div class=\"item\">\r\n            <div class=\"inner\">\r\n                <div class=\"thumb\" style=\"\"><img width=\"399\" height=\"408\" data-src=\"https:\/\/eisolutions.ca\/wp-content\/uploads\/2022\/05\/HCUc-6.png\" class=\"attachment-full size-full lazyload\" alt=\"\" data-srcset=\"https:\/\/eisolutions.ca\/wp-content\/uploads\/2022\/05\/HCUc-6.png 399w, https:\/\/eisolutions.ca\/wp-content\/uploads\/2022\/05\/HCUc-6-293x300.png 293w\" data-sizes=\"(max-width: 399px) 100vw, 399px\" src=\"data:image\/gif;base64,R0lGODlhAQABAAAAACH5BAEKAAEALAAAAAABAAEAAAICTAEAOw==\" style=\"--smush-placeholder-width: 399px; --smush-placeholder-aspect-ratio: 399\/408;\" \/> <\/div>\r\n                <div class=\"text-wrap\" style=\"\">\r\n                    <h3 class=\"title\" style=\"\">\r\n            HCUc\r\n        <\/h3> <div class=\"desc\" style=\"\">Conformit\u00e9 aux normes \u00e0 faible co\u00fbt.<\/div> \r\n                <\/div>\r\n                \r\n            <\/div>\r\n        <\/div>\r\n    <\/div>\r\n\t<div class=\"bauer-spacer clearfix\" data-desktop=\"30\" data-mobi=\"30\" data-smobi=\"30\"><\/div><\/div><\/div><\/div><\/div><\/div><\/div>\r\n\t<div class=\"bauer-spacer clearfix\" data-desktop=\"100\" data-mobi=\"40\" data-smobi=\"40\"><\/div><\/div><\/div><\/div><\/div><\/div><\/section><\/div>","protected":false},"excerpt":{"rendered":"Le DPS L\u2019air ext\u00e9rieur repr\u00e9sente souvent la plus grande charge d\u2019humidit\u00e9 pour un b\u00e2timent. C\u2019est pourquoi les experts s\u2019entendent pour dire que le pr\u00e9-traitement de l\u2019air d\u2019appoint avec un syst\u00e8me d\u2019air ext\u00e9rieur d\u00e9di\u00e9 (DOAS) est l\u2019approche la plus efficiente et la plus efficace pour le g\u00e9rer. HCUc \u00c9conome en \u00e9nergie.","protected":false},"author":1,"featured_media":0,"parent":0,"menu_order":0,"comment_status":"closed","ping_status":"closed","template":"","meta":[],"_links":{"self":[{"href":"https:\/\/eisolutions.ca\/fr\/wp-json\/wp\/v2\/pages\/12044"}],"collection":[{"href":"https:\/\/eisolutions.ca\/fr\/wp-json\/wp\/v2\/pages"}],"about":[{"href":"https:\/\/eisolutions.ca\/fr\/wp-json\/wp\/v2\/types\/page"}],"author":[{"embeddable":true,"href":"https:\/\/eisolutions.ca\/fr\/wp-json\/wp\/v2\/users\/1"}],"replies":[{"embeddable":true,"href":"https:\/\/eisolutions.ca\/fr\/wp-json\/wp\/v2\/comments?post=12044"}],"version-history":[{"count":0,"href":"https:\/\/eisolutions.ca\/fr\/wp-json\/wp\/v2\/pages\/12044\/revisions"}],"wp:attachment":[{"href":"https:\/\/eisolutions.ca\/fr\/wp-json\/wp\/v2\/media?parent=12044"}],"curies":[{"name":"wp","href":"https:\/\/api.w.org\/{rel}","templated":true}]}}