{"id":12010,"date":"2024-04-10T07:08:02","date_gmt":"2024-04-10T07:08:02","guid":{"rendered":"https:\/\/eisolutions.ca\/erv\/"},"modified":"2025-07-18T09:59:26","modified_gmt":"2025-07-18T09:59:26","slug":"vre","status":"publish","type":"page","link":"https:\/\/eisolutions.ca\/fr\/vre\/","title":{"rendered":"VRE"},"content":{"rendered":"<div class=\"vc-custom-col-spacing clearfix vc-col-spacing-30\"><section class=\"wpb_row vc_row-fluid vc_custom_1712733229527 row-content-position-Default\"><div class=\"bauer-container\"><div class=\"row-inner clearfix\"><div class=\"wpb_column vc_column_container vc_col-sm-12\"><div class=\"vc_column-inner\"><div class=\"wpb_wrapper\">\r\n\t<div class=\"bauer-spacer clearfix\" data-desktop=\"94\" data-mobi=\"60\" data-smobi=\"60\"><\/div><h2 style=\"font-size: 42px;color: #373680;line-height: 50px;text-align: left\" class=\"vc_custom_heading\" >Aper\u00e7u<\/h2>\n\t<div class=\"wpb_text_column wpb_content_element  vc_custom_1752832075688\" >\n\t\t<div class=\"wpb_wrapper\">\n\t\t\t<p><span style=\"font-weight: 400;\">Un ventilateur r\u00e9cup\u00e9rateur d\u2019\u00e9nergie (ERV) est un type d\u2019\u00e9quipement m\u00e9canique qui comprend un \u00e9changeur de chaleur combin\u00e9 \u00e0 un syst\u00e8me de ventilation pour fournir une ventilation contr\u00f4l\u00e9e dans un b\u00e2timent. Ce type d\u2019\u00e9quipement a \u00e9t\u00e9 introduit comme \u00e9changeur de chaleur \u00ab air-air \u00bb dans les r\u00e9gions plus froides du Canada.<\/span><\/p>\n\n\t\t<\/div>\n\t<\/div>\n<div class=\"bauer-simple-image text-center\" style=\"\" >\r\n\t\t\t<img alt=\"image\" data-src=\"https:\/\/eisolutions.ca\/wp-content\/uploads\/2024\/04\/erv-banner1.jpg\" src=\"data:image\/gif;base64,R0lGODlhAQABAAAAACH5BAEKAAEALAAAAAABAAEAAAICTAEAOw==\" class=\"lazyload\" style=\"--smush-placeholder-width: 1407px; --smush-placeholder-aspect-ratio: 1407\/465;\" \/> \r\n\t\t<\/div>\n\t<div class=\"wpb_text_column wpb_content_element  vc_custom_1752832087268\" >\n\t\t<div class=\"wpb_wrapper\">\n\t\t\t<p style=\"text-align: left; color: #000000;\"><span style=\"font-weight: 400;\">Les maisons modernes bien construites ont des probl\u00e8mes de qualit\u00e9 de l\u2019air int\u00e9rieur et d\u2019humidit\u00e9 excessive pendant l\u2019hiver. L\u2019\u00e9changeur de chaleur air-air apportait de l\u2019air frais \u00e0 l\u2019ext\u00e9rieur pour lutter contre ces probl\u00e8mes et le pr\u00e9chauffait en m\u00eame temps. Ces produits sont maintenant appel\u00e9s ventilateurs r\u00e9cup\u00e9rateurs de chaleur ou VRC. Les VRE sont disponibles en mod\u00e8les muraux ou connect\u00e9s \u00e0 des conduits.<\/span><\/p>\n\n\t\t<\/div>\n\t<\/div>\n<\/div><\/div><\/div><\/div><\/div><\/section><\/div><div class=\"vc-custom-col-spacing clearfix vc-col-spacing-30\"><section class=\"wpb_row vc_row-fluid vc_custom_1712229593049 vc_row-has-fill row-content-position-Default\"><div class=\"bauer-container\"><div class=\"row-inner clearfix\"><div class=\"wpb_column vc_column_container vc_col-sm-12\"><div class=\"vc_column-inner\"><div class=\"wpb_wrapper\"><h2 style=\"font-size: 42px;color: #ffffff;text-align: left\" class=\"vc_custom_heading vc_custom_1752832099314\" >Avantages des syst\u00e8mes de ventilation \u00e0 r\u00e9cup\u00e9ration d\u2019\u00e9nergie (VRE)<\/h2><\/div><\/div><\/div><\/div><\/div><\/section><\/div><div class=\"vc-custom-col-spacing clearfix vc-col-spacing-30\"><section class=\"wpb_row vc_row-fluid vc_custom_1712229524974 vc_row-has-fill row-content-position-Default\"><div class=\"bauer-container\"><div class=\"row-inner clearfix\"><div class=\"wpb_column vc_column_container vc_col-sm-6\"><div class=\"vc_column-inner\"><div class=\"wpb_wrapper\"><div class=\"bauer-simple-image text-center\" style=\"\" >\r\n\t\t\t<img alt=\"image\" data-src=\"https:\/\/eisolutions.ca\/wp-content\/uploads\/2024\/04\/erv-banner2.jpg\" src=\"data:image\/gif;base64,R0lGODlhAQABAAAAACH5BAEKAAEALAAAAAABAAEAAAICTAEAOw==\" class=\"lazyload\" style=\"--smush-placeholder-width: 685px; --smush-placeholder-aspect-ratio: 685\/446;\" \/> \r\n\t\t<\/div>\n\t<div class=\"wpb_text_column wpb_content_element  vc_custom_1752832395681\" >\n\t\t<div class=\"wpb_wrapper\">\n\t\t\t<p style=\"text-align: left; color: #ffffff;\"><strong>\u2713 EFFICACIT\u00c9 \u00c9NERG\u00c9TIQUE<\/strong><\/p>\n<p style=\"text-align: left; color: #ffffff;\">Les syst\u00e8mes ERV sont tr\u00e8s \u00e9co\u00e9nerg\u00e9tiques et aident \u00e0 r\u00e9duire la consommation globale d\u2019\u00e9nergie en r\u00e9cup\u00e9rant l\u2019\u00e9nergie du flux d\u2019air \u00e9vacu\u00e9 et en l\u2019utilisant pour pr\u00e9conditionner l\u2019air frais entrant. Cela se traduit par des co\u00fbts de chauffage et de climatisation r\u00e9duits tout en maintenant les niveaux de confort int\u00e9rieur.<\/p>\n\n\t\t<\/div>\n\t<\/div>\n<\/div><\/div><\/div><div class=\"wpb_column vc_column_container vc_col-sm-6\"><div class=\"vc_column-inner\"><div class=\"wpb_wrapper\"><div class=\"bauer-simple-image text-center\" style=\"\" >\r\n\t\t\t<img alt=\"image\" data-src=\"https:\/\/eisolutions.ca\/wp-content\/uploads\/2024\/04\/erv-banner3.jpg\" src=\"data:image\/gif;base64,R0lGODlhAQABAAAAACH5BAEKAAEALAAAAAABAAEAAAICTAEAOw==\" class=\"lazyload\" style=\"--smush-placeholder-width: 685px; --smush-placeholder-aspect-ratio: 685\/446;\" \/> \r\n\t\t<\/div>\n\t<div class=\"wpb_text_column wpb_content_element  vc_custom_1752832425773\" >\n\t\t<div class=\"wpb_wrapper\">\n\t\t\t<p style=\"text-align: left; color: #ffffff;\"><strong>\u2713 LIVRAISON \u00c0 BAS POINT DE ROS\u00c9E<\/strong><\/p>\n<p style=\"text-align: left; color: #ffffff;\">Les syst\u00e8mes ERV sont capables de fournir de l\u2019air avec de faibles points de ros\u00e9e, \u00e9liminant efficacement l\u2019humidit\u00e9 du flux d\u2019air entrant. Cela aide \u00e0 pr\u00e9venir la condensation et les probl\u00e8mes li\u00e9s \u00e0 l\u2019humidit\u00e9, tels que la croissance de moisissures, assurant un environnement int\u00e9rieur sec et sain.<\/p>\n\n\t\t<\/div>\n\t<\/div>\n<\/div><\/div><\/div><\/div><\/div><\/section><\/div><div class=\"vc-custom-col-spacing clearfix vc-col-spacing-30\"><section class=\"wpb_row vc_row-fluid vc_custom_1712229524974 vc_row-has-fill row-content-position-Default\"><div class=\"bauer-container\"><div class=\"row-inner clearfix\"><div class=\"wpb_column vc_column_container vc_col-sm-12\"><div class=\"vc_column-inner\"><div class=\"wpb_wrapper\"><div class=\"bauer-simple-image text-center\" style=\"\" >\r\n\t\t\t<img alt=\"image\" data-src=\"https:\/\/eisolutions.ca\/wp-content\/uploads\/2024\/04\/erv-banner4.jpg\" src=\"data:image\/gif;base64,R0lGODlhAQABAAAAACH5BAEKAAEALAAAAAABAAEAAAICTAEAOw==\" class=\"lazyload\" style=\"--smush-placeholder-width: 1407px; --smush-placeholder-aspect-ratio: 1407\/446;\" \/> \r\n\t\t<\/div>\n\t<div class=\"wpb_text_column wpb_content_element  vc_custom_1752832463869\" >\n\t\t<div class=\"wpb_wrapper\">\n\t\t\t<p style=\"text-align: left; color: #ffffff;\"><strong>\u2713 R\u00c9CUP\u00c9RATION D\u2019\u00c9NERGIE HIVERNALE<\/strong><\/p>\n<p style=\"text-align: left; color: #ffffff;\">Les syst\u00e8mes ERV effectuent une r\u00e9cup\u00e9ration d\u2019\u00e9nergie non seulement en \u00e9t\u00e9, mais aussi en hiver. En transf\u00e9rant la chaleur de l\u2019air \u00e9vacu\u00e9 \u00e0 l\u2019air frais entrant pendant la saison de chauffage, les VRE aident \u00e0 maintenir les niveaux de confort int\u00e9rieur tout en minimisant les pertes d\u2019\u00e9nergie.<\/p>\n\n\t\t<\/div>\n\t<\/div>\n<\/div><\/div><\/div><\/div><\/div><\/section><\/div><div class=\"vc-custom-col-spacing clearfix vc-col-spacing-30\"><section class=\"wpb_row vc_row-fluid vc_custom_1712734190214 vc_row-has-fill row-content-position-Default\"><div class=\"bauer-container\"><div class=\"row-inner clearfix\"><div class=\"wpb_column vc_column_container vc_col-sm-8\"><div class=\"vc_column-inner\"><div class=\"wpb_wrapper\"><div class=\"bauer-simple-image text-center\" style=\"\" >\r\n\t\t\t<img alt=\"image\" data-src=\"https:\/\/eisolutions.ca\/wp-content\/uploads\/2024\/04\/erv-banner5.jpg\" src=\"data:image\/gif;base64,R0lGODlhAQABAAAAACH5BAEKAAEALAAAAAABAAEAAAICTAEAOw==\" class=\"lazyload\" style=\"--smush-placeholder-width: 1013px; --smush-placeholder-aspect-ratio: 1013\/446;\" \/> \r\n\t\t<\/div><\/div><\/div><\/div><div class=\"wpb_column vc_column_container vc_col-sm-4\"><div class=\"vc_column-inner\"><div class=\"wpb_wrapper\">\n\t<div class=\"wpb_text_column wpb_content_element  vc_custom_1752832522661\" >\n\t\t<div class=\"wpb_wrapper\">\n\t\t\t<p style=\"text-align: left; color: #ffffff;\"><strong>\u2713 FOURNITURE D\u2019AIR D\u2019APPOINT<\/strong><\/p>\n<p style=\"text-align: left; color: #ffffff;\">Les syst\u00e8mes ERV offrent un source d\u2019air d\u2019appoint, assurant une ventilation ad\u00e9quate et une qualit\u00e9 de l\u2019air int\u00e9rieur dans les b\u00e2timents commerciaux, industriels et r\u00e9sidentiels.<\/p>\n<p style=\"text-align: left; color: #ffffff;\">Cela aide \u00e0 pr\u00e9venir l\u2019accumulation de polluants int\u00e9rieurs et assure un approvisionnement continu en air frais et propre.<\/p>\n\n\t\t<\/div>\n\t<\/div>\n<\/div><\/div><\/div><\/div><\/div><\/section><\/div><div class=\"vc-custom-col-spacing clearfix vc-col-spacing-30\"><section class=\"wpb_row vc_row-fluid vc_custom_1712736404352 vc_row-has-fill row-content-position-Default\"><div class=\"bauer-container\"><div class=\"row-inner clearfix\"><div class=\"wpb_column vc_column_container vc_col-sm-12\"><div class=\"vc_column-inner\"><div class=\"wpb_wrapper\"><div class=\"bauer-simple-image text-center\" style=\"\" >\r\n\t\t\t<img alt=\"image\" data-src=\"https:\/\/eisolutions.ca\/wp-content\/uploads\/2024\/04\/erv-banner6.jpg\" src=\"data:image\/gif;base64,R0lGODlhAQABAAAAACH5BAEKAAEALAAAAAABAAEAAAICTAEAOw==\" class=\"lazyload\" style=\"--smush-placeholder-width: 1406px; --smush-placeholder-aspect-ratio: 1406\/446;\" \/> \r\n\t\t<\/div>\n\t<div class=\"wpb_text_column wpb_content_element  vc_custom_1752832554293\" >\n\t\t<div class=\"wpb_wrapper\">\n\t\t\t<p style=\"text-align: left; color: #373680;\"><strong>\u2713 \u00c9LIMINATION DU PROCESSUS DE REFROIDISSEMENT ET DE R\u00c9CHAUFFAGE<\/strong><\/p>\n<p>Contrairement aux syst\u00e8mes CVC conventionnels, les VRE \u00e9vitent le processus inefficace de refroidissement et de r\u00e9chauffage en r\u00e9cup\u00e9rant l\u2019\u00e9nergie du flux d\u2019air \u00e9vacu\u00e9. Cela \u00e9limine le besoin d\u2019un refroidissement excessif suivi d\u2019un r\u00e9chauffage, ce qui se traduit par des \u00e9conomies d\u2019\u00e9nergie et une am\u00e9lioration de l\u2019efficacit\u00e9 du syst\u00e8me.<\/p>\n\n\t\t<\/div>\n\t<\/div>\n<\/div><\/div><\/div><\/div><\/div><\/section><\/div><div class=\"vc-custom-col-spacing clearfix vc-col-spacing-30\"><section class=\"wpb_row vc_row-fluid vc_custom_1712736507586 vc_row-has-fill row-content-position-Default\"><div class=\"bauer-container\"><div class=\"row-inner clearfix\"><div class=\"wpb_column vc_column_container vc_col-sm-6\"><div class=\"vc_column-inner\"><div class=\"wpb_wrapper\"><div class=\"bauer-simple-image text-center\" style=\"\" >\r\n\t\t\t<img alt=\"image\" data-src=\"https:\/\/eisolutions.ca\/wp-content\/uploads\/2024\/04\/erv-banner7.jpg\" src=\"data:image\/gif;base64,R0lGODlhAQABAAAAACH5BAEKAAEALAAAAAABAAEAAAICTAEAOw==\" class=\"lazyload\" style=\"--smush-placeholder-width: 685px; --smush-placeholder-aspect-ratio: 685\/446;\" \/> \r\n\t\t<\/div>\n\t<div class=\"wpb_text_column wpb_content_element  vc_custom_1752832580108\" >\n\t\t<div class=\"wpb_wrapper\">\n\t\t\t<p style=\"text-align: left; color: #373680;\"><strong>\u2713 CONDUITS SECS ET SAINS<\/strong><\/p>\n<p>Les syst\u00e8mes ERV aident \u00e0 maintenir des conduits secs et sains en \u00e9liminant l\u2019exc\u00e8s d\u2019humidit\u00e9 du flux d\u2019air. Cela r\u00e9duit le risque de moisissure et de croissance bact\u00e9rienne dans les conduits, am\u00e9liorant ainsi la qualit\u00e9 de l\u2019air int\u00e9rieur et la long\u00e9vit\u00e9 du syst\u00e8me.<\/p>\n\n\t\t<\/div>\n\t<\/div>\n<\/div><\/div><\/div><div class=\"wpb_column vc_column_container vc_col-sm-6\"><div class=\"vc_column-inner\"><div class=\"wpb_wrapper\"><div class=\"bauer-simple-image text-center\" style=\"\" >\r\n\t\t\t<img alt=\"image\" data-src=\"https:\/\/eisolutions.ca\/wp-content\/uploads\/2024\/04\/erv-banner8.jpg\" src=\"data:image\/gif;base64,R0lGODlhAQABAAAAACH5BAEKAAEALAAAAAABAAEAAAICTAEAOw==\" class=\"lazyload\" style=\"--smush-placeholder-width: 685px; --smush-placeholder-aspect-ratio: 685\/446;\" \/> \r\n\t\t<\/div>\n\t<div class=\"wpb_text_column wpb_content_element  vc_custom_1752832606845\" >\n\t\t<div class=\"wpb_wrapper\">\n\t\t\t<p style=\"text-align: left; color: #373680;\"><strong>\u2713 COP DE REFROIDISSEMENT ACCRU<\/strong><\/p>\n<p>Les syst\u00e8mes ERV contribuent \u00e0 augmenter le coefficient de performance (COP) de refroidissement en pr\u00e9refroidissant le flux d\u2019air entrant avec l\u2019air d\u2019\u00e9chappement plus froid. Cela r\u00e9duit la charge de travail sur le syst\u00e8me de refroidissement, ce qui am\u00e9liore l\u2019efficacit\u00e9 \u00e9nerg\u00e9tique et r\u00e9duit les co\u00fbts d\u2019exploitation.<\/p>\n\n\t\t<\/div>\n\t<\/div>\n<\/div><\/div><\/div><\/div><\/div><\/section><\/div><div class=\"vc-custom-col-spacing clearfix vc-col-spacing-30\"><section class=\"wpb_row vc_row-fluid vc_custom_1712737590005 vc_row-has-fill row-content-position-Default\"><div class=\"bauer-container\"><div class=\"row-inner clearfix\"><div class=\"wpb_column vc_column_container vc_col-sm-4\"><div class=\"vc_column-inner\"><div class=\"wpb_wrapper\">\n\t<div class=\"wpb_text_column wpb_content_element  vc_custom_1752832668303\" >\n\t\t<div class=\"wpb_wrapper\">\n\t\t\t<p style=\"text-align: left; color: #373680;\"><strong>\u2713 CONTR\u00d4LE IND\u00c9PENDANT DE LA TEMP\u00c9RATURE ET DE L\u2019HUMIDIT\u00c9<\/strong><\/p>\n<p>Les syst\u00e8mes ERV offrent un contr\u00f4le ind\u00e9pendant des niveaux de temp\u00e9rature et d\u2019humidit\u00e9 excessifs; permettant un ajustement pr\u00e9cis bas\u00e9 sur des exigences particuli\u00e8res en mati\u00e8re de confort.<\/p>\n<p>Cela garantit des conditions int\u00e9rieures optimales toute l\u2019ann\u00e9e, am\u00e9liorant les occupants confort et productivit\u00e9.<\/p>\n\n\t\t<\/div>\n\t<\/div>\n<\/div><\/div><\/div><div class=\"wpb_column vc_column_container vc_col-sm-8\"><div class=\"vc_column-inner\"><div class=\"wpb_wrapper\"><div class=\"bauer-simple-image text-center\" style=\"\" >\r\n\t\t\t<img alt=\"image\" data-src=\"https:\/\/eisolutions.ca\/wp-content\/uploads\/2024\/04\/erv-banner9.jpg\" src=\"data:image\/gif;base64,R0lGODlhAQABAAAAACH5BAEKAAEALAAAAAABAAEAAAICTAEAOw==\" class=\"lazyload\" style=\"--smush-placeholder-width: 993px; --smush-placeholder-aspect-ratio: 993\/446;\" \/> \r\n\t\t<\/div><\/div><\/div><\/div><\/div><\/div><\/section><\/div><div class=\"vc-custom-col-spacing clearfix vc-col-spacing-30\"><section class=\"wpb_row vc_row-fluid vc_custom_1712737741413 row-content-position-Default\"><div class=\"bauer-container\"><div class=\"row-inner clearfix\"><div class=\"wpb_column vc_column_container vc_col-sm-12\"><div class=\"vc_column-inner\"><div class=\"wpb_wrapper\"><h2 style=\"font-size: 42px;color: #373680;text-align: left\" class=\"vc_custom_heading\" >VRE DryCool\u2122<\/h2>\n\t<div class=\"wpb_text_column wpb_content_element  vc_custom_1752832727833\" >\n\t\t<div class=\"wpb_wrapper\">\n\t\t\t<p><span style=\"font-weight: 400;\">Le produit DryCool\u2122 ERV fournit 100% d\u2019air ext\u00e9rieur \u00e0 l\u2019espace qui sera plus sec que l\u2019unit\u00e9 d\u2019air d\u2019appoint (MAU) typique tout en utilisant moins d\u2019\u00e9nergie que l\u2019unit\u00e9 d\u2019appoint standard. Le DryCool\u2122 ERV y parvient en combinant les points de ros\u00e9e de l\u2019air souffl\u00e9 plus bas de la technologie de d\u00e9shumidification par adsorption avec l\u2019efficacit\u00e9 \u00e9nerg\u00e9tique de la r\u00e9cup\u00e9ration totale de l\u2019\u00e9nergie. L\u2019unit\u00e9 ERV DryCool\u2122 fournit non seulement les volumes de ventilation ASHRAE requis, mais surveille et contr\u00f4le \u00e9galement l\u2019espace aux niveaux d\u2019humidit\u00e9 pr\u00e9vus via un humidistat d\u2019espace.<\/span><\/p>\n\n\t\t<\/div>\n\t<\/div>\n<div class=\"bauer-simple-image text-center\" style=\"\" >\r\n\t\t\t<img alt=\"image\" data-src=\"https:\/\/eisolutions.ca\/wp-content\/uploads\/2024\/04\/erv-banner10.jpg\" src=\"data:image\/gif;base64,R0lGODlhAQABAAAAACH5BAEKAAEALAAAAAABAAEAAAICTAEAOw==\" class=\"lazyload\" style=\"--smush-placeholder-width: 1407px; --smush-placeholder-aspect-ratio: 1407\/465;\" \/> \r\n\t\t<\/div>\n\t<div class=\"wpb_text_column wpb_content_element  vc_custom_1752832762993\" >\n\t\t<div class=\"wpb_wrapper\">\n\t\t\t<p><span style=\"font-weight: 400;\">L\u2019unit\u00e9 DryCool\u2122 est un syst\u00e8me DX complet d\u2019alimentation \u00e0 point unique qui atteint la plus faible consommation d\u2019\u00e9nergie sur le march\u00e9 en utilisant la chaleur libre du condenseur pour r\u00e9activer le cycle de d\u00e9shumidification par d\u00e9shydratant. Cette technologie \u00e9limine le processus inefficace de surrefroidissement\/r\u00e9chauffage utilis\u00e9 par la grande majorit\u00e9 des MAU. Il permet \u00e9galement au serpentin de refroidissement de fonctionner \u00e0 des temp\u00e9ratures plus \u00e9lev\u00e9es, ce qui augmente l\u2019efficacit\u00e9 de la r\u00e9frig\u00e9ration et \u00e9limine les probl\u00e8mes de cong\u00e9lation du serpentin. L\u2019effet global peut \u00eatre d\u00e9montr\u00e9 en atteignant des ER \u00e9quivalents dans les 20 secondes.<\/span><\/p>\n<p><span style=\"font-weight: 400;\">Le produit DryCool\u00a9 ERV combine les avantages de la d\u00e9shumidification par d\u00e9shydratation par adsorption et de la r\u00e9cup\u00e9ration d\u2019\u00e9nergie totale. L\u2019unit\u00e9 fournit 100% d\u2019air d\u2019appoint en utilisant la r\u00e9cup\u00e9ration d\u2019\u00e9nergie du flux d\u2019air \u00e9vacu\u00e9.<\/span><\/p>\n\n\t\t<\/div>\n\t<\/div>\n<\/div><\/div><\/div><\/div><\/div><\/section><\/div>","protected":false},"excerpt":{"rendered":"Aper\u00e7u Un ventilateur r\u00e9cup\u00e9rateur d\u2019\u00e9nergie (ERV) est un type d\u2019\u00e9quipement m\u00e9canique qui comprend un \u00e9changeur de chaleur combin\u00e9 \u00e0 un syst\u00e8me de ventilation pour fournir une ventilation contr\u00f4l\u00e9e dans un b\u00e2timent. Ce type d\u2019\u00e9quipement a \u00e9t\u00e9 introduit comme \u00e9changeur de chaleur \u00ab air-air \u00bb dans les r\u00e9gions plus froides du","protected":false},"author":1,"featured_media":0,"parent":0,"menu_order":0,"comment_status":"closed","ping_status":"closed","template":"","meta":[],"_links":{"self":[{"href":"https:\/\/eisolutions.ca\/fr\/wp-json\/wp\/v2\/pages\/12010"}],"collection":[{"href":"https:\/\/eisolutions.ca\/fr\/wp-json\/wp\/v2\/pages"}],"about":[{"href":"https:\/\/eisolutions.ca\/fr\/wp-json\/wp\/v2\/types\/page"}],"author":[{"embeddable":true,"href":"https:\/\/eisolutions.ca\/fr\/wp-json\/wp\/v2\/users\/1"}],"replies":[{"embeddable":true,"href":"https:\/\/eisolutions.ca\/fr\/wp-json\/wp\/v2\/comments?post=12010"}],"version-history":[{"count":0,"href":"https:\/\/eisolutions.ca\/fr\/wp-json\/wp\/v2\/pages\/12010\/revisions"}],"wp:attachment":[{"href":"https:\/\/eisolutions.ca\/fr\/wp-json\/wp\/v2\/media?parent=12010"}],"curies":[{"name":"wp","href":"https:\/\/api.w.org\/{rel}","templated":true}]}}