{"id":11851,"date":"2024-04-29T09:13:52","date_gmt":"2024-04-29T09:13:52","guid":{"rendered":"https:\/\/eisolutions.ca\/freedryflex\/"},"modified":"2025-07-24T09:21:38","modified_gmt":"2025-07-24T09:21:38","slug":"freedryflex","status":"publish","type":"page","link":"https:\/\/eisolutions.ca\/fr\/freedryflex\/","title":{"rendered":"FreeDryFLEX"},"content":{"rendered":"<div class=\"vc-custom-col-spacing clearfix vc-col-spacing-30\"><section class=\"wpb_row vc_row-fluid vc_custom_1713960257139 row-content-position-Default\"><div class=\"bauer-container\"><div class=\"row-inner clearfix\"><div class=\"wpb_column vc_column_container vc_col-sm-12\"><div class=\"vc_column-inner\"><div class=\"wpb_wrapper\">\r\n\t<div class=\"bauer-spacer clearfix\" data-desktop=\"94\" data-mobi=\"60\" data-smobi=\"60\"><\/div><h2 style=\"font-size: 42px;color: #373680;line-height: 50px;text-align: left\" class=\"vc_custom_heading\" >Syst\u00e8mes de d\u00e9shumidification par adsorption<\/h2>\n\t<div class=\"wpb_text_column wpb_content_element  vc_custom_1752824375927\" >\n\t\t<div class=\"wpb_wrapper\">\n\t\t\t<p><span style=\"font-weight: 400;\">EI Solutions \u00e9largit la gamme de produits FreeDry avec la s\u00e9rie FLEX offrant une vari\u00e9t\u00e9 de conceptions pour s\u2019aligner facilement sur les syst\u00e8mes de chauffage et de climatisation de votre installation tout en contr\u00f4lant l\u2019humidit\u00e9 de l\u2019espace.<\/span><\/p>\n<p><span style=\"font-weight: 400;\">Sp\u00e9cialement con\u00e7u pour r\u00e9activer la roue de d\u00e9shumidification \u00e0 adsorption \u00e0 l\u2019aide de serpentins de fluide, le FLEX permet aux clients de profiter des services publics de l\u2019usine centrale disponibles sur place et de la chaleur r\u00e9siduelle des efforts de r\u00e9cup\u00e9ration d\u2019\u00e9nergie ou est \u00e9quip\u00e9 d\u2019un syst\u00e8me autonome lorsqu\u2019il est \u00e9quip\u00e9 d\u2019une chaudi\u00e8re ou d\u2019une thermopompe \u00e0 source d\u2019eau. Cette flexibilit\u00e9 permet aux clients de mieux g\u00e9rer les co\u00fbts d\u2019installation et d\u2019exploitation. De plus, l\u2019utilisation d\u2019un fluide chaud pour la r\u00e9activation \u00e9limine compl\u00e8tement les produits corrosifs de la combustion associ\u00e9s aux syst\u00e8mes \u00e0 gaz, ce qui prolonge consid\u00e9rablement la dur\u00e9e de vie de la roue d\u00e9shydratante et de l\u2019unit\u00e9 dans son ensemble.<\/span><\/p>\n\n\t\t<\/div>\n\t<\/div>\n<div class=\"bauer-simple-image text-center\" style=\"\" >\r\n\t\t\t<img alt=\"image\" data-src=\"https:\/\/eisolutions.ca\/wp-content\/uploads\/2025\/07\/Artboard-1-v2.jpg\" src=\"data:image\/gif;base64,R0lGODlhAQABAAAAACH5BAEKAAEALAAAAAABAAEAAAICTAEAOw==\" class=\"lazyload\" style=\"--smush-placeholder-width: 1080px; --smush-placeholder-aspect-ratio: 1080\/575;\" \/> \r\n\t\t<\/div>\n\t<div class=\"wpb_text_column wpb_content_element  vc_custom_1752824385938\" >\n\t\t<div class=\"wpb_wrapper\">\n\t\t\t<p><span style=\"font-weight: 400;\">Le mod\u00e8le FLEX de base est fourni avec un serpentin de fluide de r\u00e9activation pr\u00eat \u00e0 \u00eatre raccord\u00e9 \u00e0 une boucle d\u2019eau chaude existante. Des serpentins de fluide suppl\u00e9mentaires peuvent \u00e9galement \u00eatre inclus pour ajouter du refroidissement et de la chaleur hivernale \u00e0 l\u2019unit\u00e9 de base.<\/span><\/p>\n\n\t\t<\/div>\n\t<\/div>\n<\/div><\/div><\/div><\/div><\/div><\/section><\/div><div class=\"vc-custom-col-spacing clearfix vc-col-spacing-30\"><section class=\"wpb_row vc_row-fluid vc_custom_1714389159801 vc_row-has-fill row-content-position-Default\"><div class=\"bauer-container\"><div class=\"row-inner clearfix\"><div class=\"wpb_column vc_column_container vc_col-sm-12\"><div class=\"vc_column-inner\"><div class=\"wpb_wrapper\"><div class=\"bauer-simple-image text-center\" style=\"\" >\r\n\t\t\t<img alt=\"image\" data-src=\"https:\/\/eisolutions.ca\/wp-content\/uploads\/2025\/07\/Artboard-2_v2.jpg\" src=\"data:image\/gif;base64,R0lGODlhAQABAAAAACH5BAEKAAEALAAAAAABAAEAAAICTAEAOw==\" class=\"lazyload\" style=\"--smush-placeholder-width: 1080px; --smush-placeholder-aspect-ratio: 1080\/578;\" \/> \r\n\t\t<\/div>\n\t<div class=\"wpb_text_column wpb_content_element  vc_custom_1752824394834\" >\n\t\t<div class=\"wpb_wrapper\">\n\t\t\t<p><span style=\"font-weight: 400;\">Les mod\u00e8les FLEX avec une chaudi\u00e8re emball\u00e9e arrivent pr\u00e9-tuyaut\u00e9s.<\/span><\/p>\n\n\t\t<\/div>\n\t<\/div>\n<\/div><\/div><\/div><\/div><\/div><\/section><\/div><div class=\"vc-custom-col-spacing clearfix vc-col-spacing-30\"><section class=\"wpb_row vc_row-fluid vc_custom_1714389221245 row-content-position-Default\"><div class=\"bauer-container\"><div class=\"row-inner clearfix\"><div class=\"wpb_column vc_column_container vc_col-sm-12\"><div class=\"vc_column-inner\"><div class=\"wpb_wrapper\"><div class=\"bauer-simple-image text-center\" style=\"\" >\r\n\t\t\t<img alt=\"image\" data-src=\"https:\/\/eisolutions.ca\/wp-content\/uploads\/2025\/07\/Artboard-3_v2.jpg\" src=\"data:image\/gif;base64,R0lGODlhAQABAAAAACH5BAEKAAEALAAAAAABAAEAAAICTAEAOw==\" class=\"lazyload\" style=\"--smush-placeholder-width: 1080px; --smush-placeholder-aspect-ratio: 1080\/576;\" \/> \r\n\t\t<\/div>\n\t<div class=\"wpb_text_column wpb_content_element  vc_custom_1752824403383\" >\n\t\t<div class=\"wpb_wrapper\">\n\t\t\t<p><span style=\"font-weight: 400;\">Les installations qui optent pour l\u2019option de thermopompe autonome \u00e0 source d\u2019eau utilisent la chaleur r\u00e9siduelle r\u00e9cup\u00e9r\u00e9e des compresseurs embarqu\u00e9s pour r\u00e9activer la roue d\u00e9shydratante tandis que le c\u00f4t\u00e9 refroidissement assure le pr\u00e9 et\/ou le post-refroidissement. En prime, le m\u00eame syst\u00e8me peut diriger le flux de fluide vers un serpentin d\u2019eau chaude d\u2019air d\u2019alimentation pour le chauffage des locaux.<\/span><\/p>\n\n\t\t<\/div>\n\t<\/div>\n<\/div><\/div><\/div><\/div><\/div><\/section><\/div><div class=\"vc-custom-col-spacing clearfix vc-col-spacing-30\"><section class=\"wpb_row vc_row-fluid vc_custom_1714389319967 vc_row-has-fill row-content-position-Default\"><div class=\"bauer-container\"><div class=\"row-inner clearfix\"><div class=\"wpb_column vc_column_container vc_col-sm-12\"><div class=\"vc_column-inner\"><div class=\"wpb_wrapper\"><div class=\"bauer-simple-image text-center\" style=\"\" >\r\n\t\t\t<img alt=\"image\" data-src=\"https:\/\/eisolutions.ca\/wp-content\/uploads\/2025\/07\/Artboard-4_v2.jpg\" src=\"data:image\/gif;base64,R0lGODlhAQABAAAAACH5BAEKAAEALAAAAAABAAEAAAICTAEAOw==\" class=\"lazyload\" style=\"--smush-placeholder-width: 1080px; --smush-placeholder-aspect-ratio: 1080\/577;\" \/> \r\n\t\t<\/div>\n\t<div class=\"wpb_text_column wpb_content_element  vc_custom_1752824425894\" >\n\t\t<div class=\"wpb_wrapper\">\n\t\t\t<p><span style=\"font-weight: 400;\">Les performances et l\u2019efficacit\u00e9 de la s\u00e9rie FreeDryFLEX sont optimis\u00e9es gr\u00e2ce \u00e0 la programmation exclusive du contr\u00f4leur embarqu\u00e9. EI Solutions apporte plus de 25 ans d\u2019exp\u00e9rience en d\u00e9veloppement \u00e0 chaque boucle logique \u00e9crite dans la s\u00e9quence de contr\u00f4le.<\/span><\/p>\n<p><span style=\"font-weight: 400;\">Le FreeDryFLEX d\u2019EI Solutions fournit un d\u00e9shumidificateur \u00e0 adsorption intelligent con\u00e7u pour contr\u00f4ler l\u2019humidit\u00e9 de l\u2019espace dans un large \u00e9ventail d\u2019applications commerciales, institutionnelles et industrielles l\u00e9g\u00e8res.<\/span><\/p>\n\n\t\t<\/div>\n\t<\/div>\n<\/div><\/div><\/div><\/div><\/div><\/section><\/div><div class=\"vc-custom-col-spacing clearfix vc-col-spacing-30\"><section class=\"wpb_row vc_row-fluid no-padding row-content-position-Default\"><div class=\"row-inner clearfix\"><div class=\"wpb_column vc_column_container vc_col-sm-6 vc_hidden-md vc_hidden-sm vc_hidden-xs vc_col-has-fill\"><div class=\"vc_column-inner vc_custom_1714391089050\"><div class=\"wpb_wrapper\">\r\n\t<div class=\"bauer-spacer clearfix\" data-desktop=\"60\" data-mobi=\"50\" data-smobi=\"50\"><\/div><h2 style=\"font-size: 34px;color: #ffffff;line-height: 50px;text-align: left\" class=\"vc_custom_heading vc_custom_1752824440926\" >Tous les mod\u00e8les FreeDryFLEX comprennent :<\/h2>\n\t<div class=\"wpb_text_column wpb_content_element  vc_custom_1752838737107\" >\n\t\t<div class=\"wpb_wrapper\">\n\t\t\t<ul>\n<li style=\"text-align: left; color: #ffffff; list-style-type: disclosure-closed;\">Le processus commence par l\u2019admission d\u2019air ambiant \u00e0 partir de l\u2019environnement environnant, qui<br \/>\ncontient g\u00e9n\u00e9ralement de l\u2019humidit\u00e9 sous forme d\u2019humidit\u00e9.<\/li>\n<li style=\"text-align: left; color: #ffffff; list-style-type: disclosure-closed;\">L\u2019air entrant est dirig\u00e9 par une roue ou un rotor d\u00e9shydratant, qui contient un mat\u00e9riau dessiccant comme du gel de silice ou un tamis mol\u00e9culaire.<\/li>\n<li style=\"text-align: left; color: #ffffff; list-style-type: disclosure-closed;\">Roue de d\u00e9shumidification \u00e0 adsorption active formul\u00e9e pour fournir de l\u2019air \u00e0 bas point de ros\u00e9e<\/li>\n<li style=\"text-align: left; color: #ffffff; list-style-type: disclosure-closed;\">Serpentin de r\u00e9activation du fluide chaud<\/li>\n<li style=\"text-align: left; color: #ffffff; list-style-type: disclosure-closed;\">R\u00e9seaux de ventilateurs d\u2019alimentation et de r\u00e9activation pour une redondance, un fonctionnement calme et une facilit\u00e9 d\u2019entretien<\/li>\n<li style=\"text-align: left; color: #ffffff; list-style-type: disclosure-closed;\">Amortisseurs pour contr\u00f4ler le volume d\u2019air ext\u00e9rieur<\/li>\n<li style=\"text-align: left; color: #ffffff; list-style-type: disclosure-closed;\">Filtres<\/li>\n<li style=\"text-align: left; color: #ffffff; list-style-type: disclosure-closed;\">Ensemble de commandes \u00e0 microprocesseur avec compatibilit\u00e9 BMS<\/li>\n<li style=\"text-align: left; color: #ffffff; list-style-type: disclosure-closed;\">Construction de panneaux de mousse \u00e0 double paroi<\/li>\n<li style=\"text-align: left; color: #ffffff; list-style-type: disclosure-closed;\">Portes d\u2019acc\u00e8s pour chaque point de service important<\/li>\n<\/ul>\n\n\t\t<\/div>\n\t<\/div>\n<\/div><\/div><\/div><div class=\"wpb_column vc_column_container vc_col-sm-6 vc_hidden-md vc_hidden-sm vc_hidden-xs vc_col-has-fill\"><div class=\"vc_column-inner vc_custom_1714391096068\"><div class=\"wpb_wrapper\">\r\n\t<div class=\"bauer-spacer clearfix\" data-desktop=\"60\" data-mobi=\"50\" data-smobi=\"50\"><\/div><h2 style=\"font-size: 34px;color: #ffffff;line-height: 50px;text-align: left\" class=\"vc_custom_heading vc_custom_1752825576214\" >Options FreeDryFLEX standard :<\/h2>\n\t<div class=\"wpb_text_column wpb_content_element  vc_custom_1752825626594\" >\n\t\t<div class=\"wpb_wrapper\">\n\t\t\t<ul>\n<li style=\"text-align: left; color: #ffffff; list-style-type: disclosure-closed;\">Serpentins de fluide suppl\u00e9mentaires pour le pr\u00e9 et le post-refroidissement et le chauffage<\/li>\n<li style=\"text-align: left; color: #ffffff; list-style-type: disclosure-closed;\">Module de roue et de ventilateur d\u2019extraction \u00e0 r\u00e9cup\u00e9ration d\u2019\u00e9nergie<\/li>\n<li style=\"text-align: left; color: #ffffff; list-style-type: disclosure-closed;\">Module de chaudi\u00e8re (gaz ou \u00e9lectrique)<\/li>\n<li style=\"text-align: left; color: #ffffff; list-style-type: disclosure-closed;\">Module de thermopompe \u00e0 eau<\/li>\n<\/ul>\n\n\t\t<\/div>\n\t<\/div>\n\r\n\t<div class=\"bauer-spacer clearfix\" data-desktop=\"461\" data-mobi=\"50\" data-smobi=\"50\"><\/div><\/div><\/div><\/div><\/div><\/section><\/div><div class=\"vc-custom-col-spacing clearfix vc-col-spacing-30\"><section class=\"wpb_row vc_row-fluid no-padding row-content-position-Default\"><div class=\"row-inner clearfix\"><div class=\"wpb_column vc_column_container vc_col-sm-6 vc_hidden-lg vc_col-has-fill\"><div class=\"vc_column-inner vc_custom_1714390781641\"><div class=\"wpb_wrapper\">\r\n\t<div class=\"bauer-spacer clearfix\" data-desktop=\"60\" data-mobi=\"50\" data-smobi=\"50\"><\/div><h2 style=\"font-size: 34px;color: #ffffff;line-height: 50px;text-align: left\" class=\"vc_custom_heading vc_custom_1714390336662\" >All FreeDryFLEX Models Include:<\/h2>\n\t<div class=\"wpb_text_column wpb_content_element  vc_custom_1714389693958\" >\n\t\t<div class=\"wpb_wrapper\">\n\t\t\t<ul>\n<li style=\"text-align: left; color: #ffffff; list-style-type: disclosure-closed;\">The process begins with the intake of ambient air from the surrounding environment, which typically contains moisture in the form of humidity.<\/li>\n<li style=\"text-align: left; color: #ffffff; list-style-type: disclosure-closed;\">The incoming air is directed through a desiccant wheel or rotor, which contains a desiccant material such as silica gel or molecular sieve.<\/li>\n<li style=\"text-align: left; color: #ffffff; list-style-type: disclosure-closed;\">Active desiccant dehumidification wheel formulated to deliver low dew point air<\/li>\n<li style=\"text-align: left; color: #ffffff; list-style-type: disclosure-closed;\">Hot fluid reactivation coil<\/li>\n<li style=\"text-align: left; color: #ffffff; list-style-type: disclosure-closed;\">Supply and reactivation fan arrays for redundancy, quite operation and ease of maintenance<\/li>\n<li style=\"text-align: left; color: #ffffff; list-style-type: disclosure-closed;\">Dampers to control outside air volume<\/li>\n<li style=\"text-align: left; color: #ffffff; list-style-type: disclosure-closed;\">Filters<\/li>\n<li style=\"text-align: left; color: #ffffff; list-style-type: disclosure-closed;\">Microprocessor controls package with BMS compatibility<\/li>\n<li style=\"text-align: left; color: #ffffff; list-style-type: disclosure-closed;\">Double wall foam panel construction<\/li>\n<li style=\"text-align: left; color: #ffffff; list-style-type: disclosure-closed;\">Access doors for every important service point<\/li>\n<\/ul>\n\n\t\t<\/div>\n\t<\/div>\n<\/div><\/div><\/div><div class=\"wpb_column vc_column_container vc_col-sm-6 vc_hidden-lg vc_col-has-fill\"><div class=\"vc_column-inner vc_custom_1714390791633\"><div class=\"wpb_wrapper\">\r\n\t<div class=\"bauer-spacer clearfix\" data-desktop=\"60\" data-mobi=\"50\" data-smobi=\"50\"><\/div><h2 style=\"font-size: 34px;color: #ffffff;line-height: 50px;text-align: left\" class=\"vc_custom_heading vc_custom_1714390342405\" >Standard FreeDryFLEX Options:<\/h2>\n\t<div class=\"wpb_text_column wpb_content_element  vc_custom_1714389770855\" >\n\t\t<div class=\"wpb_wrapper\">\n\t\t\t<ul>\n<li style=\"text-align: left; color: #ffffff; list-style-type: disclosure-closed;\">Additional fluid coils for pre and post cooling and heating<\/li>\n<li style=\"text-align: left; color: #ffffff; list-style-type: disclosure-closed;\">Energy recovery wheel and exhaust fan module<\/li>\n<li style=\"text-align: left; color: #ffffff; list-style-type: disclosure-closed;\">Boiler module (gas or electric)<\/li>\n<li style=\"text-align: left; color: #ffffff; list-style-type: disclosure-closed;\">Water-source heat pump module<\/li>\n<\/ul>\n\n\t\t<\/div>\n\t<\/div>\n\r\n\t<div class=\"bauer-spacer clearfix\" data-desktop=\"381\" data-mobi=\"50\" data-smobi=\"50\"><\/div><\/div><\/div><\/div><\/div><\/section><\/div><div class=\"vc-custom-col-spacing clearfix vc-col-spacing-30\"><section class=\"wpb_row vc_row-fluid vc_custom_1714394658794 vc_row-has-fill row-content-position-Default\"><div class=\"bauer-container\"><div class=\"row-inner clearfix\"><div class=\"wpb_column vc_column_container vc_col-sm-12\"><div class=\"vc_column-inner\"><div class=\"wpb_wrapper\">\n\t<div class=\"wpb_video_widget wpb_content_element vc_clearfix   vc_video-aspect-ratio-169 vc_video-el-width-100 vc_video-align-center\" >\n\t\t<div class=\"wpb_wrapper\">\n\t\t\t\n\t\t\t<div class=\"wpb_video_wrapper\"><iframe title=\"FreeDry FLEX - CFM 8000\" width=\"1170\" height=\"658\" data-src=\"https:\/\/www.youtube.com\/embed\/gs5wOjXfkd8?feature=oembed\" frameborder=\"0\" allow=\"accelerometer; autoplay; clipboard-write; encrypted-media; gyroscope; picture-in-picture; web-share\" referrerpolicy=\"strict-origin-when-cross-origin\" allowfullscreen src=\"data:image\/gif;base64,R0lGODlhAQABAAAAACH5BAEKAAEALAAAAAABAAEAAAICTAEAOw==\" class=\"lazyload\" data-load-mode=\"1\"><\/iframe><\/div>\n\t\t<\/div>\n\t<\/div>\n<\/div><\/div><\/div><\/div><\/div><\/section><\/div><div class=\"vc-custom-col-spacing clearfix vc-col-spacing-30\"><section class=\"wpb_row vc_row-fluid vc_custom_1714391462256 vc_row-has-fill row-content-position-Default\"><div class=\"bauer-container\"><div class=\"row-inner clearfix\"><div class=\"wpb_column vc_column_container vc_col-sm-12\"><div class=\"vc_column-inner\"><div class=\"wpb_wrapper\"><h2 style=\"font-size: 42px;color: #ffffff;line-height: 50px;text-align: left\" class=\"vc_custom_heading vc_custom_1752825643610\" >Renseignements techniques<\/h2><div class=\"bauer-simple-image text-center\" style=\"\" >\r\n\t\t\t<img alt=\"image\" data-src=\"https:\/\/eisolutions.ca\/wp-content\/uploads\/2025\/07\/FreeDry-Flex-Graph1-2_v2.png\" src=\"data:image\/gif;base64,R0lGODlhAQABAAAAACH5BAEKAAEALAAAAAABAAEAAAICTAEAOw==\" class=\"lazyload\" style=\"--smush-placeholder-width: 1413px; --smush-placeholder-aspect-ratio: 1413\/577;\" \/> \r\n\t\t<\/div>\n\t<div class=\"wpb_text_column wpb_content_element  vc_custom_1752839482378\" >\n\t\t<div class=\"wpb_wrapper\">\n\t\t\t<p style=\"text-align: left; color: #ffffff;\"><strong>NOMENCLATURE<\/strong><\/p>\n<p style=\"text-align: left; color: #ffffff;\">FLEX -XXX \u2013 AAAA (- OOO)<br \/>\nXXX = Volume d\u2019air d\u2019alimentation nominal (040 = 4 000 pi\u00b3\/min; 060 = 6 000 pi\u00b3\/min; 080 = 8 000 pi\u00b3\/min; 120 = 12 000 pi\u00b3\/min; 160 = 16 000 pi\u00b3\/min)<br \/>\nAAAA = Source de chaleur (FC = Serpentin de liquide seulement; PB = section de chaudi\u00e8re monobloc; WSHP = Pompe \u00e0 chaleur Water Bource)<br \/>\nOOO = VRE facultatif<\/p>\n<p style=\"text-align: left; color: #ffffff;\">Exemple de mod\u00e8le : FLEX-080-PB<br \/>\nD\u00e9tails \u2013 Unit\u00e9 nominale de 8000 pi\u00b3\/min avec section de chaudi\u00e8re monobloc<\/p>\n\n\t\t<\/div>\n\t<\/div>\n<\/div><\/div><\/div><\/div><\/div><\/section><\/div><div class=\"vc-custom-col-spacing clearfix vc-col-spacing-30\"><section class=\"wpb_row vc_row-fluid vc_custom_1722912657587 vc_row-has-fill row-content-position-Default\"><div class=\"bauer-container\"><div class=\"row-inner clearfix\"><div class=\"wpb_column vc_column_container vc_col-sm-6\"><div class=\"vc_column-inner\"><div class=\"wpb_wrapper\">\r\n\t<div class=\"bauer-spacer clearfix\" data-desktop=\"80\" data-mobi=\"60\" data-smobi=\"60\"><\/div><h2 style=\"font-size: 40px;color: #373680;line-height: 50px;text-align: left\" class=\"vc_custom_heading\" >Brochure du produit FreeDryFLEX<\/h2><div class=\"button-wrap icon-left has-icon\" style=\"\" ><a href=\"https:\/\/eisolutions.ca\/wp-content\/uploads\/2024\/08\/FreeDry-Series-B24-05-16-2024.pdf\" target=\"_blank\" class=\"bauer-button btn-665891636 big custom custom outline solid custom\" style=\"padding:40px 40px 40px 40px;border-radius:15px;border-width:1px;\"  data-background=\"#f3f7ff\" data-border=\"#d3ddfb\">\r\n\t\t<span style=\"padding-left:30px;\">T\u00e9l\u00e9charger la brochure du produit FreeDry Series B24 <span class=\"icon\" style=\"\"><i class=\"elegant-icon_download\"><\/i><\/span><\/span>\r\n\t<\/a><\/div><\/div><\/div><\/div><div class=\"wpb_column vc_column_container vc_col-sm-6\"><div class=\"vc_column-inner\"><div class=\"wpb_wrapper\"><div class=\"vc_empty_space\"   style=\"height: 60px\"><span class=\"vc_empty_space_inner\"><\/span><\/div><div class=\"bauer-images-grid clearfix\" data-layout=\"mosaic\" data-column=\"2\" data-column2=\"2\" data-column3=\"2\" data-column4=\"1\" data-gaph=\"0\" data-gapv=\"10\"><div id=\"images-wrap\" class=\"cbp\"><div class=\"cbp-item\"><div class=\"item-wrap\" style=\"\"><a class=\"zoom-popup cbp-lightbox\" href=\"https:\/\/eisolutions.ca\/wp-content\/uploads\/2025\/05\/image001.jpg\"><\/a><img data-src=\"https:\/\/eisolutions.ca\/wp-content\/uploads\/2025\/05\/image001.jpg\" alt=\"image\" src=\"data:image\/gif;base64,R0lGODlhAQABAAAAACH5BAEKAAEALAAAAAABAAEAAAICTAEAOw==\" class=\"lazyload\" style=\"--smush-placeholder-width: 1355px; --smush-placeholder-aspect-ratio: 1355\/1807;\" \/><\/div><\/div><div class=\"cbp-item\"><div class=\"item-wrap\" style=\"\"><a class=\"zoom-popup cbp-lightbox\" href=\"https:\/\/eisolutions.ca\/wp-content\/uploads\/2025\/05\/image002_.jpg\"><\/a><img data-src=\"https:\/\/eisolutions.ca\/wp-content\/uploads\/2025\/05\/image002_.jpg\" alt=\"image\" src=\"data:image\/gif;base64,R0lGODlhAQABAAAAACH5BAEKAAEALAAAAAABAAEAAAICTAEAOw==\" class=\"lazyload\" style=\"--smush-placeholder-width: 1352px; --smush-placeholder-aspect-ratio: 1352\/1803;\" \/><\/div><\/div><\/div><\/div><div class=\"vc_empty_space\"   style=\"height: 50px\"><span class=\"vc_empty_space_inner\"><\/span><\/div><\/div><\/div><\/div><\/div><\/div><\/section><\/div>","protected":false},"excerpt":{"rendered":"Syst\u00e8mes de d\u00e9shumidification par adsorption EI Solutions \u00e9largit la gamme de produits FreeDry avec la s\u00e9rie FLEX offrant une vari\u00e9t\u00e9 de conceptions pour s\u2019aligner facilement sur les syst\u00e8mes de chauffage et de climatisation de votre installation tout en contr\u00f4lant l\u2019humidit\u00e9 de l\u2019espace. Sp\u00e9cialement con\u00e7u pour r\u00e9activer la roue de d\u00e9shumidification","protected":false},"author":1,"featured_media":0,"parent":0,"menu_order":0,"comment_status":"closed","ping_status":"closed","template":"","meta":[],"_links":{"self":[{"href":"https:\/\/eisolutions.ca\/fr\/wp-json\/wp\/v2\/pages\/11851"}],"collection":[{"href":"https:\/\/eisolutions.ca\/fr\/wp-json\/wp\/v2\/pages"}],"about":[{"href":"https:\/\/eisolutions.ca\/fr\/wp-json\/wp\/v2\/types\/page"}],"author":[{"embeddable":true,"href":"https:\/\/eisolutions.ca\/fr\/wp-json\/wp\/v2\/users\/1"}],"replies":[{"embeddable":true,"href":"https:\/\/eisolutions.ca\/fr\/wp-json\/wp\/v2\/comments?post=11851"}],"version-history":[{"count":0,"href":"https:\/\/eisolutions.ca\/fr\/wp-json\/wp\/v2\/pages\/11851\/revisions"}],"wp:attachment":[{"href":"https:\/\/eisolutions.ca\/fr\/wp-json\/wp\/v2\/media?parent=11851"}],"curies":[{"name":"wp","href":"https:\/\/api.w.org\/{rel}","templated":true}]}}