{"id":11849,"date":"2022-10-25T07:04:48","date_gmt":"2022-10-25T07:04:48","guid":{"rendered":"https:\/\/eisolutions.ca\/privacy-policy\/"},"modified":"2026-02-20T09:41:02","modified_gmt":"2026-02-20T09:41:02","slug":"politique-de-confidentialite","status":"publish","type":"page","link":"https:\/\/eisolutions.ca\/fr\/politique-de-confidentialite\/","title":{"rendered":"Politique de confidentialit\u00e9"},"content":{"rendered":"<div class=\"vc-custom-col-spacing clearfix vc-col-spacing-30\"><section class=\"wpb_row vc_row-fluid row-content-position-Default\"><div class=\"bauer-container\"><div class=\"row-inner clearfix\"><div class=\"wpb_column vc_column_container vc_col-sm-12\"><div class=\"vc_column-inner\"><div class=\"wpb_wrapper\">\r\n\t<div class=\"bauer-spacer clearfix\" data-desktop=\"94\" data-mobi=\"60\" data-smobi=\"60\"><\/div>\n\t<div class=\"wpb_text_column wpb_content_element\" >\n\t\t<div class=\"wpb_wrapper\">\n\t\t\t<h3><strong>POLITIQUE DE CONFIDENTIALIT\u00c9 CONFORM\u00c9MENT \u00c0 LA LOI 25 : EI SOLUTIONS INC<\/strong><\/h3>\n<p><strong>Agent de Protection des Donn\u00e9es :<\/strong> EI SOLUTIONS INC (ci-apr\u00e8s d\u00e9nomm\u00e9 &#8221; EI Solution Inc&#8221;) a d\u00e9sign\u00e9 un Agent de Protection des Donn\u00e9es (APD) charg\u00e9 de superviser tous les aspects li\u00e9s \u00e0 cette Politique de Confidentialit\u00e9. Si vous avez des questions concernant cette Politique, y compris des demandes relatives \u00e0 l&#8217;exercice de vos droits en vertu de la loi, veuillez contacter notre APD par courrier \u00e9lectronique \u00e0 l&#8217;adresse<strong> art@eisolutions.ca<\/strong>. D&#8217;autres membres de l&#8217;\u00e9quipe d&#8217; EI Solution Inc peuvent \u00eatre d\u00e9sign\u00e9s pour agir en tant que repr\u00e9sentants de l&#8217;APD ou assumer la responsabilit\u00e9 de la collecte ou du traitement quotidien des donn\u00e9es personnelles.<\/p>\n<p><strong>Notification des Changements <\/strong>: EI Solution Inc consid\u00e8re qu&#8217;il est essential que les donn\u00e9es personnelles que nous d\u00e9tenons \u00e0 votre sujet demeurent pr\u00e9cises et \u00e0 jour. Nous vous prions de bien vouloir nous informer de tout changement relatif \u00e0 vos donn\u00e9es personnelles pendant notre relation.<\/p>\n<p><strong>Liens avec des Tiers : <\/strong>Notre site web peut contenir des liens vers des sites web tiers ou des applications. En cliquant sur ces liens ou en activant ces connexions, des tiers peuvent collecter ou partager des donn\u00e9es vous concernant. Nous n&#8217;avons aucun contr\u00f4le sur ces sites web tiers et ne sommes pas responsables de leurs politiques de confidentialit\u00e9. Lorsque vous quittez notre site web, veuillez consulter la politique de confidentialit\u00e9 de chaque site que vous visitez.<\/p>\n<p><strong>Collecte d&#8217;Informations Personnelles <\/strong>: EI Solution Inc comprend l&#8217;importance de la protection des donn\u00e9es personnelles conform\u00e9ment \u00e0 la Loi sur la protection des renseignements personnels dans le secteur priv\u00e9 (Loi 25). Le terme &#8220;donn\u00e9es personnelles&#8221; d\u00e9signe toute information permettant d&#8217;identifier une personne. Nous pouvons collecter, utiliser, stocker et transf\u00e9rer diff\u00e9rents types de donn\u00e9es personnelles vous concernant, que nous cat\u00e9gorisons comme suit :<\/p>\n<ul>\n<li><strong>Donn\u00e9es d&#8217;Identification : <\/strong>Pr\u00e9nom, nom de famille, nom d&#8217;utilisateur ou identifiant similaire, \u00e9tat, titre, date de naissance et genre.<\/li>\n<li><strong>Coordonn\u00e9es :<\/strong> Adresse de facturation, adresse de livraison, adresse \u00e9lectronique et num\u00e9ros de t\u00e9l\u00e9phone.<\/li>\n<li><strong>Donn\u00e9es Informatiques : <\/strong>Adresse IP (protocole Internet), donn\u00e9es de connexion, type et version de navigateur, fuseau horaire, emplacement, extensions de navigateur et leurs versions, syst\u00e8me d&#8217;exploitation, plateforme et autres technologies utilis\u00e9es sur les appareils acc\u00e9dant \u00e0 ce site.<\/li>\n<li><strong>Donn\u00e9es d&#8217;Utilisation : <\/strong>Informations sur l&#8217;utilisation de notre site web, de nos produits et services.<\/li>\n<li><strong>Donn\u00e9es Marketing et de Communication : <\/strong>Pr\u00e9f\u00e9rences concernant la r\u00e9ception de publicit\u00e9s de notre part ou de tiers, et pr\u00e9f\u00e9rences en mati\u00e8re de communication.<\/li>\n<\/ul>\n<p><strong>Utilisation des Informations Personnelles : <\/strong>Les donn\u00e9es personnelles collect\u00e9es sont utilis\u00e9es en conformit\u00e9 avec les dispositions de la Loi 25. Elles servent \u00e0 \u00e9valuer l&#8217;ad\u00e9quation des candidats aux offres d&#8217;emploi, \u00e0 faciliter les correspondances entre candidats et employeurs, et \u00e0 fournir des services de recrutement personnalis\u00e9s. Nous utilisons ces informations uniquement dans le cadre de nos activit\u00e9s de placement et obtenons le consentement des utilisateurs lorsque n\u00e9cessaire.<\/p>\n<p><strong>Marketing : <\/strong>EI Solution Inc se conforme aux lois actuelles en mati\u00e8re de marketing et de communication. Nous offrons des options concernant l&#8217;utilisation de vos donn\u00e9es personnelles, en particulier en mati\u00e8re de marketing :<\/p>\n<p><strong>\u2022 Communications Marketing : Vous<\/strong> recevrez des communications marketing de notre part si vous les avez demand\u00e9es lors de votre inscription \u00e0 une promotion et\/ou un service, sauf si vous avez choisi de ne pas les recevoir.<\/p>\n<p><strong>\u2022 D\u00e9sinscription :<\/strong> Vous pouvez demander \u00e0 ne plus recevoir nos messages marketing en ajustant vos pr\u00e9f\u00e9rences sur notre site web ou en suivant les liens de d\u00e9sinscription inclus dans nos messages.<\/p>\n<p><strong>\u00a0<\/strong><strong>Cookies : <\/strong>EI Solution Inc respecte la l\u00e9gislation concernant les cookies et les technologies similaires. Vous pouvez configurer votre navigateur pour refuser les cookies ou recevoir des notifications lorsque des sites web tentent de placer des cookies. Veuillez noter que cela pourrait affecter certaines parties du site.<\/p>\n<p><strong>Changement de Finalit\u00e9 : <\/strong>EI Solution Inc utilise vos donn\u00e9es personnelles uniquement dans les buts pour lesquels nous les avons collect\u00e9es, conform\u00e9ment aux dispositions de la Loi 25. Si n\u00e9cessaire, nous vous informerons de tout changement de finalit\u00e9 et expliquerons la base l\u00e9gale associ\u00e9e.<\/p>\n<p><strong>Divulgation de Vos Donn\u00e9es Personnelles : <\/strong>EI Solution Inc peut partager des informations personnelles avec nos clients actuels ou potentiels afin de faciliter les placements et de r\u00e9pondre aux exigences d&#8217;EI Solutions. Nous ne vendons, ne louons pas et ne divulguons pas autrement d&#8217;informations personnelles \u00e0 des tiers \u00e0 des fins commerciales.<\/p>\n<p><strong>S\u00e9curit\u00e9 des Donn\u00e9es : <\/strong>EI Solution Inc prend la s\u00e9curit\u00e9 des donn\u00e9es au s\u00e9rieux. Des mesures de s\u00e9curit\u00e9 ad\u00e9quates sont en place pour \u00e9viter la perte, l&#8217;utilisation non autoris\u00e9e, l&#8217;acc\u00e8s, la modification ou la divulgation de vos donn\u00e9es personnelles. L&#8217;acc\u00e8s \u00e0 ces donn\u00e9es est restreint aux employ\u00e9s, agents, sous-traitants et tiers n\u00e9cessaires, et ils sont tenus au respect de la confidentialit\u00e9.<\/p>\n<p><strong>Conservation des Donn\u00e9es : <\/strong>Vos donn\u00e9es personnelles sont conserv\u00e9es conform\u00e9ment aux dispositions de la Loi 25. Elles sont conserv\u00e9es uniquement pendant la p\u00e9riode n\u00e9cessaire pour atteindre les objectifs pour lesquels elles ont \u00e9t\u00e9 collect\u00e9es, conform\u00e9ment aux obligations l\u00e9gales, comptables ou de d\u00e9claration. La dur\u00e9e de conservation est d\u00e9termin\u00e9e en fonction de la nature et de la sensibilit\u00e9 des donn\u00e9es, ainsi que des risques potentiels.<\/p>\n<p><strong>Vos Droits L\u00e9gaux : <\/strong>En tant qu&#8217;individu concern\u00e9 par la collecte et le traitement de donn\u00e9es personnelles, vous avez des droits \u00e9nonc\u00e9s dans la Loi 25 et les lois applicables en mati\u00e8re de protection des donn\u00e9es. Ces droits incluent l&#8217;acc\u00e8s \u00e0 vos donn\u00e9es personnelles, leur rectification, leur effacement, votre opposition au traitement et le retrait de votre consentement. Pour exercer ces droits, veuillez contacter la partie responsable \u00e0 l&#8217;adresse <strong>eisolutions.ca.<\/strong><\/p>\n<p><strong>V\u00e9rification d&#8217;Identit\u00e9 : <\/strong>Pour garantir la s\u00e9curit\u00e9 des donn\u00e9es et la protection de votre vie priv\u00e9e, EI Solution Inc peut vous demander des informations sp\u00e9cifiques pour v\u00e9rifier votre identit\u00e9 avant de<\/p>\n\n\t\t<\/div>\n\t<\/div>\n\r\n\t<div class=\"bauer-spacer clearfix\" data-desktop=\"94\" data-mobi=\"60\" data-smobi=\"60\"><\/div><\/div><\/div><\/div><\/div><\/div><\/section><\/div>","protected":false},"excerpt":{"rendered":"POLITIQUE DE CONFIDENTIALIT\u00c9 CONFORM\u00c9MENT \u00c0 LA LOI 25 : EI SOLUTIONS INC Agent de Protection des Donn\u00e9es : EI SOLUTIONS INC (ci-apr\u00e8s d\u00e9nomm\u00e9 \" EI Solution Inc\") a d\u00e9sign\u00e9 un Agent de Protection des Donn\u00e9es (APD) charg\u00e9 de superviser tous les aspects li\u00e9s \u00e0 cette Politique de Confidentialit\u00e9. Si vous","protected":false},"author":1,"featured_media":0,"parent":0,"menu_order":0,"comment_status":"closed","ping_status":"closed","template":"","meta":[],"_links":{"self":[{"href":"https:\/\/eisolutions.ca\/fr\/wp-json\/wp\/v2\/pages\/11849"}],"collection":[{"href":"https:\/\/eisolutions.ca\/fr\/wp-json\/wp\/v2\/pages"}],"about":[{"href":"https:\/\/eisolutions.ca\/fr\/wp-json\/wp\/v2\/types\/page"}],"author":[{"embeddable":true,"href":"https:\/\/eisolutions.ca\/fr\/wp-json\/wp\/v2\/users\/1"}],"replies":[{"embeddable":true,"href":"https:\/\/eisolutions.ca\/fr\/wp-json\/wp\/v2\/comments?post=11849"}],"version-history":[{"count":0,"href":"https:\/\/eisolutions.ca\/fr\/wp-json\/wp\/v2\/pages\/11849\/revisions"}],"wp:attachment":[{"href":"https:\/\/eisolutions.ca\/fr\/wp-json\/wp\/v2\/media?parent=11849"}],"curies":[{"name":"wp","href":"https:\/\/api.w.org\/{rel}","templated":true}]}}