{"id":11844,"date":"2022-10-25T07:17:42","date_gmt":"2022-10-25T07:17:42","guid":{"rendered":"https:\/\/eisolutions.ca\/terms-of-use\/"},"modified":"2025-07-18T08:54:10","modified_gmt":"2025-07-18T08:54:10","slug":"conditions-dutilisation","status":"publish","type":"page","link":"https:\/\/eisolutions.ca\/fr\/conditions-dutilisation\/","title":{"rendered":"Conditions d\u2019utilisation"},"content":{"rendered":"<div class=\"vc-custom-col-spacing clearfix vc-col-spacing-30\"><section class=\"wpb_row vc_row-fluid row-content-position-Default\"><div class=\"bauer-container\"><div class=\"row-inner clearfix\"><div class=\"wpb_column vc_column_container vc_col-sm-12\"><div class=\"vc_column-inner\"><div class=\"wpb_wrapper\">\r\n\t<div class=\"bauer-spacer clearfix\" data-desktop=\"94\" data-mobi=\"60\" data-smobi=\"60\"><\/div>\n\t<div class=\"wpb_text_column wpb_content_element\" >\n\t\t<div class=\"wpb_wrapper\">\n\t\t\t<h4>Conditions d\u2019utilisation<\/h4>\n<p>Veuillez lire attentivement les conditions d\u2019utilisation et l\u2019avis de non-responsabilit\u00e9 suivants avant d\u2019utiliser le site Web de Solutions EI. En utilisant notre site Web, vous acceptez ces conditions d\u2019utilisation. Si vous n\u2019acceptez pas ces conditions d\u2019utilisation, vous ne pouvez pas utiliser ce site. Le site Web d\u2019EI Solutions se r\u00e9serve le droit, en tout temps, de modifier, d\u2019alt\u00e9rer ou de mettre \u00e0 jour les pr\u00e9sentes conditions d\u2019utilisation, et vous acceptez d\u2019\u00eatre li\u00e9 par ces modifications, alt\u00e9rations ou mises \u00e0 jour \u00e0 partir du moment o\u00f9 elles sont affich\u00e9es sur notre site Web. Il est de votre responsabilit\u00e9 de v\u00e9rifier p\u00e9riodiquement les conditions d\u2019utilisation.<\/p>\n<h4>Droit d\u2019auteur<\/h4>\n<p>Tout le contenu inclus dans notre site Web, comme le texte, les graphiques, les logos, les ic\u00f4nes de boutons, les images et les logiciels, est la propri\u00e9t\u00e9 du site Web d\u2019EI Solutions ou de ses fournisseurs de contenu et est prot\u00e9g\u00e9 par les lois canadiennes et internationales sur le droit d\u2019auteur. La permission est accord\u00e9e de copier et d\u2019imprimer \u00e9lectroniquement des parties papier de eisolutions.ca dans le seul but de passer une commande sur le site Web d\u2019EI Solutions ou d\u2019utiliser le site Web comme ressource d\u2019achat. Toute autre utilisation, y compris la reproduction, la modification, la distribution, la transmission, la republication, l\u2019affichage ou l\u2019ex\u00e9cution, du contenu d\u2019EI Solutions ou de ses fournisseurs de contenu respectifs est strictement interdite.<\/p>\n<h4>Avis de non-responsabilit\u00e9<\/h4>\n<p>Les informations, les services, les produits offerts \u00e0 la vente et les documents contenus dans eisolutions.ca et\/ou annonc\u00e9s sur , y compris, sans s\u2019y limiter, le texte, les graphiques et les liens, sont fournis \u00ab tels quels \u00bb sans garantie. Dans toute la mesure permise par la loi, le site Web d\u2019EI Solutions et ses fournisseurs d\u00e9clinent toute d\u00e9claration et garantie, expresse ou implicite, \u00e0 l\u2019\u00e9gard de ces informations, services, produits et mat\u00e9riels, y compris, mais sans s\u2019y limiter, les garanties de qualit\u00e9 marchande ou d\u2019ad\u00e9quation \u00e0 un usage particulier, de titre, d\u2019absence de contrefa\u00e7on, d\u2019absence de virus informatique et de garanties implicites d\u00e9coulant du cours de la n\u00e9gociation ou de l\u2019ex\u00e9cution. De plus, le site Web de Solutions EI et ses fournisseurs ne d\u00e9clarent ni ne garantissent que les renseignements accessibles par l\u2019interm\u00e9diaire de eisolutions.ca sont exacts, complets ou \u00e0 jour. Nous ne sommes pas responsables des erreurs typographiques. Les renseignements sur les prix et la disponibilit\u00e9 peuvent \u00eatre modifi\u00e9s sans pr\u00e9avis.<\/p>\n<h4>Commentaires des utilisateurs et autres commentaires<\/h4>\n<p>Tous les commentaires, commentaires et autres soumissions fournis sur le site Web d\u2019EI Solutions sur ou \u00e0 ce sujet, ou autrement soumis dans le cadre de votre utilisation du site Web, sont et demeurent la propri\u00e9t\u00e9 du site Web d\u2019EI Solutions. La divulgation, la soumission ou l\u2019offre de tout commentaire sera consid\u00e9r\u00e9e comme une cession au site Web d\u2019EI Solutions de tous les droits mondiaux sur toutes les propri\u00e9t\u00e9s intellectuelles li\u00e9es aux commentaires.<\/p>\n<p>Vous acceptez qu\u2019aucun commentaire que vous soumettez sur le site Web d\u2019EI Solutions ne viole les droits d\u2019un tiers, y compris les droits d\u2019auteur, les marques de commerce, la vie priv\u00e9e ou d\u2019autres droits personnels ou de propri\u00e9t\u00e9. Vous acceptez \u00e9galement qu\u2019aucun commentaire que vous soumettez sur le site ne soit ou ne contienne du mat\u00e9riel calomnieux ou autrement ill\u00e9gal, abusif ou obsc\u00e8ne. Vous \u00eates et demeurez seul responsable du contenu de tout commentaire que vous faites.<\/p>\n<p>Vous acceptez que le site Web de Solutions EI puisse utiliser ou divulguer des renseignements conformes \u00e0 notre <a href=\"https:\/\/eisolutions.ca\/fr\/politique-de-confidentialite\/\">politique de confidentialit\u00e9.<\/a>.<\/p>\n<p>&nbsp;<\/p>\n\n\t\t<\/div>\n\t<\/div>\n<\/div><\/div><\/div><\/div><\/div><\/section><\/div>","protected":false},"excerpt":{"rendered":"Conditions d\u2019utilisation Veuillez lire attentivement les conditions d\u2019utilisation et l\u2019avis de non-responsabilit\u00e9 suivants avant d\u2019utiliser le site Web de Solutions EI. En utilisant notre site Web, vous acceptez ces conditions d\u2019utilisation. Si vous n\u2019acceptez pas ces conditions d\u2019utilisation, vous ne pouvez pas utiliser ce site. Le site Web d\u2019EI Solutions","protected":false},"author":1,"featured_media":0,"parent":0,"menu_order":0,"comment_status":"closed","ping_status":"closed","template":"","meta":[],"_links":{"self":[{"href":"https:\/\/eisolutions.ca\/fr\/wp-json\/wp\/v2\/pages\/11844"}],"collection":[{"href":"https:\/\/eisolutions.ca\/fr\/wp-json\/wp\/v2\/pages"}],"about":[{"href":"https:\/\/eisolutions.ca\/fr\/wp-json\/wp\/v2\/types\/page"}],"author":[{"embeddable":true,"href":"https:\/\/eisolutions.ca\/fr\/wp-json\/wp\/v2\/users\/1"}],"replies":[{"embeddable":true,"href":"https:\/\/eisolutions.ca\/fr\/wp-json\/wp\/v2\/comments?post=11844"}],"version-history":[{"count":0,"href":"https:\/\/eisolutions.ca\/fr\/wp-json\/wp\/v2\/pages\/11844\/revisions"}],"wp:attachment":[{"href":"https:\/\/eisolutions.ca\/fr\/wp-json\/wp\/v2\/media?parent=11844"}],"curies":[{"name":"wp","href":"https:\/\/api.w.org\/{rel}","templated":true}]}}