{"id":11799,"date":"2024-04-16T10:57:21","date_gmt":"2024-04-16T10:57:21","guid":{"rendered":"https:\/\/eisolutions.ca\/freedrydx\/"},"modified":"2025-07-23T06:53:26","modified_gmt":"2025-07-23T06:53:26","slug":"freedrydx","status":"publish","type":"page","link":"https:\/\/eisolutions.ca\/fr\/freedrydx\/","title":{"rendered":"FreeDryDX"},"content":{"rendered":"<div class=\"vc-custom-col-spacing clearfix vc-col-spacing-30\"><section class=\"wpb_row vc_row-fluid row-content-position-Default\"><div class=\"bauer-container\"><div class=\"row-inner clearfix\"><div class=\"wpb_column vc_column_container vc_col-sm-12\"><div class=\"vc_column-inner\"><div class=\"wpb_wrapper\">\r\n\t<div class=\"bauer-spacer clearfix\" data-desktop=\"94\" data-mobi=\"60\" data-smobi=\"60\"><\/div><h2 style=\"font-size: 40px;color: #373680;line-height: 50px;text-align: left\" class=\"vc_custom_heading\" >Technologie de d\u00e9shydratation de pompe \u00e0 chaleur haute performance<\/h2>\n\t<div class=\"wpb_text_column wpb_content_element\" >\n\t\t<div class=\"wpb_wrapper\">\n\t\t\t<p><span style=\"font-weight: 400;\">La s\u00e9rie FreeDry brevet\u00e9e par EI Solutions \u00e9limine l\u2019humidit\u00e9 plus efficacement que tout autre syst\u00e8me de d\u00e9shydratation active en combinant parfaitement les avantages \u00e9prouv\u00e9s du refroidissement \u00e0 expansion directe (DX) avec le pouvoir sup\u00e9rieur d\u2019\u00e9limination de l\u2019humidit\u00e9 de la technologie de d\u00e9shydratant.<\/span><\/p>\n\n\t\t<\/div>\n\t<\/div>\n<\/div><\/div><\/div><\/div><\/div><\/section><\/div><div class=\"vc-custom-col-spacing clearfix vc-col-spacing-30\"><section class=\"wpb_row vc_row-fluid vc_custom_1713265213758 row-content-position-Default\"><div class=\"bauer-container\"><div class=\"row-inner clearfix\"><div class=\"wpb_column vc_column_container vc_col-sm-12\"><div class=\"vc_column-inner\"><div class=\"wpb_wrapper\"><div class=\"bauer-simple-image text-center\" style=\"\" >\r\n\t\t\t<img alt=\"image\" data-src=\"https:\/\/eisolutions.ca\/wp-content\/uploads\/2025\/07\/FreeDry-Series-Wheel-1_v2.jpg\" src=\"data:image\/gif;base64,R0lGODlhAQABAAAAACH5BAEKAAEALAAAAAABAAEAAAICTAEAOw==\" class=\"lazyload\" style=\"--smush-placeholder-width: 1415px; --smush-placeholder-aspect-ratio: 1415\/524;\" \/> \r\n\t\t<\/div><\/div><\/div><\/div><\/div><\/div><\/section><\/div><div class=\"vc-custom-col-spacing clearfix vc-col-spacing-30\"><section class=\"wpb_row vc_row-fluid vc_custom_1713260197362 row-content-position-Default\"><div class=\"bauer-container\"><div class=\"row-inner clearfix\"><div class=\"wpb_column vc_column_container vc_col-sm-12\"><div class=\"vc_column-inner\"><div class=\"wpb_wrapper\">\n\t<div class=\"wpb_text_column wpb_content_element\" >\n\t\t<div class=\"wpb_wrapper\">\n\t\t\t<p><span style=\"color: #373680;\"><strong><em>FreeDry\u2122 est le syst\u00e8me de d\u00e9shumidification le plus \u00e9conome en \u00e9nergie disponible pour les applications n\u00e9cessitant des temp\u00e9ratures de point de ros\u00e9e de l\u2019air d\u2019alimentation inf\u00e9rieures \u00e0 50 \u00b0F.<\/em><\/strong><\/span><\/p>\n<p>Les syst\u00e8mes FreeDry r\u00e9cup\u00e8rent la chaleur r\u00e9siduelle des compresseurs embarqu\u00e9s pour r\u00e9activer la roue dessiccante. En termes simples, FreeDry est une unit\u00e9 DX monobloc am\u00e9lior\u00e9e par une roue d\u00e9shydratante active pour r\u00e9duire les besoins en compresseur de refroidissement latent de 30 \u00e0 40%. Les unit\u00e9s de d\u00e9shydratation FreeDry utilisent des r\u00e9seaux de ventilateurs d\u2019alimentation et de r\u00e9activation. Un r\u00e9seau de ventilateurs offre de nombreux avantages par rapport \u00e0 un seul ventilateur, notamment a) la redondance, b) une efficacit\u00e9 plus \u00e9lev\u00e9e, c) un fonctionnement plus silencieux, et d) un entretien plus facile et des co\u00fbts de remplacement r\u00e9duits.<\/p>\n<p>Les performances et l\u2019efficacit\u00e9 de la s\u00e9rie FreeDry sont optimis\u00e9es gr\u00e2ce \u00e0 la programmation exclusive du contr\u00f4leur embarqu\u00e9. EI Solutions apporte plus de 25 ans d\u2019exp\u00e9rience en d\u00e9veloppement \u00e0 chaque boucle logique inscrite dans la s\u00e9quence de contr\u00f4le. La s\u00e9rie FreeDry avec de nombreux mod\u00e8les est bien adapt\u00e9e \u00e0 une large gamme d\u2019applications.<\/p>\n\n\t\t<\/div>\n\t<\/div>\n<\/div><\/div><\/div><\/div><\/div><\/section><\/div><div class=\"vc-custom-col-spacing clearfix vc-col-spacing-30\"><section class=\"wpb_row vc_row-fluid vc_custom_1714005071763 vc_row-has-fill row-content-position-Default\"><div class=\"bauer-container\"><div class=\"row-inner clearfix\"><div class=\"wpb_column vc_column_container vc_col-sm-12\"><div class=\"vc_column-inner\"><div class=\"wpb_wrapper\"><h2 style=\"font-size: 42px;color: #ffffff;text-align: left\" class=\"vc_custom_heading vc_custom_1752825990163\" >Caract\u00e9ristiques standard<\/h2><\/div><\/div><\/div><\/div><\/div><\/section><\/div><div class=\"vc-custom-col-spacing clearfix vc-col-spacing-30\"><section class=\"wpb_row vc_row-fluid vc_custom_1714005076538 vc_row-has-fill row-content-position-Default\"><div class=\"bauer-container\"><div class=\"row-inner clearfix\"><div class=\"wpb_column vc_column_container vc_col-sm-4\"><div class=\"vc_column-inner\"><div class=\"wpb_wrapper\">\n\t<div class=\"wpb_text_column wpb_content_element\" >\n\t\t<div class=\"wpb_wrapper\">\n\t\t\t<ul>\n<li style=\"text-align: left; color: #ffffff; list-style-type: disclosure-closed;\">4 000 \u00e0 16 000 pieds cubes<\/li>\n<li style=\"text-align: left; color: #ffffff; list-style-type: disclosure-closed;\">Meule d\u00e9shydratante en silicate<\/li>\n<li style=\"text-align: left; color: #ffffff; list-style-type: disclosure-closed;\">R\u00e9seau de ventilateurs d\u2019alimentation ECM<\/li>\n<li style=\"text-align: left; color: #ffffff; list-style-type: disclosure-closed;\">R\u00e9seau de ventilateurs de r\u00e9activation ECM<\/li>\n<\/ul>\n\n\t\t<\/div>\n\t<\/div>\n<\/div><\/div><\/div><div class=\"wpb_column vc_column_container vc_col-sm-4\"><div class=\"vc_column-inner\"><div class=\"wpb_wrapper\">\n\t<div class=\"wpb_text_column wpb_content_element\" >\n\t\t<div class=\"wpb_wrapper\">\n\t\t\t<ul>\n<li style=\"text-align: left; color: #ffffff; list-style-type: disclosure-closed;\">Ventilateurs \u00e0 condensateur<\/li>\n<li style=\"text-align: left; color: #ffffff; list-style-type: disclosure-closed;\">Amortisseur de d\u00e9rivation de roue DH<\/li>\n<li style=\"text-align: left; color: #ffffff; list-style-type: disclosure-closed;\">Construction \u00e0 double paroi<\/li>\n<li style=\"text-align: left; color: #ffffff; list-style-type: disclosure-closed;\">Installation int\u00e9rieure ou ext\u00e9rieure<\/li>\n<\/ul>\n\n\t\t<\/div>\n\t<\/div>\n<\/div><\/div><\/div><div class=\"wpb_column vc_column_container vc_col-sm-4\"><div class=\"vc_column-inner\"><div class=\"wpb_wrapper\">\n\t<div class=\"wpb_text_column wpb_content_element\" >\n\t\t<div class=\"wpb_wrapper\">\n\t\t\t<ul>\n<li style=\"text-align: left; color: #ffffff; list-style-type: disclosure-closed;\">Modulation (0-100%) des amortisseurs d\u2019air ext\u00e9rieur et de retour<\/li>\n<li style=\"text-align: left; color: #ffffff; list-style-type: disclosure-closed;\">Microprocesseur d\u2019unit\u00e9 autonome avec interface BM<\/li>\n<li style=\"text-align: left; color: #ffffff; list-style-type: disclosure-closed;\">Contr\u00f4le du point de ros\u00e9e spatial ou du point de ros\u00e9e de l\u2019air d\u2019alimentation<\/li>\n<\/ul>\n\n\t\t<\/div>\n\t<\/div>\n<\/div><\/div><\/div><\/div><\/div><\/section><\/div><div class=\"vc-custom-col-spacing clearfix vc-col-spacing-30\"><section class=\"wpb_row vc_row-fluid vc_custom_1713951852799 vc_row-has-fill row-content-position-Default\"><div class=\"bauer-container\"><div class=\"row-inner clearfix\"><div class=\"wpb_column vc_column_container vc_col-sm-12\"><div class=\"vc_column-inner\"><div class=\"wpb_wrapper\"><h2 style=\"font-size: 42px;color: #ffffff;text-align: left\" class=\"vc_custom_heading vc_custom_1752826255556\" >Applications<\/h2><\/div><\/div><\/div><\/div><\/div><\/section><\/div><div class=\"vc-custom-col-spacing clearfix vc-col-spacing-30\"><section class=\"wpb_row vc_row-fluid vc_custom_1713951857700 vc_row-has-fill row-content-position-Default\"><div class=\"bauer-container\"><div class=\"row-inner clearfix\"><div class=\"wpb_column vc_column_container vc_col-sm-6\"><div class=\"vc_column-inner\"><div class=\"wpb_wrapper\"><div class=\"bauer-simple-image text-center\" style=\"\" >\r\n\t\t\t<img alt=\"image\" data-src=\"https:\/\/eisolutions.ca\/wp-content\/uploads\/2024\/04\/fd-1.jpg\" src=\"data:image\/gif;base64,R0lGODlhAQABAAAAACH5BAEKAAEALAAAAAABAAEAAAICTAEAOw==\" class=\"lazyload\" style=\"--smush-placeholder-width: 689px; --smush-placeholder-aspect-ratio: 689\/448;\" \/> \r\n\t\t<\/div>\n\t<div class=\"wpb_text_column wpb_content_element  vc_custom_1752826275790\" >\n\t\t<div class=\"wpb_wrapper\">\n\t\t\t<p style=\"text-align: left; color: #ffffff;\"><strong>SYST\u00c8MES D\u2019AIR EXT\u00c9RIEUR ET AR\u00c9NAS D\u00c9DI\u00c9S<\/strong><\/p>\n\n\t\t<\/div>\n\t<\/div>\n<\/div><\/div><\/div><div class=\"wpb_column vc_column_container vc_col-sm-6\"><div class=\"vc_column-inner\"><div class=\"wpb_wrapper\"><div class=\"bauer-simple-image text-center\" style=\"\" >\r\n\t\t\t<img alt=\"image\" data-src=\"https:\/\/eisolutions.ca\/wp-content\/uploads\/2024\/04\/fd-2.jpg\" src=\"data:image\/gif;base64,R0lGODlhAQABAAAAACH5BAEKAAEALAAAAAABAAEAAAICTAEAOw==\" class=\"lazyload\" style=\"--smush-placeholder-width: 688px; --smush-placeholder-aspect-ratio: 688\/448;\" \/> \r\n\t\t<\/div>\n\t<div class=\"wpb_text_column wpb_content_element  vc_custom_1752826291388\" >\n\t\t<div class=\"wpb_wrapper\">\n\t\t\t<p style=\"text-align: left; color: #ffffff;\"><strong>FORMATION<\/strong><\/p>\n\n\t\t<\/div>\n\t<\/div>\n<\/div><\/div><\/div><\/div><\/div><\/section><\/div><div class=\"vc-custom-col-spacing clearfix vc-col-spacing-30\"><section class=\"wpb_row vc_row-fluid vc_custom_1713955279624 vc_row-has-fill row-content-position-Default\"><div class=\"bauer-container\"><div class=\"row-inner clearfix\"><div class=\"wpb_column vc_column_container vc_col-sm-6\"><div class=\"vc_column-inner\"><div class=\"wpb_wrapper\"><div class=\"bauer-simple-image text-center\" style=\"\" >\r\n\t\t\t<img alt=\"image\" data-src=\"https:\/\/eisolutions.ca\/wp-content\/uploads\/2024\/04\/fd-3.jpg\" src=\"data:image\/gif;base64,R0lGODlhAQABAAAAACH5BAEKAAEALAAAAAABAAEAAAICTAEAOw==\" class=\"lazyload\" style=\"--smush-placeholder-width: 689px; --smush-placeholder-aspect-ratio: 689\/448;\" \/> \r\n\t\t<\/div>\n\t<div class=\"wpb_text_column wpb_content_element  vc_custom_1752826702869\" >\n\t\t<div class=\"wpb_wrapper\">\n\t\t\t<p style=\"text-align: left; color: #ffffff;\"><strong>H\u00d4PITAUX ET SOINS DE SANT\u00c9<\/strong><\/p>\n\n\t\t<\/div>\n\t<\/div>\n<\/div><\/div><\/div><div class=\"wpb_column vc_column_container vc_col-sm-6\"><div class=\"vc_column-inner\"><div class=\"wpb_wrapper\"><div class=\"bauer-simple-image text-center\" style=\"\" >\r\n\t\t\t<img alt=\"image\" data-src=\"https:\/\/eisolutions.ca\/wp-content\/uploads\/2024\/04\/fd-4.jpg\" src=\"data:image\/gif;base64,R0lGODlhAQABAAAAACH5BAEKAAEALAAAAAABAAEAAAICTAEAOw==\" class=\"lazyload\" style=\"--smush-placeholder-width: 688px; --smush-placeholder-aspect-ratio: 688\/448;\" \/> \r\n\t\t<\/div>\n\t<div class=\"wpb_text_column wpb_content_element  vc_custom_1752826718148\" >\n\t\t<div class=\"wpb_wrapper\">\n\t\t\t<p style=\"text-align: left; color: #ffffff;\"><strong>SUPERMARCH\u00c9S ET ENTREPOSAGE DE PRODUITS<\/strong><\/p>\n\n\t\t<\/div>\n\t<\/div>\n<\/div><\/div><\/div><\/div><\/div><\/section><\/div><div class=\"vc-custom-col-spacing clearfix vc-col-spacing-30\"><section class=\"wpb_row vc_row-fluid vc_custom_1714005177122 vc_row-has-fill row-content-position-Default\"><div class=\"bauer-container\"><div class=\"row-inner clearfix\"><div class=\"wpb_column vc_column_container vc_col-sm-12\"><div class=\"vc_column-inner\"><div class=\"wpb_wrapper\"><h2 style=\"font-size: 42px;color: #ffffff;text-align: left\" class=\"vc_custom_heading\" >Comment \u00e7a marche<\/h2><\/div><\/div><\/div><\/div><\/div><\/section><\/div><div class=\"vc-custom-col-spacing clearfix vc-col-spacing-30\"><section class=\"wpb_row vc_row-fluid vc_custom_1714005182053 vc_row-has-fill row-content-position-Default\"><div class=\"bauer-container\"><div class=\"row-inner clearfix\"><div class=\"wpb_column vc_column_container vc_col-sm-12\"><div class=\"vc_column-inner\"><div class=\"wpb_wrapper\"><div class=\"bauer-simple-image text-center\" style=\"\" >\r\n\t\t\t<img alt=\"image\" data-src=\"https:\/\/eisolutions.ca\/wp-content\/uploads\/2025\/07\/FreeDry-Dessicant-Dehumidification-Illustration_v2.jpg\" src=\"data:image\/gif;base64,R0lGODlhAQABAAAAACH5BAEKAAEALAAAAAABAAEAAAICTAEAOw==\" class=\"lazyload\" style=\"--smush-placeholder-width: 1080px; --smush-placeholder-aspect-ratio: 1080\/501;\" \/> \r\n\t\t<\/div><\/div><\/div><\/div><\/div><\/div><\/section><\/div><div class=\"vc-custom-col-spacing clearfix vc-col-spacing-30\"><section class=\"wpb_row vc_row-fluid vc_custom_1714005188681 vc_row-has-fill row-content-position-Default\"><div class=\"bauer-container\"><div class=\"row-inner clearfix\"><div class=\"wpb_column vc_column_container vc_col-sm-12\"><div class=\"vc_column-inner\"><div class=\"wpb_wrapper\">\n\t<div class=\"wpb_text_column wpb_content_element  vc_custom_1752841439557\" >\n\t\t<div class=\"wpb_wrapper\">\n\t\t\t<p><span style=\"color: #ffffff;\"><em><strong>FreeDry\u2122 est le syst\u00e8me de d\u00e9shumidification le plus \u00e9conome en \u00e9nergie disponible pour les applications n\u00e9cessitant un soufflage d\u2019air temp\u00e9ratures du point de ros\u00e9e inf\u00e9rieures \u00e0 50 \u00b0F.<\/strong><\/em><\/span><\/p>\n<p><span style=\"color: #ffffff;\">Chaque unit\u00e9 FreeDry offre des options standard, notamment des mises \u00e0 niveau du filtre, le post-refroidissement, le post-chauffage et la r\u00e9cup\u00e9ration de chaleur de la roue \u00e0 enthalpie. Les unit\u00e9s FreeDry sont Con\u00e7u pour une installation \u00e0 l\u2019int\u00e9rieur ou \u00e0 l\u2019ext\u00e9rieur. Toutes les unit\u00e9s sont con\u00e7ues pour faciliter l\u2019entretien. Les portes d\u2019acc\u00e8s sont situ\u00e9es en amont et en aval de toutes les composantes principales.<\/span><\/p>\n<p><span style=\"color: #ffffff;\">Pour l\u2019industrie des patinoires, FreeDry exploite l\u2019abondante chaleur r\u00e9siduelle de l\u2019usine de glace (qui est g\u00e9n\u00e9ralement rejet\u00e9e par la tour de refroidissement) pour r\u00e9pondre aux exigences les exigences de point de ros\u00e9e de l\u2019espace plus faibles de cette industrie sp\u00e9cialis\u00e9e.<\/span><\/p>\n\n\t\t<\/div>\n\t<\/div>\n<\/div><\/div><\/div><\/div><\/div><\/section><\/div><div class=\"vc-custom-col-spacing clearfix vc-col-spacing-30\"><section class=\"wpb_row vc_row-fluid vc_custom_1714005196268 vc_row-has-fill row-content-position-Default\"><div class=\"bauer-container\"><div class=\"row-inner clearfix\"><div class=\"wpb_column vc_column_container vc_col-sm-12\"><div class=\"vc_column-inner\"><div class=\"wpb_wrapper\"><div class=\"bauer-simple-image text-center\" style=\"max-width:1000px;margin-left: auto; margin-right: auto;\" >\r\n\t\t\t<img alt=\"image\" data-src=\"https:\/\/eisolutions.ca\/wp-content\/uploads\/2025\/07\/FreeDry-Series-Graph_v2.jpg\" src=\"data:image\/gif;base64,R0lGODlhAQABAAAAACH5BAEKAAEALAAAAAABAAEAAAICTAEAOw==\" class=\"lazyload\" style=\"--smush-placeholder-width: 1168px; --smush-placeholder-aspect-ratio: 1168\/600;\" \/> \r\n\t\t<\/div><\/div><\/div><\/div><\/div><\/div><\/section><\/div><div class=\"vc-custom-col-spacing clearfix vc-col-spacing-30\"><section class=\"wpb_row vc_row-fluid vc_custom_1713262072652 row-content-position-Default\"><div class=\"bauer-container\"><div class=\"row-inner clearfix\"><div class=\"wpb_column vc_column_container vc_col-sm-12\"><div class=\"vc_column-inner\"><div class=\"wpb_wrapper\"><h2 style=\"font-size: 42px;color: #373680;text-align: left\" class=\"vc_custom_heading\" >Caract\u00e9ristiques de FreeDry\u2122<\/h2><\/div><\/div><\/div><\/div><\/div><\/section><\/div><div class=\"vc-custom-col-spacing clearfix vc-col-spacing-30\"><section class=\"wpb_row vc_row-fluid row-content-position-Default\"><div class=\"bauer-container\"><div class=\"row-inner clearfix\"><div class=\"wpb_column vc_column_container vc_col-sm-4\"><div class=\"vc_column-inner vc_custom_1713273880966\"><div class=\"wpb_wrapper\"><div class=\"bauer-simple-image text-center\" style=\"\" >\r\n\t\t\t<img alt=\"image\" data-src=\"https:\/\/eisolutions.ca\/wp-content\/uploads\/2024\/04\/Freedry-1-1.jpg\" src=\"data:image\/gif;base64,R0lGODlhAQABAAAAACH5BAEKAAEALAAAAAABAAEAAAICTAEAOw==\" class=\"lazyload\" style=\"--smush-placeholder-width: 399px; --smush-placeholder-aspect-ratio: 399\/408;\" \/> \r\n\t\t<\/div>\n\t<div class=\"wpb_text_column wpb_content_element  vc_custom_1752827061905\" >\n\t\t<div class=\"wpb_wrapper\">\n\t\t\t<p style=\"color: #373680; text-align: center;\"><strong>Roue d\u00e9shydratante r\u00e9g\u00e9n\u00e9r\u00e9e avanc\u00e9e \u00e0 basse temp\u00e9rature<\/strong><\/p>\n\n\t\t<\/div>\n\t<\/div>\n<\/div><\/div><\/div><div class=\"wpb_column vc_column_container vc_col-sm-4\"><div class=\"vc_column-inner vc_custom_1713273892016\"><div class=\"wpb_wrapper\"><div class=\"bauer-simple-image text-center\" style=\"\" >\r\n\t\t\t<img alt=\"image\" data-src=\"https:\/\/eisolutions.ca\/wp-content\/uploads\/2024\/04\/freedry-2-1.jpg\" src=\"data:image\/gif;base64,R0lGODlhAQABAAAAACH5BAEKAAEALAAAAAABAAEAAAICTAEAOw==\" class=\"lazyload\" style=\"--smush-placeholder-width: 399px; --smush-placeholder-aspect-ratio: 399\/408;\" \/> \r\n\t\t<\/div>\n\t<div class=\"wpb_text_column wpb_content_element  vc_custom_1752827075476\" >\n\t\t<div class=\"wpb_wrapper\">\n\t\t\t<p style=\"color: #373680; text-align: center;\"><strong>Module de r\u00e9cup\u00e9ration de chaleur en option disponible pour la certification LEED.<\/strong><\/p>\n\n\t\t<\/div>\n\t<\/div>\n<\/div><\/div><\/div><div class=\"wpb_column vc_column_container vc_col-sm-4\"><div class=\"vc_column-inner vc_custom_1713273896509\"><div class=\"wpb_wrapper\"><div class=\"bauer-simple-image text-center\" style=\"\" >\r\n\t\t\t<img alt=\"image\" data-src=\"https:\/\/eisolutions.ca\/wp-content\/uploads\/2024\/04\/Freedry-3-01.jpg\" src=\"data:image\/gif;base64,R0lGODlhAQABAAAAACH5BAEKAAEALAAAAAABAAEAAAICTAEAOw==\" class=\"lazyload\" style=\"--smush-placeholder-width: 399px; --smush-placeholder-aspect-ratio: 399\/408;\" \/> \r\n\t\t<\/div>\n\t<div class=\"wpb_text_column wpb_content_element  vc_custom_1752827159082\" >\n\t\t<div class=\"wpb_wrapper\">\n\t\t\t<p style=\"color: #373680; text-align: center;\"><strong>Double pompe \u00e0 chaleur et technologie de dessiccation pour une efficacit\u00e9 in\u00e9gal\u00e9e.<\/strong><\/p>\n\n\t\t<\/div>\n\t<\/div>\n<\/div><\/div><\/div><\/div><\/div><\/section><\/div><div class=\"vc-custom-col-spacing clearfix vc-col-spacing-30\"><section class=\"wpb_row vc_row-fluid row-content-position-Default\"><div class=\"bauer-container\"><div class=\"row-inner clearfix\"><div class=\"wpb_column vc_column_container vc_col-sm-4\"><div class=\"vc_column-inner vc_custom_1713273901644\"><div class=\"wpb_wrapper\"><div class=\"bauer-simple-image text-center\" style=\"\" >\r\n\t\t\t<img alt=\"image\" data-src=\"https:\/\/eisolutions.ca\/wp-content\/uploads\/2024\/04\/Freedry-4-1.jpg\" src=\"data:image\/gif;base64,R0lGODlhAQABAAAAACH5BAEKAAEALAAAAAABAAEAAAICTAEAOw==\" class=\"lazyload\" style=\"--smush-placeholder-width: 399px; --smush-placeholder-aspect-ratio: 399\/408;\" \/> \r\n\t\t<\/div>\n\t<div class=\"wpb_text_column wpb_content_element  vc_custom_1752827172926\" >\n\t\t<div class=\"wpb_wrapper\">\n\t\t\t<p style=\"color: #373680; text-align: center;\"><strong>Chaleur r\u00e9siduelle des compresseurs de r\u00e9frig\u00e9ration pour le chauffage des locaux en hiver.<\/strong><\/p>\n\n\t\t<\/div>\n\t<\/div>\n<\/div><\/div><\/div><div class=\"wpb_column vc_column_container vc_col-sm-4\"><div class=\"vc_column-inner vc_custom_1713273908409\"><div class=\"wpb_wrapper\"><div class=\"bauer-simple-image text-center\" style=\"\" >\r\n\t\t\t<img alt=\"image\" data-src=\"https:\/\/eisolutions.ca\/wp-content\/uploads\/2024\/04\/freedry-5-1.jpg\" src=\"data:image\/gif;base64,R0lGODlhAQABAAAAACH5BAEKAAEALAAAAAABAAEAAAICTAEAOw==\" class=\"lazyload\" style=\"--smush-placeholder-width: 399px; --smush-placeholder-aspect-ratio: 399\/408;\" \/> \r\n\t\t<\/div>\n\t<div class=\"wpb_text_column wpb_content_element  vc_custom_1752827192034\" >\n\t\t<div class=\"wpb_wrapper\">\n\t\t\t<p style=\"color: #373680; text-align: center;\"><strong>Serpentin de pr\u00e9-refroidissement DX liquide ou emball\u00e9.<\/strong><\/p>\n\n\t\t<\/div>\n\t<\/div>\n<\/div><\/div><\/div><div class=\"wpb_column vc_column_container vc_col-sm-4\"><div class=\"vc_column-inner vc_custom_1713273916930\"><div class=\"wpb_wrapper\"><div class=\"bauer-simple-image text-center\" style=\"\" >\r\n\t\t\t<img alt=\"image\" data-src=\"https:\/\/eisolutions.ca\/wp-content\/uploads\/2024\/04\/Freedry-7-1.jpg\" src=\"data:image\/gif;base64,R0lGODlhAQABAAAAACH5BAEKAAEALAAAAAABAAEAAAICTAEAOw==\" class=\"lazyload\" style=\"--smush-placeholder-width: 399px; --smush-placeholder-aspect-ratio: 399\/408;\" \/> \r\n\t\t<\/div>\n\t<div class=\"wpb_text_column wpb_content_element  vc_custom_1752827204733\" >\n\t\t<div class=\"wpb_wrapper\">\n\t\t\t<p style=\"color: #373680; text-align: center;\"><strong>Variateurs de fr\u00e9quence pour des performances optimales.<\/strong><\/p>\n\n\t\t<\/div>\n\t<\/div>\n<\/div><\/div><\/div><\/div><\/div><\/section><\/div><div class=\"vc-custom-col-spacing clearfix vc-col-spacing-30\"><section class=\"wpb_row vc_row-fluid vc_custom_1713273342524 row-content-position-Default\"><div class=\"bauer-container\"><div class=\"row-inner clearfix\"><div class=\"wpb_column vc_column_container vc_col-sm-4\"><div class=\"vc_column-inner vc_custom_1713273921774\"><div class=\"wpb_wrapper\"><div class=\"bauer-simple-image text-center\" style=\"\" >\r\n\t\t\t<img alt=\"image\" data-src=\"https:\/\/eisolutions.ca\/wp-content\/uploads\/2024\/04\/Freedry-8-1.jpg\" src=\"data:image\/gif;base64,R0lGODlhAQABAAAAACH5BAEKAAEALAAAAAABAAEAAAICTAEAOw==\" class=\"lazyload\" style=\"--smush-placeholder-width: 399px; --smush-placeholder-aspect-ratio: 399\/408;\" \/> \r\n\t\t<\/div>\n\t<div class=\"wpb_text_column wpb_content_element  vc_custom_1752827221603\" >\n\t\t<div class=\"wpb_wrapper\">\n\t\t\t<p style=\"color: #373680; text-align: center;\"><strong>Commandes \u00e0 microprocesseur avec interface BMS en option.<\/strong><\/p>\n\n\t\t<\/div>\n\t<\/div>\n<\/div><\/div><\/div><div class=\"wpb_column vc_column_container vc_col-sm-4\"><div class=\"vc_column-inner vc_custom_1713273925731\"><div class=\"wpb_wrapper\"><div class=\"bauer-simple-image text-center\" style=\"\" >\r\n\t\t\t<img alt=\"image\" data-src=\"https:\/\/eisolutions.ca\/wp-content\/uploads\/2024\/04\/Freedry-9-1.jpg\" src=\"data:image\/gif;base64,R0lGODlhAQABAAAAACH5BAEKAAEALAAAAAABAAEAAAICTAEAOw==\" class=\"lazyload\" style=\"--smush-placeholder-width: 399px; --smush-placeholder-aspect-ratio: 399\/408;\" \/> \r\n\t\t<\/div>\n\t<div class=\"wpb_text_column wpb_content_element  vc_custom_1752827234001\" >\n\t\t<div class=\"wpb_wrapper\">\n\t\t\t<p style=\"color: #373680; text-align: center;\"><strong>Bo\u00eetier \u00e0 double paroi de 2&#8243; inject\u00e9 en mousse.<\/strong><\/p>\n\n\t\t<\/div>\n\t<\/div>\n<\/div><\/div><\/div><div class=\"wpb_column vc_column_container vc_col-sm-4\"><div class=\"vc_column-inner vc_custom_1713272979891\"><div class=\"wpb_wrapper\"><div class=\"bauer-simple-image text-center\" style=\"\" >\r\n\t\t\t<img alt=\"image\" data-src=\"https:\/\/eisolutions.ca\/wp-content\/uploads\/2024\/04\/Freedry-3-02.jpg\" src=\"data:image\/gif;base64,R0lGODlhAQABAAAAACH5BAEKAAEALAAAAAABAAEAAAICTAEAOw==\" class=\"lazyload\" style=\"--smush-placeholder-width: 399px; --smush-placeholder-aspect-ratio: 399\/408;\" \/> \r\n\t\t<\/div>\n\t<div class=\"wpb_text_column wpb_content_element  vc_custom_1752827247289\" >\n\t\t<div class=\"wpb_wrapper\">\n\t\t\t<p style=\"color: #373680; text-align: center;\"><strong>Mur d\u2019\u00e9ventail<\/strong><\/p>\n\n\t\t<\/div>\n\t<\/div>\n<\/div><\/div><\/div><\/div><\/div><\/section><\/div><div class=\"vc-custom-col-spacing clearfix vc-col-spacing-30\"><section class=\"wpb_row vc_row-fluid vc_custom_1722912657587 vc_row-has-fill row-content-position-Default\"><div class=\"bauer-container\"><div class=\"row-inner clearfix\"><div class=\"wpb_column vc_column_container vc_col-sm-12\"><div class=\"vc_column-inner\"><div class=\"wpb_wrapper\">\r\n\t<div class=\"bauer-spacer clearfix\" data-desktop=\"80\" data-mobi=\"60\" data-smobi=\"60\"><\/div><h2 style=\"font-size: 40px;color: #373680;line-height: 50px;text-align: left\" class=\"vc_custom_heading\" >Brochure du produit FreeDryDX<\/h2><\/div><\/div><\/div><\/div><\/div><\/section><\/div><div class=\"vc-custom-col-spacing clearfix vc-col-spacing-30\"><section class=\"wpb_row vc_row-fluid vc_custom_1726661637986 vc_row-has-fill row-content-position-Default\"><div class=\"bauer-container\"><div class=\"row-inner clearfix\"><div class=\"wpb_column vc_column_container vc_col-sm-6\"><div class=\"vc_column-inner\"><div class=\"wpb_wrapper\"><div class=\"button-wrap icon-left has-icon\" style=\"\" ><a href=\"https:\/\/eisolutions.ca\/wp-content\/uploads\/2024\/08\/FreeDry-Series-B22_0.pdf\" target=\"_blank\" class=\"bauer-button btn-1597610513 big custom custom outline solid custom\" style=\"padding:40px 40px 40px 40px;border-radius:15px;border-width:1px;\"  data-background=\"#f3f7ff\" data-border=\"#d3ddfb\">\r\n\t\t<span style=\"padding-left:30px;\">T\u00e9l\u00e9charger la brochure du produit FreeDry Series B22 <span class=\"icon\" style=\"\"><i class=\"elegant-icon_download\"><\/i><\/span><\/span>\r\n\t<\/a><\/div><\/div><\/div><\/div><div class=\"wpb_column vc_column_container vc_col-sm-6\"><div class=\"vc_column-inner\"><div class=\"wpb_wrapper\"><\/div><\/div><\/div><\/div><\/div><\/section><\/div>","protected":false},"excerpt":{"rendered":"Technologie de d\u00e9shydratation de pompe \u00e0 chaleur haute performance La s\u00e9rie FreeDry brevet\u00e9e par EI Solutions \u00e9limine l\u2019humidit\u00e9 plus efficacement que tout autre syst\u00e8me de d\u00e9shydratation active en combinant parfaitement les avantages \u00e9prouv\u00e9s du refroidissement \u00e0 expansion directe (DX) avec le pouvoir sup\u00e9rieur d\u2019\u00e9limination de l\u2019humidit\u00e9 de la technologie de","protected":false},"author":1,"featured_media":0,"parent":0,"menu_order":0,"comment_status":"closed","ping_status":"closed","template":"","meta":[],"_links":{"self":[{"href":"https:\/\/eisolutions.ca\/fr\/wp-json\/wp\/v2\/pages\/11799"}],"collection":[{"href":"https:\/\/eisolutions.ca\/fr\/wp-json\/wp\/v2\/pages"}],"about":[{"href":"https:\/\/eisolutions.ca\/fr\/wp-json\/wp\/v2\/types\/page"}],"author":[{"embeddable":true,"href":"https:\/\/eisolutions.ca\/fr\/wp-json\/wp\/v2\/users\/1"}],"replies":[{"embeddable":true,"href":"https:\/\/eisolutions.ca\/fr\/wp-json\/wp\/v2\/comments?post=11799"}],"version-history":[{"count":0,"href":"https:\/\/eisolutions.ca\/fr\/wp-json\/wp\/v2\/pages\/11799\/revisions"}],"wp:attachment":[{"href":"https:\/\/eisolutions.ca\/fr\/wp-json\/wp\/v2\/media?parent=11799"}],"curies":[{"name":"wp","href":"https:\/\/api.w.org\/{rel}","templated":true}]}}