{"id":11793,"date":"2024-04-29T12:23:58","date_gmt":"2024-04-29T12:23:58","guid":{"rendered":"https:\/\/eisolutions.ca\/freedry\/"},"modified":"2025-07-21T15:14:26","modified_gmt":"2025-07-21T15:14:26","slug":"freedry","status":"publish","type":"page","link":"https:\/\/eisolutions.ca\/fr\/freedry\/","title":{"rendered":"FreeDry\u2122"},"content":{"rendered":"<div class=\"vc-custom-col-spacing clearfix vc-col-spacing-30\"><section class=\"wpb_row vc_row-fluid row-content-position-Default\"><div class=\"bauer-container\"><div class=\"row-inner clearfix\"><div class=\"wpb_column vc_column_container vc_col-sm-12\"><div class=\"vc_column-inner\"><div class=\"wpb_wrapper\">\r\n\t<div class=\"bauer-spacer clearfix\" data-desktop=\"94\" data-mobi=\"60\" data-smobi=\"60\"><\/div><h2 style=\"font-size: 40px;color: #373680;line-height: 50px;text-align: left\" class=\"vc_custom_heading\" >S\u00e9rie FreeDry\u2122<\/h2><\/div><\/div><\/div><\/div><\/div><\/section><\/div><div class=\"vc-custom-col-spacing clearfix vc-col-spacing-30\"><section class=\"wpb_row vc_row-fluid row-content-position-Default\"><div class=\"bauer-container\"><div class=\"row-inner clearfix\"><div class=\"wpb_column vc_column_container vc_col-sm-6\"><div class=\"vc_column-inner\"><div class=\"wpb_wrapper\">\n\t<div  class=\"wpb_single_image wpb_content_element vc_align_left\">\n\t\t\n\t\t<figure class=\"wpb_wrapper vc_figure\">\n\t\t\t<a href=\"https:\/\/eisolutions.ca\/freedrydx\/\" target=\"_self\" class=\"vc_single_image-wrapper   vc_box_border_grey\"><img width=\"1895\" height=\"1483\" data-src=\"https:\/\/eisolutions.ca\/wp-content\/uploads\/2025\/07\/FreeDry-Series-Illustration-v2.jpg\" class=\"vc_single_image-img attachment-full lazyload\" alt=\"\" title=\"FreeDry-Series-Illustration-v2\" data-srcset=\"https:\/\/eisolutions.ca\/wp-content\/uploads\/2025\/07\/FreeDry-Series-Illustration-v2.jpg 1895w, https:\/\/eisolutions.ca\/wp-content\/uploads\/2025\/07\/FreeDry-Series-Illustration-v2-300x235.jpg 300w, https:\/\/eisolutions.ca\/wp-content\/uploads\/2025\/07\/FreeDry-Series-Illustration-v2-1024x801.jpg 1024w, https:\/\/eisolutions.ca\/wp-content\/uploads\/2025\/07\/FreeDry-Series-Illustration-v2-768x601.jpg 768w, https:\/\/eisolutions.ca\/wp-content\/uploads\/2025\/07\/FreeDry-Series-Illustration-v2-1536x1202.jpg 1536w, https:\/\/eisolutions.ca\/wp-content\/uploads\/2025\/07\/FreeDry-Series-Illustration-v2-15x12.jpg 15w, https:\/\/eisolutions.ca\/wp-content\/uploads\/2025\/07\/FreeDry-Series-Illustration-v2-870x681.jpg 870w, https:\/\/eisolutions.ca\/wp-content\/uploads\/2025\/07\/FreeDry-Series-Illustration-v2-640x501.jpg 640w, https:\/\/eisolutions.ca\/wp-content\/uploads\/2025\/07\/FreeDry-Series-Illustration-v2-480x376.jpg 480w\" data-sizes=\"(max-width: 1895px) 100vw, 1895px\" src=\"data:image\/gif;base64,R0lGODlhAQABAAAAACH5BAEKAAEALAAAAAABAAEAAAICTAEAOw==\" style=\"--smush-placeholder-width: 1895px; --smush-placeholder-aspect-ratio: 1895\/1483;\" \/><\/a>\n\t\t<\/figure>\n\t<\/div>\n\n\t<div class=\"wpb_text_column wpb_content_element  vc_custom_1714393682056\" >\n\t\t<div class=\"wpb_wrapper\">\n\t\t\t<p><a href=\"https:\/\/eisolutions.ca\/fr\/freedrydx\/\" style=\"color: #373680; text-decoration: none;\"><strong>FREEDRY DX<\/strong><\/a><\/p>\n\n\t\t<\/div>\n\t<\/div>\n<\/div><\/div><\/div><div class=\"wpb_column vc_column_container vc_col-sm-6\"><div class=\"vc_column-inner\"><div class=\"wpb_wrapper\">\n\t<div  class=\"wpb_single_image wpb_content_element vc_align_left\">\n\t\t\n\t\t<figure class=\"wpb_wrapper vc_figure\">\n\t\t\t<a href=\"https:\/\/eisolutions.ca\/freedryflex\/\" target=\"_self\" class=\"vc_single_image-wrapper   vc_box_border_grey\"><img width=\"1895\" height=\"1483\" data-src=\"https:\/\/eisolutions.ca\/wp-content\/uploads\/2025\/07\/FreeDry-Flex-v23.jpg\" class=\"vc_single_image-img attachment-full lazyload\" alt=\"\" title=\"FreeDry-Flex-v23\" data-srcset=\"https:\/\/eisolutions.ca\/wp-content\/uploads\/2025\/07\/FreeDry-Flex-v23.jpg 1895w, https:\/\/eisolutions.ca\/wp-content\/uploads\/2025\/07\/FreeDry-Flex-v23-300x235.jpg 300w, https:\/\/eisolutions.ca\/wp-content\/uploads\/2025\/07\/FreeDry-Flex-v23-1024x801.jpg 1024w, https:\/\/eisolutions.ca\/wp-content\/uploads\/2025\/07\/FreeDry-Flex-v23-768x601.jpg 768w, https:\/\/eisolutions.ca\/wp-content\/uploads\/2025\/07\/FreeDry-Flex-v23-1536x1202.jpg 1536w, https:\/\/eisolutions.ca\/wp-content\/uploads\/2025\/07\/FreeDry-Flex-v23-15x12.jpg 15w, https:\/\/eisolutions.ca\/wp-content\/uploads\/2025\/07\/FreeDry-Flex-v23-870x681.jpg 870w, https:\/\/eisolutions.ca\/wp-content\/uploads\/2025\/07\/FreeDry-Flex-v23-640x501.jpg 640w, https:\/\/eisolutions.ca\/wp-content\/uploads\/2025\/07\/FreeDry-Flex-v23-480x376.jpg 480w\" data-sizes=\"(max-width: 1895px) 100vw, 1895px\" src=\"data:image\/gif;base64,R0lGODlhAQABAAAAACH5BAEKAAEALAAAAAABAAEAAAICTAEAOw==\" style=\"--smush-placeholder-width: 1895px; --smush-placeholder-aspect-ratio: 1895\/1483;\" \/><\/a>\n\t\t<\/figure>\n\t<\/div>\n\n\t<div class=\"wpb_text_column wpb_content_element  vc_custom_1714393700988\" >\n\t\t<div class=\"wpb_wrapper\">\n\t\t\t<p><a href=\"https:\/\/eisolutions.ca\/fr\/freedryflex\/\" style=\"color: #373680; text-decoration: none;\"><strong>FREEDRY FLEX<\/strong><\/a><\/p>\n\n\t\t<\/div>\n\t<\/div>\n<\/div><\/div><\/div><\/div><\/div><\/section><\/div><div class=\"vc-custom-col-spacing clearfix vc-col-spacing-30\"><section class=\"wpb_row vc_row-fluid vc_custom_1714392888185 row-content-position-Default\"><div class=\"bauer-container\"><div class=\"row-inner clearfix\"><div class=\"wpb_column vc_column_container vc_col-sm-12\"><div class=\"vc_column-inner\"><div class=\"wpb_wrapper\">\n\t<div class=\"wpb_text_column wpb_content_element  vc_custom_1752817848384\" >\n\t\t<div class=\"wpb_wrapper\">\n\t\t\t<p><span style=\"color: #373680;\"><em><strong>La s\u00e9rie FreeDry a \u00e9t\u00e9 lanc\u00e9e en sachant et en partant de l\u2019exp\u00e9rience qu\u2019une roue d\u00e9shydratante active peut fournir de l\u2019air \u00e0 bas point de ros\u00e9e lorsque le m\u00eame air entrant est optimis\u00e9 et que cette m\u00eame strat\u00e9gie permettra \u00e9galement de r\u00e9duire les temp\u00e9ratures de l\u2019air de r\u00e9activation.<\/strong><\/em><\/span><\/p>\n<p>La s\u00e9rie originale se poursuit sous le nom de FreeDry DX avec ses propres compresseurs embarqu\u00e9s.<\/p>\n<p>Une s\u00e9rie suppl\u00e9mentaire appel\u00e9e FreeDry Flex a la chaleur de r\u00e9activation fournie par des serpentins de fluide, ce qui ouvre des choix flexibles pour la production de chaleur. Ces sources peuvent inclure la chaleur d\u2019une installation, ainsi que la chaleur r\u00e9cup\u00e9r\u00e9e de l\u2019installation et la chaleur solaire, \u00e0 bord de chaudi\u00e8res ou d\u2019une thermopompe efficace.<\/p>\n\n\t\t<\/div>\n\t<\/div>\n<\/div><\/div><\/div><\/div><\/div><\/section><\/div><div class=\"vc-custom-col-spacing clearfix vc-col-spacing-30\"><section class=\"wpb_row vc_row-fluid vc_custom_1722912657587 vc_row-has-fill row-content-position-Default\"><div class=\"bauer-container\"><div class=\"row-inner clearfix\"><div class=\"wpb_column vc_column_container vc_col-sm-12\"><div class=\"vc_column-inner\"><div class=\"wpb_wrapper\">\r\n\t<div class=\"bauer-spacer clearfix\" data-desktop=\"80\" data-mobi=\"60\" data-smobi=\"60\"><\/div><h2 style=\"font-size: 40px;color: #373680;line-height: 50px;text-align: left\" class=\"vc_custom_heading\" >Brochures de produits de la s\u00e9rie FreeDry<\/h2><\/div><\/div><\/div><\/div><\/div><\/section><\/div><div class=\"vc-custom-col-spacing clearfix vc-col-spacing-30\"><section class=\"wpb_row vc_row-fluid vc_custom_1722912651882 vc_row-has-fill row-content-position-Default\"><div class=\"bauer-container\"><div class=\"row-inner clearfix\"><div class=\"wpb_column vc_column_container vc_col-sm-6\"><div class=\"vc_column-inner\"><div class=\"wpb_wrapper\"><div class=\"button-wrap icon-left has-icon\" style=\"\" ><a href=\"https:\/\/eisolutions.ca\/wp-content\/uploads\/2024\/08\/FreeDry-Series-B22_0.pdf\" target=\"_blank\" class=\"bauer-button btn-1401354611 big custom custom outline solid custom\" style=\"padding:40px 40px 40px 40px;border-radius:15px;border-width:1px;\"  data-background=\"#f3f7ff\" data-border=\"#d3ddfb\">\r\n\t\t<span style=\"padding-left:30px;\">T\u00e9l\u00e9charger la brochure du produit FreeDry Series B22 <span class=\"icon\" style=\"\"><i class=\"elegant-icon_download\"><\/i><\/span><\/span>\r\n\t<\/a><\/div><\/div><\/div><\/div><div class=\"wpb_column vc_column_container vc_col-sm-6\"><div class=\"vc_column-inner\"><div class=\"wpb_wrapper\"><div class=\"button-wrap icon-left has-icon\" style=\"\" ><a href=\"https:\/\/eisolutions.ca\/wp-content\/uploads\/2024\/08\/FreeDry-Series-B24-05-16-2024.pdf\" target=\"_blank\" class=\"bauer-button btn-245230822 big custom custom outline solid custom\" style=\"padding:40px 40px 40px 40px;border-radius:15px;border-width:1px;\"  data-background=\"#f3f7ff\" data-border=\"#d3ddfb\">\r\n\t\t<span style=\"padding-left:30px;\">T\u00e9l\u00e9charger la brochure du produit FreeDry Series B24 <span class=\"icon\" style=\"\"><i class=\"elegant-icon_download\"><\/i><\/span><\/span>\r\n\t<\/a><\/div><\/div><\/div><\/div><\/div><\/div><\/section><\/div>","protected":false},"excerpt":{"rendered":"S\u00e9rie FreeDry\u2122 FREEDRY DX FREEDRY FLEX La s\u00e9rie FreeDry a \u00e9t\u00e9 lanc\u00e9e en sachant et en partant de l\u2019exp\u00e9rience qu\u2019une roue d\u00e9shydratante active peut fournir de l\u2019air \u00e0 bas point de ros\u00e9e lorsque le m\u00eame air entrant est optimis\u00e9 et que cette m\u00eame strat\u00e9gie permettra \u00e9galement de r\u00e9duire les temp\u00e9ratures","protected":false},"author":1,"featured_media":0,"parent":0,"menu_order":0,"comment_status":"closed","ping_status":"closed","template":"","meta":[],"_links":{"self":[{"href":"https:\/\/eisolutions.ca\/fr\/wp-json\/wp\/v2\/pages\/11793"}],"collection":[{"href":"https:\/\/eisolutions.ca\/fr\/wp-json\/wp\/v2\/pages"}],"about":[{"href":"https:\/\/eisolutions.ca\/fr\/wp-json\/wp\/v2\/types\/page"}],"author":[{"embeddable":true,"href":"https:\/\/eisolutions.ca\/fr\/wp-json\/wp\/v2\/users\/1"}],"replies":[{"embeddable":true,"href":"https:\/\/eisolutions.ca\/fr\/wp-json\/wp\/v2\/comments?post=11793"}],"version-history":[{"count":0,"href":"https:\/\/eisolutions.ca\/fr\/wp-json\/wp\/v2\/pages\/11793\/revisions"}],"wp:attachment":[{"href":"https:\/\/eisolutions.ca\/fr\/wp-json\/wp\/v2\/media?parent=11793"}],"curies":[{"name":"wp","href":"https:\/\/api.w.org\/{rel}","templated":true}]}}