{"id":11749,"date":"2024-04-04T13:16:08","date_gmt":"2024-04-04T13:16:08","guid":{"rendered":"https:\/\/eisolutions.ca\/healthcare\/"},"modified":"2025-07-23T06:48:56","modified_gmt":"2025-07-23T06:48:56","slug":"soins-de-sante","status":"publish","type":"page","link":"https:\/\/eisolutions.ca\/fr\/soins-de-sante\/","title":{"rendered":"Soins de sant\u00e9"},"content":{"rendered":"<div class=\"vc-custom-col-spacing clearfix vc-col-spacing-30\"><section class=\"wpb_row vc_row-fluid row-content-position-Default\"><div class=\"bauer-container\"><div class=\"row-inner clearfix\"><div class=\"wpb_column vc_column_container vc_col-sm-12\"><div class=\"vc_column-inner\"><div class=\"wpb_wrapper\">\r\n\t<div class=\"bauer-spacer clearfix\" data-desktop=\"94\" data-mobi=\"60\" data-smobi=\"60\"><\/div><h2 style=\"font-size: 42px;color: #373680;line-height: 50px;text-align: left\" class=\"vc_custom_heading\" >Contr\u00f4le de l\u2019humidit\u00e9 pour les espaces m\u00e9dicaux<\/h2>\n\t<div class=\"wpb_text_column wpb_content_element\" >\n\t\t<div class=\"wpb_wrapper\">\n\t\t\t<p><span style=\"font-weight: 400;\">L\u2019importance du contr\u00f4le de la temp\u00e9rature et de l\u2019humidit\u00e9 dans les zones chirurgicales a \u00e9t\u00e9 bien document\u00e9e par diverses organisations telles que l\u2019ASHRAE, l\u2019American Society for Health Care Engineering (ASHE) et l\u2019Association for the Advancement of Medical Instrumentation.<\/span><\/p>\n\n\t\t<\/div>\n\t<\/div>\n<\/div><\/div><\/div><\/div><\/div><\/section><\/div><div class=\"vc-custom-col-spacing clearfix vc-col-spacing-30\"><section class=\"wpb_row vc_row-fluid vc_custom_1712238140618 row-content-position-Default\"><div class=\"bauer-container\"><div class=\"row-inner clearfix\"><div class=\"wpb_column vc_column_container vc_col-sm-12\"><div class=\"vc_column-inner\"><div class=\"wpb_wrapper\"><div class=\"bauer-simple-image text-center\" style=\"\" >\r\n\t\t\t<img alt=\"image\" data-src=\"https:\/\/eisolutions.ca\/wp-content\/uploads\/2024\/04\/Healthcare-1.jpg\" src=\"data:image\/gif;base64,R0lGODlhAQABAAAAACH5BAEKAAEALAAAAAABAAEAAAICTAEAOw==\" class=\"lazyload\" style=\"--smush-placeholder-width: 1407px; --smush-placeholder-aspect-ratio: 1407\/523;\" \/> \r\n\t\t<\/div>\n\t<div class=\"wpb_text_column wpb_content_element  vc_custom_1752817399399\" >\n\t\t<div class=\"wpb_wrapper\">\n\t\t\t<p><span style=\"color: #373680;\"><em><strong>Les syst\u00e8mes de d\u00e9shumidification par adsorption permettent aux proc\u00e9dures critiques de se poursuivre dans les d\u00e9lais pr\u00e9vus et sans interruption.<br \/>\n<\/strong><\/em><\/span><\/p>\n<p><span style=\"font-weight: 400;\">La norme ASHRAE\/ASHE 170-2017, Ventilation des \u00e9tablissements de soins de sant\u00e9, d\u00e9finit les niveaux d\u2019humidit\u00e9 relative maximaux pour une salle d\u2019op\u00e9ration \u00e0 60%. Cependant, avec des conditions m\u00e9t\u00e9orologiques plus chaudes et plus humides, les syst\u00e8mes CVC ont du mal \u00e0 fournir les conditions d\u2019espace plus fra\u00eeches et plus s\u00e8ches que les chirurgiens et le personnel m\u00e9dical exigent pour leurs espaces m\u00e9dicaux critiques.<\/span><\/p>\n<p><span style=\"font-weight: 400;\">Traditionnellement, les salles d\u2019op\u00e9ration \u00e9taient con\u00e7ues avec des temp\u00e9ratures situ\u00e9es entre 20 \u00b0C et 23 \u00b0C \u00e0 60% d\u2019humidit\u00e9 relative maximale. En raison des proc\u00e9dures op\u00e9ratoires plus longues tout en portant une blouse multicouche plus lourde, les chirurgiens pr\u00e9f\u00e8rent que leurs zones chirurgicales soient maintenues \u00e0 des temp\u00e9ratures plus basses. Par cons\u00e9quent, il peut \u00eatre difficile d\u2019obtenir des niveaux d\u2019humidit\u00e9 plus faibles avec des appareils de climatisation standard utilisant de l\u2019eau r\u00e9frig\u00e9r\u00e9e et des syst\u00e8mes de type d\u00e9tente directe.<\/span><\/p>\n<p><span style=\"font-weight: 400;\">La d\u00e9shumidification par d\u00e9shydratation pr\u00e9conditionne l\u2019air ext\u00e9rieur avant d\u2019entrer dans l\u2019unit\u00e9 de traitement de l\u2019air. En traitant la charge d\u2019humidit\u00e9 de l\u2019air ext\u00e9rieur, les unit\u00e9s actuelles desservant les espaces m\u00e9dicaux peuvent atteindre des temp\u00e9ratures ambiantes plus basses sans sacrifier le contr\u00f4le de l\u2019humidit\u00e9.<\/span><\/p>\n\n\t\t<\/div>\n\t<\/div>\n<\/div><\/div><\/div><\/div><\/div><\/section><\/div><div class=\"vc-custom-col-spacing clearfix vc-col-spacing-30\"><section class=\"wpb_row vc_row-fluid vc_custom_1714052585227 vc_row-has-fill row-content-position-Default\"><div class=\"bauer-container\"><div class=\"row-inner clearfix\"><div class=\"wpb_column vc_column_container vc_col-sm-12\"><div class=\"vc_column-inner\"><div class=\"wpb_wrapper\"><h2 style=\"font-size: 42px;color: #ffffff;text-align: left\" class=\"vc_custom_heading vc_custom_1752817443004\" >Avantages directs<\/h2><div class=\"bauer-simple-image text-center\" style=\"\" >\r\n\t\t\t<img alt=\"image\" data-src=\"https:\/\/eisolutions.ca\/wp-content\/uploads\/2024\/04\/Healthcare-2.jpg\" src=\"data:image\/gif;base64,R0lGODlhAQABAAAAACH5BAEKAAEALAAAAAABAAEAAAICTAEAOw==\" class=\"lazyload\" style=\"--smush-placeholder-width: 1407px; --smush-placeholder-aspect-ratio: 1407\/446;\" \/> \r\n\t\t<\/div>\n\t<div class=\"wpb_text_column wpb_content_element  vc_custom_1752819110449\" >\n\t\t<div class=\"wpb_wrapper\">\n\t\t\t<ul>\n<li style=\"text-align: left; color: #ffffff; list-style-type: disclosure-closed;\">Contr\u00f4le pr\u00e9cis de l\u2019espace int\u00e9rieur avec r\u00e9gulation ind\u00e9pendante de la temp\u00e9rature et de l\u2019humidit\u00e9.<\/li>\n<li style=\"text-align: left; color: #ffffff; list-style-type: disclosure-closed;\">Am\u00e9lioration de la qualit\u00e9 de l\u2019air int\u00e9rieur et du confort.<\/li>\n<li style=\"text-align: left; color: #ffffff; list-style-type: disclosure-closed;\">Atteignez sans effort des niveaux d\u2019humidit\u00e9 ambiante inf\u00e9rieurs \u00e0 50% HR, m\u00eame avec des temp\u00e9ratures ambiantes plus froides.<\/li>\n<li style=\"text-align: left; color: #ffffff; list-style-type: disclosure-closed;\">Une humidit\u00e9 relative de l\u2019air d\u2019alimentation plus faible \u00e9limine la croissance potentielle de moisissures, de spores fongiques et de microbes dans les conduits..<\/li>\n<\/ul>\n\n\t\t<\/div>\n\t<\/div>\n<\/div><\/div><\/div><\/div><\/div><\/section><\/div><div class=\"vc-custom-col-spacing clearfix vc-col-spacing-30\"><section class=\"wpb_row vc_row-fluid vc_custom_1714053077302 vc_row-has-fill row-content-position-Default\"><div class=\"bauer-container\"><div class=\"row-inner clearfix\"><div class=\"wpb_column vc_column_container vc_col-sm-12\"><div class=\"vc_column-inner\"><div class=\"wpb_wrapper\"><h2 style=\"font-size: 42px;color: #ffffff;text-align: left\" class=\"vc_custom_heading vc_custom_1752819564565\" >Avantages suppl\u00e9mentaires<\/h2><div class=\"bauer-simple-image text-center\" style=\"\" >\r\n\t\t\t<img alt=\"image\" data-src=\"https:\/\/eisolutions.ca\/wp-content\/uploads\/2024\/04\/Healthcare-3.jpg\" src=\"data:image\/gif;base64,R0lGODlhAQABAAAAACH5BAEKAAEALAAAAAABAAEAAAICTAEAOw==\" class=\"lazyload\" style=\"--smush-placeholder-width: 1407px; --smush-placeholder-aspect-ratio: 1407\/446;\" \/> \r\n\t\t<\/div>\n\t<div class=\"wpb_text_column wpb_content_element  vc_custom_1752819797754\" >\n\t\t<div class=\"wpb_wrapper\">\n\t\t\t<ul>\n<li style=\"text-align: left; color: #ffffff; list-style-type: disclosure-closed;\">Taux d\u2019\u00e9limination de l\u2019humidit\u00e9 plus \u00e9lev\u00e9s avec des co\u00fbts \u00e9nerg\u00e9tiques r\u00e9duits.<\/li>\n<li style=\"text-align: left; color: #ffffff; list-style-type: disclosure-closed;\">Permet au refroidisseur central de fonctionner \u00e0 des temp\u00e9ratures plus \u00e9lev\u00e9es, am\u00e9liorant ainsi la capacit\u00e9 et l\u2019efficacit\u00e9 de la r\u00e9frig\u00e9ration.<\/li>\n<\/ul>\n\n\t\t<\/div>\n\t<\/div>\n<\/div><\/div><\/div><\/div><\/div><\/section><\/div><div class=\"vc-custom-col-spacing clearfix vc-col-spacing-30\"><section class=\"wpb_row vc_row-fluid vc_custom_1714053510914 vc_row-has-fill row-content-position-Default\"><div class=\"bauer-container\"><div class=\"row-inner clearfix\"><div class=\"wpb_column vc_column_container vc_col-sm-12\"><div class=\"vc_column-inner\"><div class=\"wpb_wrapper\"><h2 style=\"font-size: 42px;color: #ffffff;text-align: left\" class=\"vc_custom_heading vc_custom_1752819823560\" >Processus de d\u00e9shumidification<\/h2><div class=\"bauer-simple-image text-center\" style=\"\" >\r\n\t\t\t<img alt=\"image\" data-src=\"https:\/\/eisolutions.ca\/wp-content\/uploads\/2025\/07\/Dehumidification-Via-Cooling-Coil-Illustration_v2.jpg\" src=\"data:image\/gif;base64,R0lGODlhAQABAAAAACH5BAEKAAEALAAAAAABAAEAAAICTAEAOw==\" class=\"lazyload\" style=\"--smush-placeholder-width: 1080px; --smush-placeholder-aspect-ratio: 1080\/699;\" \/> \r\n\t\t<\/div>\n\t<div class=\"wpb_text_column wpb_content_element  vc_custom_1752820077621\" >\n\t\t<div class=\"wpb_wrapper\">\n\t\t\t<p style=\"color: #ffffff;\">La d\u00e9shumidification de l\u2019air peut \u00eatre r\u00e9alis\u00e9e de deux fa\u00e7ons:<\/p>\n<ol>\n<li style=\"color: #ffffff; font-style: italic; font-weight: 600; font-size: 16px;\">En abaissant la temp\u00e9rature de l\u2019air en dessous de son point de ros\u00e9e, le serpentin de refroidissement \u00e9limine l\u2019humidit\u00e9 par la condensation.<\/li>\n<li style=\"color: #ffffff; font-style: italic; font-weight: 600; font-size: 16px;\">Adsorption par un mat\u00e9riau dessiccant qui a une affinit\u00e9 naturelle pour attirer l\u2019humidit\u00e9.<\/li>\n<\/ol>\n<p style=\"color: #ffffff;\">En \u00e9liminant l\u2019humidit\u00e9 de l\u2019air, le dessiccant lib\u00e8re \u00e9galement de la chaleur dans le flux d\u2019air. L\u2019air plus sec et plus chaud peut alors \u00eatre refroidi au niveau de confort souhait\u00e9.<\/p>\n\n\t\t<\/div>\n\t<\/div>\n<\/div><\/div><\/div><\/div><\/div><\/section><\/div><div class=\"vc-custom-col-spacing clearfix vc-col-spacing-30\"><section class=\"wpb_row vc_row-fluid vc_custom_1714053844701 vc_row-has-fill row-content-position-Default\"><div class=\"bauer-container\"><div class=\"row-inner clearfix\"><div class=\"wpb_column vc_column_container vc_col-sm-12\"><div class=\"vc_column-inner\"><div class=\"wpb_wrapper\"><h2 style=\"font-size: 42px;color: #ffffff;text-align: left\" class=\"vc_custom_heading vc_custom_1752820178333\" >Strat\u00e9gie de r\u00e9novation simple<\/h2><\/div><\/div><\/div><\/div><\/div><\/section><\/div><div class=\"vc-custom-col-spacing clearfix vc-col-spacing-30\"><section class=\"wpb_row vc_row-fluid vc_custom_1714054726793 vc_row-has-fill row-content-position-Default\"><div class=\"bauer-container\"><div class=\"row-inner clearfix\"><div class=\"wpb_column vc_column_container vc_col-sm-3\"><div class=\"vc_column-inner\"><div class=\"wpb_wrapper\"><div class=\"bauer-simple-image text-center\" style=\"\" >\r\n\t\t\t<img alt=\"image\" data-src=\"https:\/\/eisolutions.ca\/wp-content\/uploads\/2024\/04\/Layer-1.jpg\" src=\"data:image\/gif;base64,R0lGODlhAQABAAAAACH5BAEKAAEALAAAAAABAAEAAAICTAEAOw==\" class=\"lazyload\" style=\"--smush-placeholder-width: 323px; --smush-placeholder-aspect-ratio: 323\/446;\" \/> \r\n\t\t<\/div>\n\t<div class=\"wpb_text_column wpb_content_element  vc_custom_1752820249424\" >\n\t\t<div class=\"wpb_wrapper\">\n\t\t\t<p style=\"color: #ffffff; font-weight: 600;\">R\u00c9SEAU DE VENTILATEURS ECM POUR<br \/>\nREDONDANCE ACCRUE<\/p>\n\n\t\t<\/div>\n\t<\/div>\n<\/div><\/div><\/div><div class=\"wpb_column vc_column_container vc_col-sm-6\"><div class=\"vc_column-inner\"><div class=\"wpb_wrapper\"><div class=\"bauer-simple-image text-center\" style=\"\" >\r\n\t\t\t<img alt=\"image\" data-src=\"https:\/\/eisolutions.ca\/wp-content\/uploads\/2024\/04\/Layer-2-1.jpg\" src=\"data:image\/gif;base64,R0lGODlhAQABAAAAACH5BAEKAAEALAAAAAABAAEAAAICTAEAOw==\" class=\"lazyload\" style=\"--smush-placeholder-width: 624px; --smush-placeholder-aspect-ratio: 624\/412;\" \/> \r\n\t\t<\/div>\n\t<div class=\"wpb_text_column wpb_content_element  vc_custom_1752820288769\" >\n\t\t<div class=\"wpb_wrapper\">\n\t\t\t<p style=\"color: #ffffff; font-weight: 600;\">UNIT\u00c9S DE D\u00c9SHYDRATATION STANDARD HAUTE TEMP\u00c9RATURE ou THERMOPOMPE<br \/>\nDIMENSIONS NOMINALES DE 2 500 \u00c0 20 000 CFM<\/p>\n\n\t\t<\/div>\n\t<\/div>\n<\/div><\/div><\/div><div class=\"wpb_column vc_column_container vc_col-sm-3\"><div class=\"vc_column-inner\"><div class=\"wpb_wrapper\"><div class=\"bauer-simple-image text-center\" style=\"\" >\r\n\t\t\t<img alt=\"image\" data-src=\"https:\/\/eisolutions.ca\/wp-content\/uploads\/2024\/04\/Layer-3.jpg\" src=\"data:image\/gif;base64,R0lGODlhAQABAAAAACH5BAEKAAEALAAAAAABAAEAAAICTAEAOw==\" class=\"lazyload\" style=\"--smush-placeholder-width: 321px; --smush-placeholder-aspect-ratio: 321\/446;\" \/> \r\n\t\t<\/div>\n\t<div class=\"wpb_text_column wpb_content_element  vc_custom_1752820324886\" >\n\t\t<div class=\"wpb_wrapper\">\n\t\t\t<p style=\"color: #ffffff; font-weight: 600;\">INT\u00c9GR\u00c9 OPTIONNEL<br \/>\nREFROIDISSEMENT<\/p>\n\n\t\t<\/div>\n\t<\/div>\n<\/div><\/div><\/div><\/div><\/div><\/section><\/div><div class=\"vc-custom-col-spacing clearfix vc-col-spacing-30\"><section class=\"wpb_row vc_row-fluid vc_custom_1714054824346 vc_row-has-fill row-content-position-Default\"><div class=\"bauer-container\"><div class=\"row-inner clearfix\"><div class=\"wpb_column vc_column_container vc_col-sm-12\"><div class=\"vc_column-inner\"><div class=\"wpb_wrapper\">\n\t<div class=\"wpb_text_column wpb_content_element  vc_custom_1752820424962\" >\n\t\t<div class=\"wpb_wrapper\">\n\t\t\t<p style=\"color: #ffffff;\">Les d\u00e9shumidificateurs \u00e0 adsorption peuvent facilement s\u2019int\u00e9grer dans les syst\u00e8mes de CVC et de contr\u00f4le existants des b\u00e2timents. Les unit\u00e9s peuvent \u00eatre install\u00e9es \u00e0 l\u2019int\u00e9rieur ou \u00e0 l\u2019ext\u00e9rieur avec des accessoires de post-refroidissement ou de post-chauffage en option.<\/p>\n<p style=\"color: #ffffff;\">Tous les projets de d\u00e9shumidification livr\u00e9s par EI Solutions sont d\u00e9velopp\u00e9s avec des d\u00e9cennies d\u2019exp\u00e9rience dans les espaces critiques n\u00e9cessitant un faible contr\u00f4le de l\u2019humidit\u00e9. Chaque aspect et composant qui influence l\u2019humidit\u00e9 de l\u2019espace est examin\u00e9 pour assurer le succ\u00e8s global de votre projet.<\/p>\n\n\t\t<\/div>\n\t<\/div>\n<\/div><\/div><\/div><\/div><\/div><\/section><\/div><div class=\"vc-custom-col-spacing clearfix vc-col-spacing-30\"><section class=\"wpb_row vc_row-fluid vc_custom_1714055176923 row-content-position-Default\"><div class=\"bauer-container\"><div class=\"row-inner clearfix\"><div class=\"wpb_column vc_column_container vc_col-sm-6\"><div class=\"vc_column-inner\"><div class=\"wpb_wrapper\"><div class=\"bauer-icon-box clearfix icon-left align-left hover-style-2 simple\" style=\"background-color:#f7f9fa;padding:25px 25px 27px;border-radius:5px;\" ><div class=\"hover\" style=\"border-radius:5px;\"><\/div><div class=\"wrap-inner\" style=\"position: relative;\"><div class=\"bauer-icon icon-296689262 accent custom\"  data-background=\"\">\r\n\t\t\t\t<span class=\"icon\" style=\"font-size:50px;width:50px;height:50px;border-style:solid;line-height:50px;\"><i class=\"basicui-file\"><\/i><\/span>\r\n\t\t\t<\/div> <h3 class=\"heading\" style=\"padding-left:75px;font-size:20px;line-height:24px;margin-bottom:12px;\">\r\n\t\t\t<span>Humidit\u00e9 en salle d\u2019op\u00e9ration - Gestion de l\u2019humidit\u00e9<\/span>\r\n\t\t<\/h3><div class=\"url-wrap\" style=\"padding-left:75px;\">\r\n\t\t\t<a target=\"_blank\" class=\"bauer-links link-style-1\" href=\"https:\/\/eisolutions.ca\/wp-content\/uploads\/2024\/04\/OR-Humidity-article.pdf\" style=\"\">\r\n\t\t\t\t<span class=\"text\">Lire l\u2019article<\/span>\r\n\t\t\t<\/a>\r\n\t\t<\/div> <div class=\"hover\" style=\"border-radius:5px;\"><\/div><\/div><\/div><\/div><\/div><\/div><div class=\"wpb_column vc_column_container vc_col-sm-6\"><div class=\"vc_column-inner\"><div class=\"wpb_wrapper\"><div class=\"bauer-icon-box clearfix icon-left align-left hover-style-2 simple\" style=\"background-color:#f7f9fa;padding:25px 25px 27px;border-radius:5px;\" ><div class=\"hover\" style=\"border-radius:5px;\"><\/div><div class=\"wrap-inner\" style=\"position: relative;\"><div class=\"bauer-icon icon-193013756 accent custom\"  data-background=\"\">\r\n\t\t\t\t<span class=\"icon\" style=\"font-size:50px;width:50px;height:50px;border-style:solid;line-height:50px;\"><i class=\"basicui-file\"><\/i><\/span>\r\n\t\t\t<\/div> <h3 class=\"heading\" style=\"padding-left:75px;font-size:20px;line-height:24px;margin-bottom:12px;\">\r\n\t\t\t<span>CHF Automne 2020 - Let\u2019s 'Dew' It<\/span>\r\n\t\t<\/h3><div class=\"url-wrap\" style=\"padding-left:75px;\">\r\n\t\t\t<a target=\"_blank\" class=\"bauer-links link-style-1\" href=\"https:\/\/eisolutions.ca\/wp-content\/uploads\/2024\/04\/EI-Solutions-article_CHF-Fall-2020.pdf\" style=\"\">\r\n\t\t\t\t<span class=\"text\">Lire l\u2019article<\/span>\r\n\t\t\t<\/a>\r\n\t\t<\/div> <div class=\"hover\" style=\"border-radius:5px;\"><\/div><\/div><\/div><\/div><\/div><\/div><\/div><\/div><\/section><\/div>","protected":false},"excerpt":{"rendered":"Contr\u00f4le de l\u2019humidit\u00e9 pour les espaces m\u00e9dicaux L\u2019importance du contr\u00f4le de la temp\u00e9rature et de l\u2019humidit\u00e9 dans les zones chirurgicales a \u00e9t\u00e9 bien document\u00e9e par diverses organisations telles que l\u2019ASHRAE, l\u2019American Society for Health Care Engineering (ASHE) et l\u2019Association for the Advancement of Medical Instrumentation. Les syst\u00e8mes de d\u00e9shumidification par","protected":false},"author":1,"featured_media":0,"parent":0,"menu_order":0,"comment_status":"closed","ping_status":"closed","template":"","meta":[],"_links":{"self":[{"href":"https:\/\/eisolutions.ca\/fr\/wp-json\/wp\/v2\/pages\/11749"}],"collection":[{"href":"https:\/\/eisolutions.ca\/fr\/wp-json\/wp\/v2\/pages"}],"about":[{"href":"https:\/\/eisolutions.ca\/fr\/wp-json\/wp\/v2\/types\/page"}],"author":[{"embeddable":true,"href":"https:\/\/eisolutions.ca\/fr\/wp-json\/wp\/v2\/users\/1"}],"replies":[{"embeddable":true,"href":"https:\/\/eisolutions.ca\/fr\/wp-json\/wp\/v2\/comments?post=11749"}],"version-history":[{"count":0,"href":"https:\/\/eisolutions.ca\/fr\/wp-json\/wp\/v2\/pages\/11749\/revisions"}],"wp:attachment":[{"href":"https:\/\/eisolutions.ca\/fr\/wp-json\/wp\/v2\/media?parent=11749"}],"curies":[{"name":"wp","href":"https:\/\/api.w.org\/{rel}","templated":true}]}}