{"id":11676,"date":"2024-09-24T07:05:12","date_gmt":"2024-09-24T07:05:12","guid":{"rendered":"https:\/\/eisolutions.ca\/dedicated-outdoor-air-systems-doas\/"},"modified":"2025-07-23T06:36:40","modified_gmt":"2025-07-23T06:36:40","slug":"systemes-dair-exterieur-dedies-doas","status":"publish","type":"page","link":"https:\/\/eisolutions.ca\/fr\/systemes-dair-exterieur-dedies-doas\/","title":{"rendered":"Syst\u00e8mes d\u2019air ext\u00e9rieur d\u00e9di\u00e9s (DOAS)"},"content":{"rendered":"<div class=\"vc-custom-col-spacing clearfix vc-col-spacing-30\"><section class=\"wpb_row vc_row-fluid row-content-position-Default\"><div class=\"bauer-container\"><div class=\"row-inner clearfix\"><div class=\"wpb_column vc_column_container vc_col-sm-12\"><div class=\"vc_column-inner\"><div class=\"wpb_wrapper\">\r\n\t<div class=\"bauer-spacer clearfix\" data-desktop=\"94\" data-mobi=\"60\" data-smobi=\"60\"><\/div><h2 style=\"font-size: 42px;color: #373680;line-height: 50px;text-align: left\" class=\"vc_custom_heading\" >DOAS \u2013 Perfectionn\u00e9 par EI Solutions!<\/h2>\n\t<div class=\"wpb_text_column wpb_content_element\" >\n\t\t<div class=\"wpb_wrapper\">\n\t\t\t<h4><strong>Les experts s\u2019entendent pour dire que le d\u00e9couplage des charges d\u2019air ext\u00e9rieur des charges internes du b\u00e2timent permet d\u2019\u00e9conomiser de l\u2019\u00e9nergie!<\/strong><\/h4>\n<p style=\"text-align: left; color: #363780;\"><span style=\"font-weight: 400; color: #363780;\">L\u2019air ext\u00e9rieur fournit de l\u2019air frais aux occupants, dilue les contaminants en suspension dans l\u2019air et pressurise les b\u00e2timents. Une bonne ventilation, ainsi que le contr\u00f4le de l\u2019humidit\u00e9, am\u00e9liorent le confort et la productivit\u00e9. Des \u00e9tudes montrent qu\u2019un bon contr\u00f4le de l\u2019humidit\u00e9 est n\u00e9cessaire pour maintenir un environnement sain, r\u00e9duire l\u2019entretien du b\u00e2timent et prot\u00e9ger l\u2019enveloppe du b\u00e2timent contre la d\u00e9t\u00e9rioration et les dommages caus\u00e9s par la corrosion et la moisissure.<\/span><\/p>\n<p><span style=\"font-weight: 400; color: #363780;\">L\u2019air ext\u00e9rieur repr\u00e9sente la plus grande source d\u2019humidit\u00e9 dans la plupart des b\u00e2timents et n\u00e9cessite donc une d\u00e9shumidification active pour \u00eatre l\u2019objectif principal de tout DOAS. Malgr\u00e9 cela, certains fabricants de DOAS continuent de promouvoir l\u2019\u00e9quipement CVC standard pour r\u00e9pondre aux conditions de conception \u00e0 thermom\u00e8tre sec (DB) tout en n\u00e9gligeant la charge d\u2019humidit\u00e9 plus \u00e9lev\u00e9e associ\u00e9e \u00e0 la conception de d\u00e9shumidification de pointe (bas\u00e9e sur le point de ros\u00e9e\/DP). Il en r\u00e9sulte la s\u00e9lection de syst\u00e8mes avec un rapport de chaleur trop \u00e9lev\u00e9, ce qui les rend incapables de fournir l\u2019\u00e9limination de l\u2019humidit\u00e9 n\u00e9cessaire dans toutes les conditions m\u00e9t\u00e9orologiques.<\/span><\/p>\n\n\t\t<\/div>\n\t<\/div>\n<\/div><\/div><\/div><\/div><\/div><\/section><\/div><div class=\"vc-custom-col-spacing clearfix vc-col-spacing-30\"><section class=\"wpb_row vc_row-fluid vc_custom_1727162388226 row-content-position-Default\"><div class=\"bauer-container\"><div class=\"row-inner clearfix\"><div class=\"wpb_column vc_column_container vc_col-sm-6\"><div class=\"vc_column-inner\"><div class=\"wpb_wrapper\">\n\t<div class=\"wpb_text_column wpb_content_element\" >\n\t\t<div class=\"wpb_wrapper\">\n\t\t\t<p style=\"text-align: left; color: #363780;\"><span style=\"font-weight: 400; color: #363780;\">EI Solutions (EIS) s\u2019engage \u00e0 fournir des solutions intelligentes con\u00e7ues pour pr\u00e9-conditionner avec succ\u00e8s l\u2019arthrose, quelles que soient les conditions, notre \u00e9quipement DOAS fournit la temp\u00e9rature de point de ros\u00e9e sp\u00e9cifique requise pour faire face \u00e0 toutes les charges latentes externes et internes. Cela permet \u00e0 l\u2019\u00e9quipement de refroidissement (qu\u2019il soit externe au DOAS ou emball\u00e9 \u00e0 l\u2019int\u00e9rieur) de r\u00e9pondre uniquement aux besoins de refroidissement sensibles \u00e0 l\u2019espace, ce qui r\u00e9duit le tonnage total et \u00e9conomise de l\u2019\u00e9nergie. De plus, comme les serpentins de refroidissement raisonnables fonctionnent \u00e0 sec (et plus proprement), cette strat\u00e9gie offre la possibilit\u00e9 d\u2019int\u00e9grer des technologies de refroidissement hautement efficaces telles que les panneaux radiants, les faisceaux refroidis et le VRF (d\u00e9bit de r\u00e9frig\u00e9rant variable) avec une confiance accrue.<\/span><\/p>\n\n\t\t<\/div>\n\t<\/div>\n<\/div><\/div><\/div><div class=\"wpb_column vc_column_container vc_col-sm-6 vc_col-has-fill\"><div class=\"vc_column-inner vc_custom_1727169387909\"><div class=\"wpb_wrapper\"><div class=\"vc_empty_space\"   style=\"height: 80px\"><span class=\"vc_empty_space_inner\"><\/span><\/div>\n\t<div class=\"wpb_text_column wpb_content_element\" >\n\t\t<div class=\"wpb_wrapper\">\n\t\t\t<p><strong>Points cl\u00e9s de DOAS<\/strong><\/p>\n<ul>\n<li>Taille DOAS pour les conditions de conception du point de ros\u00e9e.<\/li>\n<li>V\u00e9rifiez les performances dans des conditions de pointe et de pointe.<\/li>\n<li>Livrez le bon point de ros\u00e9e! (voir la figure 1)<\/li>\n<\/ul>\n\n\t\t<\/div>\n\t<\/div>\n<\/div><\/div><\/div><\/div><\/div><\/section><\/div><div class=\"vc-custom-col-spacing clearfix vc-col-spacing-30\"><section class=\"wpb_row vc_row-fluid vc_custom_1727163193245 row-content-position-Default\"><div class=\"bauer-container\"><div class=\"row-inner clearfix\"><div class=\"wpb_column vc_column_container vc_col-sm-12\"><div class=\"vc_column-inner\"><div class=\"wpb_wrapper\">\n\t<div class=\"wpb_text_column wpb_content_element\" >\n\t\t<div class=\"wpb_wrapper\">\n\t\t\t<p style=\"text-align: left; color: #363780;\"><span style=\"font-weight: 400;\">Bien que chaque produit EI Solutions puisse \u00eatre appliqu\u00e9 en tant que DOAS, nous recommandons notre s\u00e9rie FreeDry comme premi\u00e8re consid\u00e9ration. En optimisant une combinaison de d\u00e9shumidification \u00e0 adsorption active et de refroidissement, la s\u00e9rie EIS FreeDry d\u00e9shumidifie l\u2019arthrose avec moins de tonnage de refroidissement que les autres syst\u00e8mes. Un meilleur contr\u00f4le de l\u2019humidit\u00e9 tout en \u00e9conomisant de l\u2019\u00e9nergie est d\u00e9finitivement gagnant-gagnant.<\/span><\/p>\n\n\t\t<\/div>\n\t<\/div>\n\n\t<div  class=\"wpb_single_image wpb_content_element vc_align_center  vc_custom_1753252597100\">\n\t\t\n\t\t<figure class=\"wpb_wrapper vc_figure\">\n\t\t\t<a class=\"\" data-lightbox=\"lightbox[rel-11676-2483410667]\" href=\"https:\/\/eisolutions.ca\/wp-content\/uploads\/2025\/07\/DOAS_Graph_S2V10_v2-1024x467.jpg\" target=\"_self\"><img width=\"1920\" height=\"876\" data-src=\"https:\/\/eisolutions.ca\/wp-content\/uploads\/2025\/07\/DOAS_Graph_S2V10_v2.jpg\" class=\"vc_single_image-img attachment-full lazyload\" alt=\"\" title=\"DOAS_Graph_S2V10_v2\" data-srcset=\"https:\/\/eisolutions.ca\/wp-content\/uploads\/2025\/07\/DOAS_Graph_S2V10_v2.jpg 1920w, https:\/\/eisolutions.ca\/wp-content\/uploads\/2025\/07\/DOAS_Graph_S2V10_v2-300x137.jpg 300w, https:\/\/eisolutions.ca\/wp-content\/uploads\/2025\/07\/DOAS_Graph_S2V10_v2-1024x467.jpg 1024w, https:\/\/eisolutions.ca\/wp-content\/uploads\/2025\/07\/DOAS_Graph_S2V10_v2-768x350.jpg 768w, https:\/\/eisolutions.ca\/wp-content\/uploads\/2025\/07\/DOAS_Graph_S2V10_v2-1536x701.jpg 1536w, https:\/\/eisolutions.ca\/wp-content\/uploads\/2025\/07\/DOAS_Graph_S2V10_v2-18x8.jpg 18w, https:\/\/eisolutions.ca\/wp-content\/uploads\/2025\/07\/DOAS_Graph_S2V10_v2-870x397.jpg 870w, https:\/\/eisolutions.ca\/wp-content\/uploads\/2025\/07\/DOAS_Graph_S2V10_v2-640x292.jpg 640w, https:\/\/eisolutions.ca\/wp-content\/uploads\/2025\/07\/DOAS_Graph_S2V10_v2-480x219.jpg 480w, https:\/\/eisolutions.ca\/wp-content\/uploads\/2025\/07\/DOAS_Graph_S2V10_v2-770x350.jpg 770w\" data-sizes=\"(max-width: 1920px) 100vw, 1920px\" src=\"data:image\/gif;base64,R0lGODlhAQABAAAAACH5BAEKAAEALAAAAAABAAEAAAICTAEAOw==\" style=\"--smush-placeholder-width: 1920px; --smush-placeholder-aspect-ratio: 1920\/876;\" \/><\/a>\n\t\t<\/figure>\n\t<\/div>\n<\/div><\/div><\/div><\/div><\/div><\/section><\/div><div class=\"vc-custom-col-spacing clearfix vc-col-spacing-30\"><section class=\"wpb_row vc_row-fluid vc_custom_1727163877370 vc_row-has-fill row-content-position-Default\"><div class=\"bauer-container\"><div class=\"row-inner clearfix\"><div class=\"wpb_column vc_column_container vc_col-sm-12\"><div class=\"vc_column-inner\"><div class=\"wpb_wrapper\"><h4 style=\"font-size: 42px;color: #ffffff;line-height: 50px;text-align: left\" class=\"vc_custom_heading\" >La Flexibilit\u00e9 est Importante<\/h4>\n\t<div class=\"wpb_text_column wpb_content_element\" >\n\t\t<div class=\"wpb_wrapper\">\n\t\t\t<p style=\"text-align: left; color: #ffffff;\">Bien que les charges quotidiennes internes du b\u00e2timent aient tendance \u00e0 ne pas fluctuer, les conditions de l\u2019air ext\u00e9rieur peuvent changer radicalement au fil des saisons et parfois en une journ\u00e9e. Le DOAS doit \u00eatre en mesure de supporter les charges variables. Il est prudent de v\u00e9rifier le rendement et l\u2019efficacit\u00e9 dans les conditions du jour de calcul (\u00e0 la fois le bulbe sec et le point de ros\u00e9e) et dans les conditions de charge partielle. Il faut envisager de fournir une capacit\u00e9 d\u2019\u00e9vacuation de l\u2019humidit\u00e9 suffisante pour surmonter les charges temporaires (c.-\u00e0-d. les activit\u00e9s d\u2019entretien m\u00e9nager, les occupants entrant dans le b\u00e2timent par temps de pluie) afin de ne pas permettre \u00e0 l\u2019exc\u00e8s d\u2019humidit\u00e9 de s\u2019accumuler dans l\u2019espace.<\/p>\n\n\t\t<\/div>\n\t<\/div>\n<\/div><\/div><\/div><\/div><\/div><\/section><\/div><div class=\"vc-custom-col-spacing clearfix vc-col-spacing-30\"><section class=\"wpb_row vc_row-fluid vc_custom_1727164301734 vc_row-has-fill row-content-position-Default\"><div class=\"bauer-container\"><div class=\"row-inner clearfix\"><div class=\"wpb_column vc_column_container vc_col-sm-6\"><div class=\"vc_column-inner\"><div class=\"wpb_wrapper\">\n\t<div  class=\"wpb_single_image wpb_content_element vc_align_center  vc_custom_1727164955439\">\n\t\t\n\t\t<figure class=\"wpb_wrapper vc_figure\">\n\t\t\t<a class=\"\" data-lightbox=\"lightbox[rel-11676-2674175881]\" href=\"https:\/\/eisolutions.ca\/wp-content\/uploads\/2024\/09\/box-1.jpg\" target=\"_self\"><img width=\"689\" height=\"448\" data-src=\"https:\/\/eisolutions.ca\/wp-content\/uploads\/2024\/09\/box-1.jpg\" class=\"vc_single_image-img attachment-full lazyload\" alt=\"\" title=\"box-1\" data-srcset=\"https:\/\/eisolutions.ca\/wp-content\/uploads\/2024\/09\/box-1.jpg 689w, https:\/\/eisolutions.ca\/wp-content\/uploads\/2024\/09\/box-1-300x195.jpg 300w, https:\/\/eisolutions.ca\/wp-content\/uploads\/2024\/09\/box-1-640x416.jpg 640w, https:\/\/eisolutions.ca\/wp-content\/uploads\/2024\/09\/box-1-480x312.jpg 480w\" data-sizes=\"(max-width: 689px) 100vw, 689px\" src=\"data:image\/gif;base64,R0lGODlhAQABAAAAACH5BAEKAAEALAAAAAABAAEAAAICTAEAOw==\" style=\"--smush-placeholder-width: 689px; --smush-placeholder-aspect-ratio: 689\/448;\" \/><\/a>\n\t\t<\/figure>\n\t<\/div>\n<\/div><\/div><\/div><div class=\"wpb_column vc_column_container vc_col-sm-6\"><div class=\"vc_column-inner\"><div class=\"wpb_wrapper\">\n\t<div  class=\"wpb_single_image wpb_content_element vc_align_center  vc_custom_1727164963203\">\n\t\t\n\t\t<figure class=\"wpb_wrapper vc_figure\">\n\t\t\t<a class=\"\" data-lightbox=\"lightbox[rel-11676-3816716016]\" href=\"https:\/\/eisolutions.ca\/wp-content\/uploads\/2024\/09\/box-2.jpg\" target=\"_self\"><img width=\"689\" height=\"448\" data-src=\"https:\/\/eisolutions.ca\/wp-content\/uploads\/2024\/09\/box-2.jpg\" class=\"vc_single_image-img attachment-full lazyload\" alt=\"\" title=\"box-2\" data-srcset=\"https:\/\/eisolutions.ca\/wp-content\/uploads\/2024\/09\/box-2.jpg 689w, https:\/\/eisolutions.ca\/wp-content\/uploads\/2024\/09\/box-2-300x195.jpg 300w, https:\/\/eisolutions.ca\/wp-content\/uploads\/2024\/09\/box-2-640x416.jpg 640w, https:\/\/eisolutions.ca\/wp-content\/uploads\/2024\/09\/box-2-480x312.jpg 480w\" data-sizes=\"(max-width: 689px) 100vw, 689px\" src=\"data:image\/gif;base64,R0lGODlhAQABAAAAACH5BAEKAAEALAAAAAABAAEAAAICTAEAOw==\" style=\"--smush-placeholder-width: 689px; --smush-placeholder-aspect-ratio: 689\/448;\" \/><\/a>\n\t\t<\/figure>\n\t<\/div>\n<\/div><\/div><\/div><\/div><\/div><\/section><\/div><div class=\"vc-custom-col-spacing clearfix vc-col-spacing-30\"><section class=\"wpb_row vc_row-fluid vc_custom_1727163929346 vc_row-has-fill row-content-position-Default\"><div class=\"bauer-container\"><div class=\"row-inner clearfix\"><div class=\"wpb_column vc_column_container vc_col-sm-12\"><div class=\"vc_column-inner\"><div class=\"wpb_wrapper\">\n\t<div class=\"wpb_text_column wpb_content_element\" >\n\t\t<div class=\"wpb_wrapper\">\n\t\t\t<p style=\"text-align: left; color: #ffffff;\">Bien que les unit\u00e9s DOAS doivent \u00eatre dimensionn\u00e9es pour g\u00e9rer les conditions du point de ros\u00e9e pr\u00e9vu, il est \u00e9galement essentiel de s\u2019assurer que le DOAS (rappelez-vous qu\u2019il s\u2019agit du d\u00e9shumidificateur le plus puissant desservant le b\u00e2timent) maintient le point de ros\u00e9e de l\u2019espace en dessous de 60 \u00b0F pendant les p\u00e9riodes occup\u00e9es et inoccup\u00e9es conform\u00e9ment \u00e0 la norme ASHRAE 62.1-2022. De plus, lorsqu\u2019il est inoccup\u00e9 pendant plus de 12 heures, l\u2019humidit\u00e9 int\u00e9rieure ne doit pas d\u00e9passer 65% d\u2019humidit\u00e9 relative.<\/p>\n\n\t\t<\/div>\n\t<\/div>\n<\/div><\/div><\/div><\/div><\/div><\/section><\/div><div class=\"vc-custom-col-spacing clearfix vc-col-spacing-30\"><section class=\"wpb_row vc_row-fluid vc_custom_1727167745020 vc_row-has-fill row-content-position-Default\"><div class=\"bauer-container\"><div class=\"row-inner clearfix\"><div class=\"wpb_column vc_column_container vc_col-sm-12\"><div class=\"vc_column-inner\"><div class=\"wpb_wrapper\">\n\t<div class=\"wpb_text_column wpb_content_element\" >\n\t\t<div class=\"wpb_wrapper\">\n\t\t\t<h4 style=\"text-align: left; color: #000000;\">Le maintien d\u2019un environnement de b\u00e2timent sain n\u00e9cessite :<\/h4>\n<ul>\n<li>Ventilation et filtration ad\u00e9quates.<\/li>\n<li>Contr\u00f4le de la temp\u00e9rature et de l\u2019humidit\u00e9 pour le confort des occupants.\n<ul>\n<li>Des \u00e9tudes montrent que nous sommes plus productifs lorsque nous sommes \u00e0 l\u2019aise, que les r\u00e9sultats des \u00e9l\u00e8ves augmentent et que l\u2019absent\u00e9isme est r\u00e9duit.<\/li>\n<li>Des \u00e9tudes montrent que les gens sont \u00e0 l\u2019aise \u00e0 des temp\u00e9ratures plus \u00e9lev\u00e9es lorsque le taux d\u2019humidit\u00e9 est plus bas.<\/li>\n<\/ul>\n<\/li>\n<li>Pr\u00e9vention des moisissures et autres irritants int\u00e9rieurs.<\/li>\n<\/ul>\n\n\t\t<\/div>\n\t<\/div>\n<div class=\"vc_empty_space\"   style=\"height: 34px\"><span class=\"vc_empty_space_inner\"><\/span><\/div><div class=\"bauer-simple-image text-center\" style=\"\" >\r\n\t\t\t<img alt=\"image\" data-src=\"https:\/\/eisolutions.ca\/wp-content\/uploads\/2024\/09\/rec-1.jpg\" src=\"data:image\/gif;base64,R0lGODlhAQABAAAAACH5BAEKAAEALAAAAAABAAEAAAICTAEAOw==\" class=\"lazyload\" style=\"--smush-placeholder-width: 1416px; --smush-placeholder-aspect-ratio: 1416\/448;\" \/> \r\n\t\t<\/div><div class=\"vc_empty_space\"   style=\"height: 34px\"><span class=\"vc_empty_space_inner\"><\/span><\/div>\n\t<div class=\"wpb_text_column wpb_content_element\" >\n\t\t<div class=\"wpb_wrapper\">\n\t\t\t<h4 style=\"text-align: left; color: #000000;\">Syst\u00e8mes D\u2019air Ext\u00e9rieur D\u00e9di\u00e9s<\/h4>\n<ul>\n<li>L\u2019air ext\u00e9rieur est la plus grande charge d\u2019humidit\u00e9 dans presque tous les b\u00e2timents commerciaux.\n<ul>\n<li>Il est logique de d\u00e9shumidifier l\u2019arthrose \u00e0 la source avant d\u2019entrer dans le b\u00e2timent ou dans d\u2019autres \u00e9quipements CVC.<\/li>\n<\/ul>\n<\/li>\n<li>Les taux de ventilation requis sont exig\u00e9s par les codes du b\u00e2timent, mais suivent g\u00e9n\u00e9ralement la norme 62.1 de l\u2019ASHRAE.\n<ul>\n<li>Il faut veiller \u00e0 ce que la quantit\u00e9 de ventilation satisfasse les besoins en air d\u2019appoint afin d\u2019\u00e9viter la pression n\u00e9gative du b\u00e2timent pour lutter contre les infiltrations et l\u2019humidit\u00e9 ind\u00e9sirable.<\/li>\n<\/ul>\n<\/li>\n<\/ul>\n\n\t\t<\/div>\n\t<\/div>\n<\/div><\/div><\/div><\/div><\/div><\/section><\/div><div class=\"vc-custom-col-spacing clearfix vc-col-spacing-30\"><section class=\"wpb_row vc_row-fluid vc_custom_1727167771312 vc_row-has-fill row-content-position-Default\"><div class=\"bauer-container\"><div class=\"row-inner clearfix\"><div class=\"wpb_column vc_column_container vc_col-sm-12\"><div class=\"vc_column-inner\"><div class=\"wpb_wrapper\">\n\t<div class=\"wpb_text_column wpb_content_element\" >\n\t\t<div class=\"wpb_wrapper\">\n\t\t\t<p style=\"text-align: left; color: #ffffff;\">Le pr\u00e9conditionnement de l\u2019air ext\u00e9rieur avant son introduction dans les b\u00e2timents est largement accept\u00e9 comme une conception responsable. Les organisations et les experts de l\u2019industrie du CVC s\u2019entendent pour dire que le d\u00e9couplage des charges d\u2019air ext\u00e9rieur des charges internes du b\u00e2timent permet d\u2019\u00e9conomiser de l\u2019\u00e9nergie et de mieux contr\u00f4ler l\u2019humidit\u00e9, ce qui prot\u00e8ge les occupants et l\u2019enveloppe du b\u00e2timent elle-m\u00eame. Bien que l\u2019objectif principal d\u2019un DOAS soit de d\u00e9shumidifier, de nombreux fabricants de DOAS font la promotion de leur \u00e9quipement de refroidissement m\u00e9canique DX standard comme \u00e9tant \u00ab assez bon \u00bb. EI Solutions s\u2019engage \u00e0 fournir des solutions intelligentes pour traiter l\u2019air ext\u00e9rieur.<\/p>\n<p style=\"text-align: left; color: #ffffff;\">Certains pourraient consid\u00e9rer la d\u00e9shumidification par d\u00e9shydratation comme une \u00ab exag\u00e9ration \u00bb pour maintenir des conditions de confort typiques (75<sup>o<\/sup> FDB, 50% HR, 55<sup>o<\/sup> FDP); cependant, le DOAS devrait \u00e9liminer les charges d\u2019humidit\u00e9 de l\u2019air ext\u00e9rieur et \u00e9galement traiter toutes les charges latentes internes. Cela signifie que le DOAS doit fournir constamment une temp\u00e9rature du point de ros\u00e9e nettement inf\u00e9rieure \u00e0 la conception du point de ros\u00e9e spatial (g\u00e9n\u00e9ralement un point de ros\u00e9e de 45 \u00b0F) pour r\u00e9pondre aux charges d\u2019humidit\u00e9 internes. Cet objectif n\u2019est pas une t\u00e2che facile pour les syst\u00e8mes DX courants, surtout en dehors des conditions de pointe.<\/p>\n\n\t\t<\/div>\n\t<\/div>\n<div class=\"vc_empty_space\"   style=\"height: 34px\"><span class=\"vc_empty_space_inner\"><\/span><\/div><div class=\"bauer-simple-image text-center\" style=\"\" >\r\n\t\t\t<img alt=\"image\" data-src=\"https:\/\/eisolutions.ca\/wp-content\/uploads\/2024\/09\/CH-K-Hospital_edited.jpg\" src=\"data:image\/gif;base64,R0lGODlhAQABAAAAACH5BAEKAAEALAAAAAABAAEAAAICTAEAOw==\" class=\"lazyload\" style=\"--smush-placeholder-width: 1415px; --smush-placeholder-aspect-ratio: 1415\/384;\" \/> \r\n\t\t<\/div><div class=\"vc_empty_space\"   style=\"height: 34px\"><span class=\"vc_empty_space_inner\"><\/span><\/div>\n\t<div class=\"wpb_text_column wpb_content_element\" >\n\t\t<div class=\"wpb_wrapper\">\n\t\t\t<p style=\"text-align: left; color: #ffffff;\">Les syst\u00e8mes de d\u00e9shumidification par adsorption d\u2019EI Solutions pr\u00e9conditionnent avec succ\u00e8s l\u2019arthrose au point de ros\u00e9e souhait\u00e9, ce qui permet \u00e0 l\u2019\u00e9quipement de refroidissement de ne r\u00e9pondre qu\u2019aux besoins de refroidissement raisonnables. Cette strat\u00e9gie permet \u00e0 l\u2019\u00e9quipement secondaire de fonctionner \u00e0 des temp\u00e9ratures d\u2019aspiration plus \u00e9lev\u00e9es et de fonctionner \u00e0 sec et propre. De plus, comme toutes les charges d\u2019humidit\u00e9 externes et internes sont g\u00e9r\u00e9es avec un DOAS d\u2019EI Solutions, l\u2019utilisation de technologies de refroidissement hautement efficaces telles que les panneaux radiants, les poutres r\u00e9frig\u00e9r\u00e9es et le VRF (d\u00e9bit de r\u00e9frig\u00e9rant variable) est parfaitement prise en charge, car ces syst\u00e8mes ne sont g\u00e9n\u00e9ralement pas con\u00e7us pour g\u00e9rer l\u2019\u00e9limination de l\u2019humidit\u00e9.<\/p>\n\n\t\t<\/div>\n\t<\/div>\n<\/div><\/div><\/div><\/div><\/div><\/section><\/div>","protected":false},"excerpt":{"rendered":"DOAS \u2013 Perfectionn\u00e9 par EI Solutions! Les experts s\u2019entendent pour dire que le d\u00e9couplage des charges d\u2019air ext\u00e9rieur des charges internes du b\u00e2timent permet d\u2019\u00e9conomiser de l\u2019\u00e9nergie! L\u2019air ext\u00e9rieur fournit de l\u2019air frais aux occupants, dilue les contaminants en suspension dans l\u2019air et pressurise les b\u00e2timents. Une bonne ventilation, ainsi","protected":false},"author":1,"featured_media":0,"parent":0,"menu_order":0,"comment_status":"closed","ping_status":"closed","template":"","meta":[],"_links":{"self":[{"href":"https:\/\/eisolutions.ca\/fr\/wp-json\/wp\/v2\/pages\/11676"}],"collection":[{"href":"https:\/\/eisolutions.ca\/fr\/wp-json\/wp\/v2\/pages"}],"about":[{"href":"https:\/\/eisolutions.ca\/fr\/wp-json\/wp\/v2\/types\/page"}],"author":[{"embeddable":true,"href":"https:\/\/eisolutions.ca\/fr\/wp-json\/wp\/v2\/users\/1"}],"replies":[{"embeddable":true,"href":"https:\/\/eisolutions.ca\/fr\/wp-json\/wp\/v2\/comments?post=11676"}],"version-history":[{"count":0,"href":"https:\/\/eisolutions.ca\/fr\/wp-json\/wp\/v2\/pages\/11676\/revisions"}],"wp:attachment":[{"href":"https:\/\/eisolutions.ca\/fr\/wp-json\/wp\/v2\/media?parent=11676"}],"curies":[{"name":"wp","href":"https:\/\/api.w.org\/{rel}","templated":true}]}}