{"id":11617,"date":"2017-10-16T04:10:26","date_gmt":"2017-10-16T04:10:26","guid":{"rendered":"https:\/\/eisolutions.ca\/about-us\/"},"modified":"2025-07-21T14:00:55","modified_gmt":"2025-07-21T14:00:55","slug":"a-propos-de-nous","status":"publish","type":"page","link":"https:\/\/eisolutions.ca\/fr\/a-propos-de-nous\/","title":{"rendered":"\u00c0 Propos De Nous"},"content":{"rendered":"<div class=\"vc-custom-col-spacing clearfix vc-col-spacing-30\"><section id=\"first-row\" class=\"wpb_row vc_row-fluid vc_custom_1558754119849 vc_row-has-fill row-content-position-Default\"><div class=\"bauer-container\"><div class=\"row-inner clearfix\"><div class=\"wpb_column vc_column_container vc_col-sm-12\"><div class=\"vc_column-inner\"><div class=\"wpb_wrapper\">\r\n\t<div class=\"bauer-spacer clearfix\" data-desktop=\"94\" data-mobi=\"60\" data-smobi=\"60\"><\/div><div class=\"bauer-content-box clearfix\" ><div class=\"vc-custom-col-inner-spacing clearfix vc-col-inner-spacing-30\"><div class=\"wpb_row vc_inner vc_row-fluid\"><div class=\"wpb_column vc_column_container vc_col-sm-6\"><div class=\"vc_column-inner\"><div class=\"wpb_wrapper\"><div class=\"bauer-single-heading clearfix\" style=\"margin-bottom:25px;\"><span class=\"inner\"><span class=\"heading clearfix\" style=\"font-weight:500;color:#373680;font-size:42px;\">\r\n\t\tBienvenue chez EI Solutions\r\n\t<\/span><\/span><\/div><h2 class=\"bauer-text clearfix\" style=\"font-size:42px;line-height:50px;margin-bottom:32px;\"><\/h2><div class=\"bauer-text clearfix\" style=\"font-size:18px;line-height:30px;color:#414042;margin-bottom:34px;\"><p>Nous comprenons l&#8217;importance de <strong>l&#8217;innovation et du professionnalisme.<\/strong><\/p>\n<p>Fond\u00e9e en 1997, Energy In-Hybrid (EI) Solutions Inc. offre des services complets ax\u00e9s sur la satisfaction totale de ses clients, en mettant l&#8217;accent sur des solutions de conception \u00e9co\u00e9nerg\u00e9tiques.<\/p>\n<p>Chaque projet pr\u00e9sente des caract\u00e9ristiques et des besoins uniques qui exigent une r\u00e9flexion approfondie et une collaboration \u00e9troite. Notre \u00e9quipe d&#8217;experts chevronn\u00e9s du secteur accompagne les \u00e9quipes de conception dans le d\u00e9veloppement de solutions personnalis\u00e9es, avec une capacit\u00e9 et une flexibilit\u00e9 exceptionnelles, pour un service fiable pendant des d\u00e9cennies.<\/p>\n<\/div>\r\n\t<div class=\"bauer-spacer clearfix\" data-desktop=\"60\" data-mobi=\"30\" data-smobi=\"30\"><\/div><div class=\"button-wrap icon-right\" style=\"\" ><a href=\"https:\/\/eisolutions.ca\/fr\/applications\/\" target=\"_self\" class=\"bauer-button btn-1749091328 medium no_icon custom outline solid outline-accent\" style=\"font-size:18px;border-radius:30px;border-width:2px;\"  data-background=\"\" data-text=\"#f35c27\" data-text-hover=\"#ffffff\" data-background-hover=\"#f35c27\">\r\n\t\t<span style=\"\">En savoir plus sur les applications <\/span>\r\n\t<\/a><\/div><\/div><\/div><\/div><div class=\"wpb_column vc_column_container vc_col-sm-6\"><div class=\"vc_column-inner\"><div class=\"wpb_wrapper\">\r\n\t<div class=\"bauer-spacer clearfix\" data-desktop=\"20\" data-mobi=\"20\" data-smobi=\"20\"><\/div><div class=\"bauer-simple-image text-center\" style=\"\" >\r\n\t\t\t<img alt=\"image\" data-src=\"https:\/\/eisolutions.ca\/wp-content\/uploads\/2025\/07\/EI_About-Us-Banner_1200px-V3.jpg\" src=\"data:image\/gif;base64,R0lGODlhAQABAAAAACH5BAEKAAEALAAAAAABAAEAAAICTAEAOw==\" class=\"lazyload\" style=\"--smush-placeholder-width: 1200px; --smush-placeholder-aspect-ratio: 1200\/1200;\" \/> \r\n\t\t<\/div><\/div><\/div><\/div><\/div><\/div><\/div>\r\n\t<div class=\"bauer-spacer clearfix\" data-desktop=\"100\" data-mobi=\"60\" data-smobi=\"60\"><\/div><\/div><\/div><\/div><\/div><\/div><\/section><\/div>","protected":false},"excerpt":{"rendered":"Bienvenue chez EI Solutions Nous comprenons l'importance de l'innovation et du professionnalisme. Fond\u00e9e en 1997, Energy In-Hybrid (EI) Solutions Inc. offre des services complets ax\u00e9s sur la satisfaction totale de ses clients, en mettant l'accent sur des solutions de conception \u00e9co\u00e9nerg\u00e9tiques. Chaque projet pr\u00e9sente des caract\u00e9ristiques et des besoins uniques","protected":false},"author":1,"featured_media":0,"parent":0,"menu_order":0,"comment_status":"closed","ping_status":"closed","template":"","meta":[],"_links":{"self":[{"href":"https:\/\/eisolutions.ca\/fr\/wp-json\/wp\/v2\/pages\/11617"}],"collection":[{"href":"https:\/\/eisolutions.ca\/fr\/wp-json\/wp\/v2\/pages"}],"about":[{"href":"https:\/\/eisolutions.ca\/fr\/wp-json\/wp\/v2\/types\/page"}],"author":[{"embeddable":true,"href":"https:\/\/eisolutions.ca\/fr\/wp-json\/wp\/v2\/users\/1"}],"replies":[{"embeddable":true,"href":"https:\/\/eisolutions.ca\/fr\/wp-json\/wp\/v2\/comments?post=11617"}],"version-history":[{"count":0,"href":"https:\/\/eisolutions.ca\/fr\/wp-json\/wp\/v2\/pages\/11617\/revisions"}],"wp:attachment":[{"href":"https:\/\/eisolutions.ca\/fr\/wp-json\/wp\/v2\/media?parent=11617"}],"curies":[{"name":"wp","href":"https:\/\/api.w.org\/{rel}","templated":true}]}}